{"id":6045,"date":"2025-01-10T10:49:54","date_gmt":"2025-01-10T09:49:54","guid":{"rendered":"https:\/\/compraencieza.es\/?post_type=product&#038;p=6045"},"modified":"2025-01-10T11:06:25","modified_gmt":"2025-01-10T10:06:25","slug":"ziaja-crema-de-manos-coco","status":"publish","type":"product","link":"https:\/\/compraencieza.es\/en\/product\/ziaja-crema-de-manos-coco\/","title":{"rendered":"Ziaja Coconut Hand Cream"},"content":{"rendered":"<p>Crema de manos de coco para todo tipo de pieles, principalmente secas o deshidratadas.<br \/>\nRecomendada a partir de 6 a\u00f1os.<\/p>\n<p>Tratamiento de las pieles expuestas a contactos frecuentes con detergentes, sensibles a factores atmosf\u00e9ricos negativos.<\/p>\n<p>Regenera, ablanda y alisa la piel de las manos. Refuerza las u\u00f1as trabajando para prevenir su divisi\u00f3n y rotura.<\/p>\n<p>Ingredientes activos: l\u00edpidos de nuez de coco, aceite de canola<br \/>\nApta para veganos. Sin gluten.<\/p>\n<p>Modo de empleo: Aplicar sobre la piel limpia con un masaje.<\/p>","protected":false},"excerpt":{"rendered":"<p>Crema de manos de coco para todo tipo de pieles, principalmente secas o deshidratadas. Recomendada a partir de 6 a\u00f1os. Tratamiento de las pieles expuestas a contactos frecuentes con detergentes, sensibles a factores atmosf\u00e9ricos negativos. Regenera, ablanda y alisa la piel de las manos. Refuerza las u\u00f1as trabajando para prevenir su divisi\u00f3n y rotura. Ingredientes [&hellip;]<\/p>","protected":false},"featured_media":6095,"comment_status":"open","ping_status":"closed","template":"","meta":{"_acf_changed":false,"inline_featured_image":false},"product_cat":[105],"product_tag":[],"genre":[],"class_list":{"0":"post-6045","1":"product","2":"type-product","3":"status-publish","4":"has-post-thumbnail","6":"product_cat-salud","8":"first","9":"instock","10":"taxable","11":"shipping-taxable","12":"purchasable","13":"product-type-simple","14":"add-to-wishlist-after_add_to_cart"},"acf":[],"_links":{"self":[{"href":"https:\/\/compraencieza.es\/en\/wp-json\/wp\/v2\/product\/6045","targetHints":{"allow":["GET"]}}],"collection":[{"href":"https:\/\/compraencieza.es\/en\/wp-json\/wp\/v2\/product"}],"about":[{"href":"https:\/\/compraencieza.es\/en\/wp-json\/wp\/v2\/types\/product"}],"replies":[{"embeddable":true,"href":"https:\/\/compraencieza.es\/en\/wp-json\/wp\/v2\/comments?post=6045"}],"wp:featuredmedia":[{"embeddable":true,"href":"https:\/\/compraencieza.es\/en\/wp-json\/wp\/v2\/media\/6095"}],"wp:attachment":[{"href":"https:\/\/compraencieza.es\/en\/wp-json\/wp\/v2\/media?parent=6045"}],"wp:term":[{"taxonomy":"product_cat","embeddable":true,"href":"https:\/\/compraencieza.es\/en\/wp-json\/wp\/v2\/product_cat?post=6045"},{"taxonomy":"product_tag","embeddable":true,"href":"https:\/\/compraencieza.es\/en\/wp-json\/wp\/v2\/product_tag?post=6045"},{"taxonomy":"product_brand","embeddable":true,"href":"https:\/\/compraencieza.es\/en\/wp-json\/wp\/v2\/genre?post=6045"}],"curies":[{"name":"wp","href":"https:\/\/api.w.org\/{rel}","templated":true}]}}