{"id":6048,"date":"2025-01-10T10:49:54","date_gmt":"2025-01-10T09:49:54","guid":{"rendered":"https:\/\/compraencieza.es\/?post_type=product&#038;p=6048"},"modified":"2025-01-10T11:06:25","modified_gmt":"2025-01-10T10:06:25","slug":"ziaja-crema-de-dia-natural-care","status":"publish","type":"product","link":"https:\/\/compraencieza.es\/en\/product\/ziaja-crema-de-dia-natural-care\/","title":{"rendered":"Ziaja Crema de D\u00eda natural care"},"content":{"rendered":"<ol>\n<li>La crema facial de d\u00eda ligera est\u00e1 recomendada para todo tipo de piel, especialmente la piel seca, deshidratada, madura o sensible, a partir de los 12 a\u00f1os.<\/li>\n<\/ol>\n<p>Elaborada con un 99% de ingredientes de origen natural, protege de las agresiones externas y de la deshidrataci\u00f3n, regenera, suaviza, alivia y alisa la epidermis.<br \/>\nAdem\u00e1s, deja una delicada fragancia.<\/p>\n<p>Proporciona un equilibrio hidrolipid\u00edco saludable, mejorando el estado de la piel.<\/p>\n<p>Muy recomendada contra los problemas de la piel asociados al uso prolongado de mascarillas.<\/p>\n<p>Modo de empleo: Aplicar la crema sobre la piel limpia y seca mediante suaves toquecitos hasta su total absorci\u00f3n. Evitar el contorno de los ojos.<\/p>\n<p>Edad recomendada: +12 a\u00f1os<\/p>","protected":false},"excerpt":{"rendered":"<p>La crema facial de d\u00eda ligera est\u00e1 recomendada para todo tipo de piel, especialmente la piel seca, deshidratada, madura o sensible, a partir de los 12 a\u00f1os. Elaborada con un 99% de ingredientes de origen natural, protege de las agresiones externas y de la deshidrataci\u00f3n, regenera, suaviza, alivia y alisa la epidermis. Adem\u00e1s, deja una [&hellip;]<\/p>","protected":false},"featured_media":6098,"comment_status":"open","ping_status":"closed","template":"","meta":{"_acf_changed":false,"inline_featured_image":false},"product_cat":[105],"product_tag":[],"genre":[],"class_list":{"0":"post-6048","1":"product","2":"type-product","3":"status-publish","4":"has-post-thumbnail","6":"product_cat-salud","8":"first","9":"instock","10":"taxable","11":"shipping-taxable","12":"purchasable","13":"product-type-simple","14":"add-to-wishlist-after_add_to_cart"},"acf":[],"_links":{"self":[{"href":"https:\/\/compraencieza.es\/en\/wp-json\/wp\/v2\/product\/6048","targetHints":{"allow":["GET"]}}],"collection":[{"href":"https:\/\/compraencieza.es\/en\/wp-json\/wp\/v2\/product"}],"about":[{"href":"https:\/\/compraencieza.es\/en\/wp-json\/wp\/v2\/types\/product"}],"replies":[{"embeddable":true,"href":"https:\/\/compraencieza.es\/en\/wp-json\/wp\/v2\/comments?post=6048"}],"wp:featuredmedia":[{"embeddable":true,"href":"https:\/\/compraencieza.es\/en\/wp-json\/wp\/v2\/media\/6098"}],"wp:attachment":[{"href":"https:\/\/compraencieza.es\/en\/wp-json\/wp\/v2\/media?parent=6048"}],"wp:term":[{"taxonomy":"product_cat","embeddable":true,"href":"https:\/\/compraencieza.es\/en\/wp-json\/wp\/v2\/product_cat?post=6048"},{"taxonomy":"product_tag","embeddable":true,"href":"https:\/\/compraencieza.es\/en\/wp-json\/wp\/v2\/product_tag?post=6048"},{"taxonomy":"product_brand","embeddable":true,"href":"https:\/\/compraencieza.es\/en\/wp-json\/wp\/v2\/genre?post=6048"}],"curies":[{"name":"wp","href":"https:\/\/api.w.org\/{rel}","templated":true}]}}