{"id":6050,"date":"2025-01-10T10:49:55","date_gmt":"2025-01-10T09:49:55","guid":{"rendered":"https:\/\/compraencieza.es\/?post_type=product&#038;p=6050"},"modified":"2025-01-10T11:06:25","modified_gmt":"2025-01-10T10:06:25","slug":"ziaja-crema-corporal-satinada","status":"publish","type":"product","link":"https:\/\/compraencieza.es\/en\/product\/ziaja-crema-corporal-satinada\/","title":{"rendered":"Ziaja Satin Body Cream"},"content":{"rendered":"<p>Mousse corporal ligera e hidratante con acabado satinado que ofrece una experiencia sensorial \u00fanica.<br \/>\nSuaviza e hidrata la epidermis.<\/p>\n<p>La baya de a\u00e7a\u00ed nutre la piel, estimula la producci\u00f3n natural de col\u00e1geno, combate los radicales libres, y proporciona una hidrataci\u00f3n intensa. Adem\u00e1s, gracias a su contenido de cobre, esta maravillosa fruta ayuda a mantener la pigmentaci\u00f3n de la piel, logrando un tono uniforme y radiante.<\/p>\n<p>Ingredientes principales: baya de Acai, beta glucano, \u00e1cido hialur\u00f3nico, manteca de Karit\u00e9 y vitamina E.<\/p>\n<p>Modo de empleo: Aplicar y masajear la piel hasta su total absorci\u00f3n. En caso de piel excesivamente seca utilizar al menos dos veces al d\u00eda.<\/p>","protected":false},"excerpt":{"rendered":"<p>Mousse corporal ligera e hidratante con acabado satinado que ofrece una experiencia sensorial \u00fanica. Suaviza e hidrata la epidermis. La baya de a\u00e7a\u00ed nutre la piel, estimula la producci\u00f3n natural de col\u00e1geno, combate los radicales libres, y proporciona una hidrataci\u00f3n intensa. Adem\u00e1s, gracias a su contenido de cobre, esta maravillosa fruta ayuda a mantener la [&hellip;]<\/p>","protected":false},"featured_media":6105,"comment_status":"open","ping_status":"closed","template":"","meta":{"_acf_changed":false,"inline_featured_image":false},"product_cat":[105],"product_tag":[],"genre":[],"class_list":{"0":"post-6050","1":"product","2":"type-product","3":"status-publish","4":"has-post-thumbnail","6":"product_cat-salud","8":"first","9":"instock","10":"taxable","11":"shipping-taxable","12":"purchasable","13":"product-type-simple","14":"add-to-wishlist-after_add_to_cart"},"acf":[],"_links":{"self":[{"href":"https:\/\/compraencieza.es\/en\/wp-json\/wp\/v2\/product\/6050","targetHints":{"allow":["GET"]}}],"collection":[{"href":"https:\/\/compraencieza.es\/en\/wp-json\/wp\/v2\/product"}],"about":[{"href":"https:\/\/compraencieza.es\/en\/wp-json\/wp\/v2\/types\/product"}],"replies":[{"embeddable":true,"href":"https:\/\/compraencieza.es\/en\/wp-json\/wp\/v2\/comments?post=6050"}],"wp:featuredmedia":[{"embeddable":true,"href":"https:\/\/compraencieza.es\/en\/wp-json\/wp\/v2\/media\/6105"}],"wp:attachment":[{"href":"https:\/\/compraencieza.es\/en\/wp-json\/wp\/v2\/media?parent=6050"}],"wp:term":[{"taxonomy":"product_cat","embeddable":true,"href":"https:\/\/compraencieza.es\/en\/wp-json\/wp\/v2\/product_cat?post=6050"},{"taxonomy":"product_tag","embeddable":true,"href":"https:\/\/compraencieza.es\/en\/wp-json\/wp\/v2\/product_tag?post=6050"},{"taxonomy":"product_brand","embeddable":true,"href":"https:\/\/compraencieza.es\/en\/wp-json\/wp\/v2\/genre?post=6050"}],"curies":[{"name":"wp","href":"https:\/\/api.w.org\/{rel}","templated":true}]}}