{"id":6051,"date":"2025-01-10T10:49:55","date_gmt":"2025-01-10T09:49:55","guid":{"rendered":"https:\/\/compraencieza.es\/?post_type=product&#038;p=6051"},"modified":"2025-01-10T11:06:25","modified_gmt":"2025-01-10T10:06:25","slug":"ziaja-exfoliante-facial","status":"publish","type":"product","link":"https:\/\/compraencieza.es\/en\/product\/ziaja-exfoliante-facial\/","title":{"rendered":"Ziaja Facial Scrub"},"content":{"rendered":"<p>Gel micelar que limpia y exfolia delicadamente la piel.<\/p>\n<p>Suaviza e hidrata y contiene propiedades antibacterianas.<\/p>\n<p>Restaura el pH fisiol\u00f3gico de la piel.<\/p>\n<p>Adem\u00e1s es un producto biodegradable. No contiene micropl\u00e1sticos.<\/p>\n<p>La baya de a\u00e7a\u00ed nutre la piel, estimula la producci\u00f3n natural de col\u00e1geno, combate los radicales libres, y proporciona una hidrataci\u00f3n intensa. Adem\u00e1s, gracias a su contenido de cobre, esta maravillosa fruta ayuda a mantener la pigmentaci\u00f3n de la piel, logrando un tono uniforme y radiante.<\/p>\n<p>Ingredientes principales: baya de Acai, sulfato de zinc, vitamina C.<\/p>\n<p>Modo de empleo: Aplicar con movimientos circulares hasta crear una espuma, evitando el \u00e1rea de los ojos. Retirar suavemente con agua tibia.<\/p>","protected":false},"excerpt":{"rendered":"<p>Gel micelar que limpia y exfolia delicadamente la piel. Suaviza e hidrata y contiene propiedades antibacterianas. Restaura el pH fisiol\u00f3gico de la piel. Adem\u00e1s es un producto biodegradable. No contiene micropl\u00e1sticos. La baya de a\u00e7a\u00ed nutre la piel, estimula la producci\u00f3n natural de col\u00e1geno, combate los radicales libres, y proporciona una hidrataci\u00f3n intensa. Adem\u00e1s, gracias [&hellip;]<\/p>","protected":false},"featured_media":6106,"comment_status":"open","ping_status":"closed","template":"","meta":{"_acf_changed":false,"inline_featured_image":false},"product_cat":[105],"product_tag":[],"genre":[],"class_list":{"0":"post-6051","1":"product","2":"type-product","3":"status-publish","4":"has-post-thumbnail","6":"product_cat-salud","8":"first","9":"instock","10":"sale","11":"taxable","12":"shipping-taxable","13":"purchasable","14":"product-type-simple","15":"add-to-wishlist-after_add_to_cart"},"acf":[],"_links":{"self":[{"href":"https:\/\/compraencieza.es\/en\/wp-json\/wp\/v2\/product\/6051","targetHints":{"allow":["GET"]}}],"collection":[{"href":"https:\/\/compraencieza.es\/en\/wp-json\/wp\/v2\/product"}],"about":[{"href":"https:\/\/compraencieza.es\/en\/wp-json\/wp\/v2\/types\/product"}],"replies":[{"embeddable":true,"href":"https:\/\/compraencieza.es\/en\/wp-json\/wp\/v2\/comments?post=6051"}],"wp:featuredmedia":[{"embeddable":true,"href":"https:\/\/compraencieza.es\/en\/wp-json\/wp\/v2\/media\/6106"}],"wp:attachment":[{"href":"https:\/\/compraencieza.es\/en\/wp-json\/wp\/v2\/media?parent=6051"}],"wp:term":[{"taxonomy":"product_cat","embeddable":true,"href":"https:\/\/compraencieza.es\/en\/wp-json\/wp\/v2\/product_cat?post=6051"},{"taxonomy":"product_tag","embeddable":true,"href":"https:\/\/compraencieza.es\/en\/wp-json\/wp\/v2\/product_tag?post=6051"},{"taxonomy":"product_brand","embeddable":true,"href":"https:\/\/compraencieza.es\/en\/wp-json\/wp\/v2\/genre?post=6051"}],"curies":[{"name":"wp","href":"https:\/\/api.w.org\/{rel}","templated":true}]}}