{"id":6058,"date":"2025-01-10T10:50:16","date_gmt":"2025-01-10T09:50:16","guid":{"rendered":"https:\/\/compraencieza.es\/?post_type=product&#038;p=6058"},"modified":"2025-01-10T11:06:25","modified_gmt":"2025-01-10T10:06:25","slug":"pack-manuka-piel-grasa-ziaja-crema-de-dia-tonico","status":"publish","type":"product","link":"https:\/\/compraencieza.es\/en\/product\/pack-manuka-piel-grasa-ziaja-crema-de-dia-tonico\/","title":{"rendered":"Pack manuka oily skin Ziaja Day cream + tonic"},"content":{"rendered":"<p>Crema hidratante normalizadora y purificante con protecci\u00f3n solar SPF 10 para el cuidado diario de la piel mixta y grasa.<\/p>\n<p>&#8211; Reduce eficazmente las imperfecciones de la piel.<br \/>\n&#8211; Regula las gl\u00e1ndulas seb\u00e1ceas.<br \/>\n&#8211; Reduce la grasa y proporciona un efecto matificante.<br \/>\n&#8211; Reduce los puntos negros y previene su formaci\u00f3n.<br \/>\n&#8211; Hidrata y calma irritaciones.<br \/>\n&#8211; Iguala el tono de la piel.<\/p>\n<p>Indicada a partir de 12 a\u00f1os.<\/p>\n<p>Ingredientes activos profundamente purificantes: extracto de hojas de manuka, gluconato de zinc calmante, \u00e1cido olean\u00f3lico normalizante.<\/p>\n<p>Ingredientes activos profundamente hidratantes: Sal de \u00e1cido hialur\u00f3nico biodisponible, alga marr\u00f3n Laminaria ochloreuca.<\/p>\n<p>Ingredientes activos protectores y correctores: Filtros UVA \/ UVB foto estables, pigmentos suavizantes y equilibrantes.<\/p>\n<p>Apta para veganos.<\/p>\n<p>Modo de empleo: Aplicar sobre la piel limpia y seca mediante suaves palmaditas.<\/p>","protected":false},"excerpt":{"rendered":"<p>Crema hidratante normalizadora y purificante con protecci\u00f3n solar SPF 10 para el cuidado diario de la piel mixta y grasa. &#8211; Reduce eficazmente las imperfecciones de la piel. &#8211; Regula las gl\u00e1ndulas seb\u00e1ceas. &#8211; Reduce la grasa y proporciona un efecto matificante. &#8211; Reduce los puntos negros y previene su formaci\u00f3n. &#8211; Hidrata y calma [&hellip;]<\/p>","protected":false},"featured_media":6108,"comment_status":"open","ping_status":"closed","template":"","meta":{"_acf_changed":false,"inline_featured_image":false},"product_cat":[105],"product_tag":[],"genre":[],"class_list":{"0":"post-6058","1":"product","2":"type-product","3":"status-publish","4":"has-post-thumbnail","6":"product_cat-salud","8":"first","9":"instock","10":"taxable","11":"shipping-taxable","12":"purchasable","13":"product-type-simple","14":"add-to-wishlist-after_add_to_cart"},"acf":[],"_links":{"self":[{"href":"https:\/\/compraencieza.es\/en\/wp-json\/wp\/v2\/product\/6058","targetHints":{"allow":["GET"]}}],"collection":[{"href":"https:\/\/compraencieza.es\/en\/wp-json\/wp\/v2\/product"}],"about":[{"href":"https:\/\/compraencieza.es\/en\/wp-json\/wp\/v2\/types\/product"}],"replies":[{"embeddable":true,"href":"https:\/\/compraencieza.es\/en\/wp-json\/wp\/v2\/comments?post=6058"}],"wp:featuredmedia":[{"embeddable":true,"href":"https:\/\/compraencieza.es\/en\/wp-json\/wp\/v2\/media\/6108"}],"wp:attachment":[{"href":"https:\/\/compraencieza.es\/en\/wp-json\/wp\/v2\/media?parent=6058"}],"wp:term":[{"taxonomy":"product_cat","embeddable":true,"href":"https:\/\/compraencieza.es\/en\/wp-json\/wp\/v2\/product_cat?post=6058"},{"taxonomy":"product_tag","embeddable":true,"href":"https:\/\/compraencieza.es\/en\/wp-json\/wp\/v2\/product_tag?post=6058"},{"taxonomy":"product_brand","embeddable":true,"href":"https:\/\/compraencieza.es\/en\/wp-json\/wp\/v2\/genre?post=6058"}],"curies":[{"name":"wp","href":"https:\/\/api.w.org\/{rel}","templated":true}]}}