{"id":6059,"date":"2025-01-10T10:50:16","date_gmt":"2025-01-10T09:50:16","guid":{"rendered":"https:\/\/compraencieza.es\/?post_type=product&#038;p=6059"},"modified":"2025-01-10T11:06:25","modified_gmt":"2025-01-10T10:06:25","slug":"ziaja-espuma-limpiadora-piel-sensible","status":"publish","type":"product","link":"https:\/\/compraencieza.es\/en\/product\/ziaja-espuma-limpiadora-piel-sensible\/","title":{"rendered":"Ziaja Cleansing Foam for Sensitive Skin"},"content":{"rendered":"<p>Limpiador facial en espuma para pieles sensibles y propensas al enrojecimiento.<\/p>\n<p>Limpia suave y eficazmente la piel hidrat\u00e1ndola durante el lavado. Capaz de retirar el sebo y el maquillaje.<\/p>\n<p>Piel limpia, suave y con un agradable aroma.<br \/>\nApto para usuarios de lentes de contacto para limpiar el rostro, no es un desmaquillante de ojos.<\/p>\n<p>Contiene un 90% de ingredientes de origen natural, sin aceite y con fragancia suave.<\/p>\n<p>Enriquecido con alanto\u00edna, lactato de sodio, \u00e1cido l\u00e1ctico, PCA, provitamina B5 y extracto de Eufrasia.<\/p>\n<p>Son veganos y son aptos para los distintos tipos de piel.<\/p>\n<p>MODO DE EMPLEO: Aplicar espuma en las manos y lavar suavemente el rostro. Enjuagar con agua tibia. Utilizar ma\u00f1ana y tarde.<\/p>\n<p>\u00a1Vegano!<\/p>","protected":false},"excerpt":{"rendered":"<p>Limpiador facial en espuma para pieles sensibles y propensas al enrojecimiento. Limpia suave y eficazmente la piel hidrat\u00e1ndola durante el lavado. Capaz de retirar el sebo y el maquillaje. Piel limpia, suave y con un agradable aroma. Apto para usuarios de lentes de contacto para limpiar el rostro, no es un desmaquillante de ojos. Contiene [&hellip;]<\/p>","protected":false},"featured_media":6109,"comment_status":"open","ping_status":"closed","template":"","meta":{"_acf_changed":false,"inline_featured_image":false},"product_cat":[105],"product_tag":[],"genre":[],"class_list":{"0":"post-6059","1":"product","2":"type-product","3":"status-publish","4":"has-post-thumbnail","6":"product_cat-salud","8":"first","9":"instock","10":"taxable","11":"shipping-taxable","12":"purchasable","13":"product-type-simple","14":"add-to-wishlist-after_add_to_cart"},"acf":[],"_links":{"self":[{"href":"https:\/\/compraencieza.es\/en\/wp-json\/wp\/v2\/product\/6059","targetHints":{"allow":["GET"]}}],"collection":[{"href":"https:\/\/compraencieza.es\/en\/wp-json\/wp\/v2\/product"}],"about":[{"href":"https:\/\/compraencieza.es\/en\/wp-json\/wp\/v2\/types\/product"}],"replies":[{"embeddable":true,"href":"https:\/\/compraencieza.es\/en\/wp-json\/wp\/v2\/comments?post=6059"}],"wp:featuredmedia":[{"embeddable":true,"href":"https:\/\/compraencieza.es\/en\/wp-json\/wp\/v2\/media\/6109"}],"wp:attachment":[{"href":"https:\/\/compraencieza.es\/en\/wp-json\/wp\/v2\/media?parent=6059"}],"wp:term":[{"taxonomy":"product_cat","embeddable":true,"href":"https:\/\/compraencieza.es\/en\/wp-json\/wp\/v2\/product_cat?post=6059"},{"taxonomy":"product_tag","embeddable":true,"href":"https:\/\/compraencieza.es\/en\/wp-json\/wp\/v2\/product_tag?post=6059"},{"taxonomy":"product_brand","embeddable":true,"href":"https:\/\/compraencieza.es\/en\/wp-json\/wp\/v2\/genre?post=6059"}],"curies":[{"name":"wp","href":"https:\/\/api.w.org\/{rel}","templated":true}]}}