{"id":6061,"date":"2025-01-10T10:50:16","date_gmt":"2025-01-10T09:50:16","guid":{"rendered":"https:\/\/compraencieza.es\/?post_type=product&#038;p=6061"},"modified":"2025-01-10T11:06:25","modified_gmt":"2025-01-10T10:06:25","slug":"ziaja-exfoliante-facial-2","status":"publish","type":"product","link":"https:\/\/compraencieza.es\/en\/product\/ziaja-exfoliante-facial-2\/","title":{"rendered":"Ziaja Facial Scrub"},"content":{"rendered":"<p>Gel exfoliante facial activo para todo tipo de pieles, basado en las propiedades exfoliantes de la vitamina C y la vitamina B3.<\/p>\n<p>Este producto combina la potencia de la Vitamina C y la Niacinamida, cuya sinergia ilumina la piel, reduce la apariencia de manchas oscuras, minimiza los poros y mejora la textura general de la piel.<\/p>\n<p>&#8211; Limpia suavemente y exfolia las c\u00e9lulas epid\u00e9rmicas.<br \/>\n&#8211; Suaviza y fortalece el estado de la piel.<br \/>\n&#8211; Unifica el tono de la piel.<br \/>\n&#8211; Aporta luminosidad y un aspecto saludable.<br \/>\n&#8211; No contiene part\u00edculas o micro gr\u00e1nulos, \u00e1cidos frutales, ni encimas.<br \/>\n&#8211; Edad recomendada: a partir de 20 a\u00f1os<\/p>\n<p>Ingredientes principales: niacinamida, vitamina C, vitamina E, prote\u00ednas de arroz hidrolizadas, aceite de camelia japonesa, vitamina B5, B6.<br \/>\nApto a partir de 20 a\u00f1os.<\/p>\n<p>DIRECTIONS FOR USE:<br \/>\nAplicar sobre la piel limpia del rostro. Masajear suavemente. Dejar actuar 5-10 minutos. Retirar el exceso con un algod\u00f3n o enjuagar suavemente. Utilizar 2-3 veces por semana.<\/p>\n<p>L\u00ednea Vitamina C.B3 Niacinamida: Una selecci\u00f3n de 8 cosm\u00e9ticos veganos para el cuidado del rostro y el cuerpo dise\u00f1ados con la tendencia flash effect, es decir, una revitalizaci\u00f3n intensiva de la piel basada en rituales cortos y sin m\u00faltiples etapas que pueden realizarse por la ma\u00f1ana despu\u00e9s de despertarse y antes de acostarse como parte de la regeneraci\u00f3n nocturna de la piel.<\/p>","protected":false},"excerpt":{"rendered":"<p>Gel exfoliante facial activo para todo tipo de pieles, basado en las propiedades exfoliantes de la vitamina C y la vitamina B3. Este producto combina la potencia de la Vitamina C y la Niacinamida, cuya sinergia ilumina la piel, reduce la apariencia de manchas oscuras, minimiza los poros y mejora la textura general de la [&hellip;]<\/p>","protected":false},"featured_media":6117,"comment_status":"open","ping_status":"closed","template":"","meta":{"_acf_changed":false,"inline_featured_image":false},"product_cat":[105],"product_tag":[],"genre":[],"class_list":{"0":"post-6061","1":"product","2":"type-product","3":"status-publish","4":"has-post-thumbnail","6":"product_cat-salud","8":"first","9":"instock","10":"taxable","11":"shipping-taxable","12":"purchasable","13":"product-type-simple","14":"add-to-wishlist-after_add_to_cart"},"acf":[],"_links":{"self":[{"href":"https:\/\/compraencieza.es\/en\/wp-json\/wp\/v2\/product\/6061","targetHints":{"allow":["GET"]}}],"collection":[{"href":"https:\/\/compraencieza.es\/en\/wp-json\/wp\/v2\/product"}],"about":[{"href":"https:\/\/compraencieza.es\/en\/wp-json\/wp\/v2\/types\/product"}],"replies":[{"embeddable":true,"href":"https:\/\/compraencieza.es\/en\/wp-json\/wp\/v2\/comments?post=6061"}],"wp:featuredmedia":[{"embeddable":true,"href":"https:\/\/compraencieza.es\/en\/wp-json\/wp\/v2\/media\/6117"}],"wp:attachment":[{"href":"https:\/\/compraencieza.es\/en\/wp-json\/wp\/v2\/media?parent=6061"}],"wp:term":[{"taxonomy":"product_cat","embeddable":true,"href":"https:\/\/compraencieza.es\/en\/wp-json\/wp\/v2\/product_cat?post=6061"},{"taxonomy":"product_tag","embeddable":true,"href":"https:\/\/compraencieza.es\/en\/wp-json\/wp\/v2\/product_tag?post=6061"},{"taxonomy":"product_brand","embeddable":true,"href":"https:\/\/compraencieza.es\/en\/wp-json\/wp\/v2\/genre?post=6061"}],"curies":[{"name":"wp","href":"https:\/\/api.w.org\/{rel}","templated":true}]}}