{"id":6070,"date":"2025-01-10T10:50:37","date_gmt":"2025-01-10T09:50:37","guid":{"rendered":"https:\/\/compraencieza.es\/?post_type=product&#038;p=6070"},"modified":"2025-01-10T11:06:25","modified_gmt":"2025-01-10T10:06:25","slug":"ziaja-crema-de-dia-c-b3-niacinamida","status":"publish","type":"product","link":"https:\/\/compraencieza.es\/en\/product\/ziaja-crema-de-dia-c-b3-niacinamida\/","title":{"rendered":"Ziaja Crema de D\u00eda C.B3 Niacinamida"},"content":{"rendered":"<div id=\"main-product-wrapper\">\n<div class=\"tabs product-tabs\">\n<div id=\"product-infos-tabs-content\" class=\"tab-content\">\n<div id=\"description\" class=\"tab-pane in active\">\n<div class=\"product-description\">\n<div class=\"rte-content\">\n<p>Crema facial de f\u00f3rmula ligera con acabado satinado. Boost de energ\u00eda matutina para despertar la piel y revitalizarla.<\/p>\n<p>Este producto combina la potencia de la Vitamina C y la Niacinamida, cuya sinergia ilumina la piel, reduce la apariencia de manchas oscuras, minimiza los poros y mejora la textura general de la piel.<\/p>\n<p>&#8211; Contiene vitaminas energizantes e hidratantes.<br \/>\n&#8211; Revitaliza, alisa e hidrata la epidermis.<br \/>\n&#8211; Unifica el tono de la piel y aporta un brillo juvenil.<br \/>\n&#8211; Booster para activar la piel por la ma\u00f1ana, dosis de energ\u00eda para el rostro.<br \/>\n&#8211; Acabado satinado.<\/p>\n<p>Ingredientes principales: niacinamida, vitamina C, manteca de karit\u00e9, prote\u00ednas de arroz hidrolizadas, aceite de camelia japonesa, vitaminas B5, B6, E.<br \/>\nApta a partir de 20 a\u00f1os.<\/p>\n<p>DIRECTIONS FOR USE:<br \/>\nAplicar una peque\u00f1a cantidad de crema sobre la piel del rostro y dejar hasta su absorci\u00f3n.<br \/>\nApta para antes del maquillaje. Se combina bien con la base de maquillaje.<br \/>\nPuede utilizarse varias veces al d\u00eda.<\/p>\n<p>L\u00ednea Vitamina C.B3 Niacinamida: Una selecci\u00f3n de 8 cosm\u00e9ticos veganos para el cuidado del rostro y el cuerpo dise\u00f1ados con la tendencia flash effect, es decir, una revitalizaci\u00f3n intensiva de la piel basada en rituales cortos y sin m\u00faltiples etapas que pueden realizarse por la ma\u00f1ana despu\u00e9s de despertarse y antes de acostarse como parte de la regeneraci\u00f3n nocturna de la piel.<\/p>\n<\/div>\n<\/div>\n<\/div>\n<div id=\"product-details-tab\" class=\"tab-pane\">\n<div id=\"product-details\" class=\"clearfix\" style=\"box-sizing: border-box;\" data-product=\"{&quot;id_shop_default&quot;:&quot;1&quot;,&quot;id_manufacturer&quot;:&quot;4&quot;,&quot;id_supplier&quot;:&quot;3&quot;,&quot;reference&quot;:&quot;ZNI15936&quot;,&quot;is_virtual&quot;:&quot;0&quot;,&quot;delivery_in_stock&quot;:&quot;&quot;,&quot;delivery_out_stock&quot;:&quot;&quot;,&quot;id_category_default&quot;:&quot;1489&quot;,&quot;on_sale&quot;:&quot;0&quot;,&quot;online_only&quot;:&quot;0&quot;,&quot;ecotax&quot;:0,&quot;minimal_quantity&quot;:&quot;1&quot;,&quot;low_stock_threshold&quot;:null,&quot;low_stock_alert&quot;:&quot;0&quot;,&quot;price&quot;:&quot;4,24u00a0u20ac&quot;,&quot;unity&quot;:&quot;&quot;,&quot;unit_price_ratio&quot;:&quot;0.000000&quot;,&quot;additional_shipping_cost&quot;:&quot;0.00&quot;,&quot;customizable&quot;:&quot;0&quot;,&quot;text_fields&quot;:&quot;0&quot;,&quot;uploadable_files&quot;:&quot;0&quot;,&quot;redirect_type&quot;:&quot;404&quot;,&quot;id_type_redirected&quot;:&quot;0&quot;,&quot;available_for_order&quot;:&quot;1&quot;,&quot;available_date&quot;:&quot;0000-00-00&quot;,&quot;show_condition&quot;:&quot;&quot;,&quot;condition&quot;:&quot;new&quot;,&quot;show_price&quot;:&quot;1&quot;,&quot;indexed&quot;:&quot;1&quot;,&quot;visibility&quot;:&quot;both&quot;,&quot;cache_default_attribute&quot;:&quot;0&quot;,&quot;advanced_stock_management&quot;:&quot;0&quot;,&quot;date_add&quot;:&quot;2023-05-30 07:31:35&quot;,&quot;date_upd&quot;:&quot;2024-10-15 10:14:51&quot;,&quot;pack_stock_type&quot;:&quot;3&quot;,&quot;meta_description&quot;:&quot;Crema facial de fu00f3rmula ligera con acabado satinado. Boost de energu00eda matutina para despertar la piel y revitalizarla.&quot;,&quot;meta_keywords&quot;:&quot;ZIAJA VITAMINA C.B3 NIACINAMIDA Crema facial de du00eda revitalizante Wake Me Up&quot;,&quot;meta_title&quot;:&quot;VITAMINA C.B3 NIACINAMIDA Crema facial de du00eda revitalizante Wake Me...&quot;,&quot;link_rewrite&quot;:&quot;ziaja-vitamina-cb3-niacinamida-crema-facial-de-dia-revitalizante-wake-me-up&quot;,&quot;name&quot;:&quot;VITAMINA C.B3 NIACINAMIDA Crema facial de du00eda revitalizante Wake Me Up&quot;,&quot;description&quot;:&quot;&lt;p&gt;Crema facial de fu00f3rmula ligera con acabado satinado. Boost de energu00eda matutina para despertar la piel y revitalizarla.&lt;br&gt;&lt;br&gt;Este producto combina la potencia de la Vitamina C y la Niacinamida, cuya sinergia ilumina la piel, reduce la apariencia de manchas oscuras, minimiza los poros y mejora la textura general de la piel.&lt;br&gt;&lt;br&gt;- Contiene vitaminas energizantes e hidratantes. &lt;br&gt;- Revitaliza, alisa e hidrata la epidermis.&lt;br&gt;- Unifica el tono de la piel y aporta un brillo juvenil. &lt;br&gt;- Booster para activar la piel por la mau00f1ana, dosis de energu00eda para el rostro.&lt;br&gt;- Acabado satinado.&lt;br&gt;&lt;br&gt;Ingredientes principales: niacinamida, vitamina C, manteca de karitu00e9, proteu00ednas de arroz hidrolizadas, aceite de camelia japonesa, vitaminas B5, B6, E.&lt;br&gt;Apta a partir de 20 au00f1os.&lt;br&gt;&lt;br&gt;MODO DE EMPLEO: &lt;br&gt;Aplicar una pequeu00f1a cantidad de crema sobre la piel del rostro y dejar hasta su absorciu00f3n.&lt;br&gt;Apta para antes del maquillaje. Se combina bien con la base de maquillaje.&lt;br&gt;Puede utilizarse varias veces al du00eda. &lt;br&gt;&lt;br&gt;&lt;br&gt;Lu00ednea Vitamina C.B3 Niacinamida: Una selecciu00f3n de 8 cosmu00e9ticos veganos para el cuidado del rostro y el cuerpo diseu00f1ados con la tendencia flash effect, es decir, una revitalizaciu00f3n intensiva de la piel basada en rituales cortos y sin mu00faltiples etapas que pueden realizarse por la mau00f1ana despuu00e9s de despertarse y antes de acostarse como parte de la regeneraciu00f3n nocturna de la piel.&lt;br&gt;&lt;\/p&gt;&quot;,&quot;description_short&quot;:&quot;r\\nCrema facial de fu00f3rmula ligera con acabado satinado. Boost de energu00eda matutina para despertar la piel y revitalizarla.&quot;,&quot;available_now&quot;:&quot;&quot;,&quot;available_later&quot;:&quot;&quot;,&quot;id&quot;:48399,&quot;id_product&quot;:48399,&quot;out_of_stock&quot;:2,&quot;new&quot;:0,&quot;id_product_attribute&quot;:&quot;0&quot;,&quot;quantity_wanted&quot;:1,&quot;extraContent&quot;:[],&quot;allow_oosp&quot;:0,&quot;category&quot;:&quot;cremas-de-dia&quot;,&quot;category_name&quot;:&quot;Cremas de du00eda&quot;,&quot;link&quot;:&quot;https:\/\/ziajashop.es\/48399-ziaja-vitamina-cb3-niacinamida-crema-facial-de-dia-revitalizante-wake-me-up.html&quot;,&quot;attribute_price&quot;:0,&quot;price_tax_exc&quot;:3.505372,&quot;price_without_reduction&quot;:4.99,&quot;reduction&quot;:0.7485,&quot;specific_prices&quot;:{&quot;id_specific_price&quot;:&quot;3809965&quot;,&quot;id_specific_price_rule&quot;:&quot;327&quot;,&quot;id_cart&quot;:&quot;0&quot;,&quot;id_product&quot;:&quot;48399&quot;,&quot;id_shop&quot;:&quot;10&quot;,&quot;id_shop_group&quot;:&quot;0&quot;,&quot;id_currency&quot;:&quot;0&quot;,&quot;id_country&quot;:&quot;0&quot;,&quot;id_group&quot;:&quot;0&quot;,&quot;id_customer&quot;:&quot;0&quot;,&quot;id_product_attribute&quot;:&quot;0&quot;,&quot;price&quot;:&quot;-1.000000&quot;,&quot;from_quantity&quot;:&quot;1&quot;,&quot;reduction&quot;:&quot;0.150000&quot;,&quot;reduction_tax&quot;:&quot;1&quot;,&quot;reduction_type&quot;:&quot;percentage&quot;,&quot;from&quot;:&quot;2024-10-16 00:00:00&quot;,&quot;to&quot;:&quot;2024-10-31 23:59:00&quot;,&quot;score&quot;:&quot;48&quot;},&quot;quantity&quot;:5446,&quot;quantity_all_versions&quot;:5446,&quot;id_image&quot;:&quot;es-default&quot;,&quot;features&quot;:[{&quot;name&quot;:&quot;Capacidad&quot;,&quot;value&quot;:&quot;50ml&quot;,&quot;id_feature&quot;:&quot;1&quot;,&quot;position&quot;:&quot;8&quot;},{&quot;name&quot;:&quot;Tipo de piel&quot;,&quot;value&quot;:&quot;madura&quot;,&quot;id_feature&quot;:&quot;18&quot;,&quot;position&quot;:&quot;19&quot;},{&quot;name&quot;:&quot;Tipo de piel&quot;,&quot;value&quot;:&quot;deshidratada&quot;,&quot;id_feature&quot;:&quot;18&quot;,&quot;position&quot;:&quot;19&quot;},{&quot;name&quot;:&quot;Tipo de piel&quot;,&quot;value&quot;:&quot;seca&quot;,&quot;id_feature&quot;:&quot;18&quot;,&quot;position&quot;:&quot;19&quot;},{&quot;name&quot;:&quot;Lu00ednea&quot;,&quot;value&quot;:&quot;Vitamina C.B3 Niacinamida&quot;,&quot;id_feature&quot;:&quot;35&quot;,&quot;position&quot;:&quot;23&quot;},{&quot;name&quot;:&quot;Caracteru00edstica&quot;,&quot;value&quot;:&quot;Vegano&quot;,&quot;id_feature&quot;:&quot;33&quot;,&quot;position&quot;:&quot;24&quot;},{&quot;name&quot;:&quot;Edad&quot;,&quot;value&quot;:&quot;+20 au00f1os&quot;,&quot;id_feature&quot;:&quot;38&quot;,&quot;position&quot;:&quot;25&quot;}],&quot;attachments&quot;:[],&quot;virtual&quot;:0,&quot;pack&quot;:0,&quot;packItems&quot;:[],&quot;nopackprice&quot;:0,&quot;customization_required&quot;:false,&quot;rate&quot;:21,&quot;tax_name&quot;:&quot;IVA ES 21%&quot;,&quot;ecotax_rate&quot;:0,&quot;unit_price&quot;:&quot;&quot;,&quot;customizations&quot;:{&quot;fields&quot;:[]},&quot;id_customization&quot;:0,&quot;is_customizable&quot;:false,&quot;show_quantities&quot;:false,&quot;quantity_label&quot;:&quot;Artu00edculos&quot;,&quot;quantity_discounts&quot;:[],&quot;customer_group_discount&quot;:0,&quot;images&quot;:[{&quot;bySize&quot;:{&quot;small_default&quot;:{&quot;url&quot;:&quot;https:\/\/ziajashop.es\/15000-small_default\/ziaja-vitamina-cb3-niacinamida-crema-facial-de-dia-revitalizante-wake-me-up.jpg&quot;,&quot;width&quot;:98,&quot;height&quot;:127},&quot;cart_default&quot;:{&quot;url&quot;:&quot;https:\/\/ziajashop.es\/15000-cart_default\/ziaja-vitamina-cb3-niacinamida-crema-facial-de-dia-revitalizante-wake-me-up.jpg&quot;,&quot;width&quot;:125,&quot;height&quot;:162},&quot;large_default&quot;:{&quot;url&quot;:&quot;https:\/\/ziajashop.es\/15000-large_default\/ziaja-vitamina-cb3-niacinamida-crema-facial-de-dia-revitalizante-wake-me-up.jpg&quot;,&quot;width&quot;:381,&quot;height&quot;:492},&quot;medium_default&quot;:{&quot;url&quot;:&quot;https:\/\/ziajashop.es\/15000-medium_default\/ziaja-vitamina-cb3-niacinamida-crema-facial-de-dia-revitalizante-wake-me-up.jpg&quot;,&quot;width&quot;:452,&quot;height&quot;:584},&quot;home_default&quot;:{&quot;url&quot;:&quot;https:\/\/ziajashop.es\/15000-home_default\/ziaja-vitamina-cb3-niacinamida-crema-facial-de-dia-revitalizante-wake-me-up.jpg&quot;,&quot;width&quot;:800,&quot;height&quot;:800},&quot;thickbox_default&quot;:{&quot;url&quot;:&quot;https:\/\/ziajashop.es\/15000-thickbox_default\/ziaja-vitamina-cb3-niacinamida-crema-facial-de-dia-revitalizante-wake-me-up.jpg&quot;,&quot;width&quot;:1100,&quot;height&quot;:1422}},&quot;small&quot;:{&quot;url&quot;:&quot;https:\/\/ziajashop.es\/15000-small_default\/ziaja-vitamina-cb3-niacinamida-crema-facial-de-dia-revitalizante-wake-me-up.jpg&quot;,&quot;width&quot;:98,&quot;height&quot;:127},&quot;medium&quot;:{&quot;url&quot;:&quot;https:\/\/ziajashop.es\/15000-medium_default\/ziaja-vitamina-cb3-niacinamida-crema-facial-de-dia-revitalizante-wake-me-up.jpg&quot;,&quot;width&quot;:452,&quot;height&quot;:584},&quot;large&quot;:{&quot;url&quot;:&quot;https:\/\/ziajashop.es\/15000-thickbox_default\/ziaja-vitamina-cb3-niacinamida-crema-facial-de-dia-revitalizante-wake-me-up.jpg&quot;,&quot;width&quot;:1100,&quot;height&quot;:1422},&quot;legend&quot;:&quot;&quot;,&quot;cover&quot;:&quot;1&quot;,&quot;id_image&quot;:&quot;15000&quot;,&quot;position&quot;:&quot;1&quot;,&quot;associatedVariants&quot;:[]},{&quot;bySize&quot;:{&quot;small_default&quot;:{&quot;url&quot;:&quot;https:\/\/ziajashop.es\/20429-small_default\/ziaja-vitamina-cb3-niacinamida-crema-facial-de-dia-revitalizante-wake-me-up.jpg&quot;,&quot;width&quot;:98,&quot;height&quot;:127},&quot;cart_default&quot;:{&quot;url&quot;:&quot;https:\/\/ziajashop.es\/20429-cart_default\/ziaja-vitamina-cb3-niacinamida-crema-facial-de-dia-revitalizante-wake-me-up.jpg&quot;,&quot;width&quot;:125,&quot;height&quot;:162},&quot;large_default&quot;:{&quot;url&quot;:&quot;https:\/\/ziajashop.es\/20429-large_default\/ziaja-vitamina-cb3-niacinamida-crema-facial-de-dia-revitalizante-wake-me-up.jpg&quot;,&quot;width&quot;:381,&quot;height&quot;:492},&quot;medium_default&quot;:{&quot;url&quot;:&quot;https:\/\/ziajashop.es\/20429-medium_default\/ziaja-vitamina-cb3-niacinamida-crema-facial-de-dia-revitalizante-wake-me-up.jpg&quot;,&quot;width&quot;:452,&quot;height&quot;:584},&quot;home_default&quot;:{&quot;url&quot;:&quot;https:\/\/ziajashop.es\/20429-home_default\/ziaja-vitamina-cb3-niacinamida-crema-facial-de-dia-revitalizante-wake-me-up.jpg&quot;,&quot;width&quot;:800,&quot;height&quot;:800},&quot;thickbox_default&quot;:{&quot;url&quot;:&quot;https:\/\/ziajashop.es\/20429-thickbox_default\/ziaja-vitamina-cb3-niacinamida-crema-facial-de-dia-revitalizante-wake-me-up.jpg&quot;,&quot;width&quot;:1100,&quot;height&quot;:1422}},&quot;small&quot;:{&quot;url&quot;:&quot;https:\/\/ziajashop.es\/20429-small_default\/ziaja-vitamina-cb3-niacinamida-crema-facial-de-dia-revitalizante-wake-me-up.jpg&quot;,&quot;width&quot;:98,&quot;height&quot;:127},&quot;medium&quot;:{&quot;url&quot;:&quot;https:\/\/ziajashop.es\/20429-medium_default\/ziaja-vitamina-cb3-niacinamida-crema-facial-de-dia-revitalizante-wake-me-up.jpg&quot;,&quot;width&quot;:452,&quot;height&quot;:584},&quot;large&quot;:{&quot;url&quot;:&quot;https:\/\/ziajashop.es\/20429-thickbox_default\/ziaja-vitamina-cb3-niacinamida-crema-facial-de-dia-revitalizante-wake-me-up.jpg&quot;,&quot;width&quot;:1100,&quot;height&quot;:1422},&quot;legend&quot;:&quot;&quot;,&quot;cover&quot;:null,&quot;id_image&quot;:&quot;20429&quot;,&quot;position&quot;:&quot;2&quot;,&quot;associatedVariants&quot;:[]},{&quot;bySize&quot;:{&quot;small_default&quot;:{&quot;url&quot;:&quot;https:\/\/ziajashop.es\/20432-small_default\/ziaja-vitamina-cb3-niacinamida-crema-facial-de-dia-revitalizante-wake-me-up.jpg&quot;,&quot;width&quot;:98,&quot;height&quot;:127},&quot;cart_default&quot;:{&quot;url&quot;:&quot;https:\/\/ziajashop.es\/20432-cart_default\/ziaja-vitamina-cb3-niacinamida-crema-facial-de-dia-revitalizante-wake-me-up.jpg&quot;,&quot;width&quot;:125,&quot;height&quot;:162},&quot;large_default&quot;:{&quot;url&quot;:&quot;https:\/\/ziajashop.es\/20432-large_default\/ziaja-vitamina-cb3-niacinamida-crema-facial-de-dia-revitalizante-wake-me-up.jpg&quot;,&quot;width&quot;:381,&quot;height&quot;:492},&quot;medium_default&quot;:{&quot;url&quot;:&quot;https:\/\/ziajashop.es\/20432-medium_default\/ziaja-vitamina-cb3-niacinamida-crema-facial-de-dia-revitalizante-wake-me-up.jpg&quot;,&quot;width&quot;:452,&quot;height&quot;:584},&quot;home_default&quot;:{&quot;url&quot;:&quot;https:\/\/ziajashop.es\/20432-home_default\/ziaja-vitamina-cb3-niacinamida-crema-facial-de-dia-revitalizante-wake-me-up.jpg&quot;,&quot;width&quot;:800,&quot;height&quot;:800},&quot;thickbox_default&quot;:{&quot;url&quot;:&quot;https:\/\/ziajashop.es\/20432-thickbox_default\/ziaja-vitamina-cb3-niacinamida-crema-facial-de-dia-revitalizante-wake-me-up.jpg&quot;,&quot;width&quot;:1100,&quot;height&quot;:1422}},&quot;small&quot;:{&quot;url&quot;:&quot;https:\/\/ziajashop.es\/20432-small_default\/ziaja-vitamina-cb3-niacinamida-crema-facial-de-dia-revitalizante-wake-me-up.jpg&quot;,&quot;width&quot;:98,&quot;height&quot;:127},&quot;medium&quot;:{&quot;url&quot;:&quot;https:\/\/ziajashop.es\/20432-medium_default\/ziaja-vitamina-cb3-niacinamida-crema-facial-de-dia-revitalizante-wake-me-up.jpg&quot;,&quot;width&quot;:452,&quot;height&quot;:584},&quot;large&quot;:{&quot;url&quot;:&quot;https:\/\/ziajashop.es\/20432-thickbox_default\/ziaja-vitamina-cb3-niacinamida-crema-facial-de-dia-revitalizante-wake-me-up.jpg&quot;,&quot;width&quot;:1100,&quot;height&quot;:1422},&quot;legend&quot;:&quot;&quot;,&quot;cover&quot;:null,&quot;id_image&quot;:&quot;20432&quot;,&quot;position&quot;:&quot;3&quot;,&quot;associatedVariants&quot;:[]},{&quot;bySize&quot;:{&quot;small_default&quot;:{&quot;url&quot;:&quot;https:\/\/ziajashop.es\/20433-small_default\/ziaja-vitamina-cb3-niacinamida-crema-facial-de-dia-revitalizante-wake-me-up.jpg&quot;,&quot;width&quot;:98,&quot;height&quot;:127},&quot;cart_default&quot;:{&quot;url&quot;:&quot;https:\/\/ziajashop.es\/20433-cart_default\/ziaja-vitamina-cb3-niacinamida-crema-facial-de-dia-revitalizante-wake-me-up.jpg&quot;,&quot;width&quot;:125,&quot;height&quot;:162},&quot;large_default&quot;:{&quot;url&quot;:&quot;https:\/\/ziajashop.es\/20433-large_default\/ziaja-vitamina-cb3-niacinamida-crema-facial-de-dia-revitalizante-wake-me-up.jpg&quot;,&quot;width&quot;:381,&quot;height&quot;:492},&quot;medium_default&quot;:{&quot;url&quot;:&quot;https:\/\/ziajashop.es\/20433-medium_default\/ziaja-vitamina-cb3-niacinamida-crema-facial-de-dia-revitalizante-wake-me-up.jpg&quot;,&quot;width&quot;:452,&quot;height&quot;:584},&quot;home_default&quot;:{&quot;url&quot;:&quot;https:\/\/ziajashop.es\/20433-home_default\/ziaja-vitamina-cb3-niacinamida-crema-facial-de-dia-revitalizante-wake-me-up.jpg&quot;,&quot;width&quot;:800,&quot;height&quot;:800},&quot;thickbox_default&quot;:{&quot;url&quot;:&quot;https:\/\/ziajashop.es\/20433-thickbox_default\/ziaja-vitamina-cb3-niacinamida-crema-facial-de-dia-revitalizante-wake-me-up.jpg&quot;,&quot;width&quot;:1100,&quot;height&quot;:1422}},&quot;small&quot;:{&quot;url&quot;:&quot;https:\/\/ziajashop.es\/20433-small_default\/ziaja-vitamina-cb3-niacinamida-crema-facial-de-dia-revitalizante-wake-me-up.jpg&quot;,&quot;width&quot;:98,&quot;height&quot;:127},&quot;medium&quot;:{&quot;url&quot;:&quot;https:\/\/ziajashop.es\/20433-medium_default\/ziaja-vitamina-cb3-niacinamida-crema-facial-de-dia-revitalizante-wake-me-up.jpg&quot;,&quot;width&quot;:452,&quot;height&quot;:584},&quot;large&quot;:{&quot;url&quot;:&quot;https:\/\/ziajashop.es\/20433-thickbox_default\/ziaja-vitamina-cb3-niacinamida-crema-facial-de-dia-revitalizante-wake-me-up.jpg&quot;,&quot;width&quot;:1100,&quot;height&quot;:1422},&quot;legend&quot;:&quot;&quot;,&quot;cover&quot;:null,&quot;id_image&quot;:&quot;20433&quot;,&quot;position&quot;:&quot;4&quot;,&quot;associatedVariants&quot;:[]}],&quot;cover&quot;:{&quot;bySize&quot;:{&quot;small_default&quot;:{&quot;url&quot;:&quot;https:\/\/ziajashop.es\/15000-small_default\/ziaja-vitamina-cb3-niacinamida-crema-facial-de-dia-revitalizante-wake-me-up.jpg&quot;,&quot;width&quot;:98,&quot;height&quot;:127},&quot;cart_default&quot;:{&quot;url&quot;:&quot;https:\/\/ziajashop.es\/15000-cart_default\/ziaja-vitamina-cb3-niacinamida-crema-facial-de-dia-revitalizante-wake-me-up.jpg&quot;,&quot;width&quot;:125,&quot;height&quot;:162},&quot;large_default&quot;:{&quot;url&quot;:&quot;https:\/\/ziajashop.es\/15000-large_default\/ziaja-vitamina-cb3-niacinamida-crema-facial-de-dia-revitalizante-wake-me-up.jpg&quot;,&quot;width&quot;:381,&quot;height&quot;:492},&quot;medium_default&quot;:{&quot;url&quot;:&quot;https:\/\/ziajashop.es\/15000-medium_default\/ziaja-vitamina-cb3-niacinamida-crema-facial-de-dia-revitalizante-wake-me-up.jpg&quot;,&quot;width&quot;:452,&quot;height&quot;:584},&quot;home_default&quot;:{&quot;url&quot;:&quot;https:\/\/ziajashop.es\/15000-home_default\/ziaja-vitamina-cb3-niacinamida-crema-facial-de-dia-revitalizante-wake-me-up.jpg&quot;,&quot;width&quot;:800,&quot;height&quot;:800},&quot;thickbox_default&quot;:{&quot;url&quot;:&quot;https:\/\/ziajashop.es\/15000-thickbox_default\/ziaja-vitamina-cb3-niacinamida-crema-facial-de-dia-revitalizante-wake-me-up.jpg&quot;,&quot;width&quot;:1100,&quot;height&quot;:1422}},&quot;small&quot;:{&quot;url&quot;:&quot;https:\/\/ziajashop.es\/15000-small_default\/ziaja-vitamina-cb3-niacinamida-crema-facial-de-dia-revitalizante-wake-me-up.jpg&quot;,&quot;width&quot;:98,&quot;height&quot;:127},&quot;medium&quot;:{&quot;url&quot;:&quot;https:\/\/ziajashop.es\/15000-medium_default\/ziaja-vitamina-cb3-niacinamida-crema-facial-de-dia-revitalizante-wake-me-up.jpg&quot;,&quot;width&quot;:452,&quot;height&quot;:584},&quot;large&quot;:{&quot;url&quot;:&quot;https:\/\/ziajashop.es\/15000-thickbox_default\/ziaja-vitamina-cb3-niacinamida-crema-facial-de-dia-revitalizante-wake-me-up.jpg&quot;,&quot;width&quot;:1100,&quot;height&quot;:1422},&quot;legend&quot;:&quot;&quot;,&quot;cover&quot;:&quot;1&quot;,&quot;id_image&quot;:&quot;15000&quot;,&quot;position&quot;:&quot;1&quot;,&quot;associatedVariants&quot;:[]},&quot;has_discount&quot;:true,&quot;discount_type&quot;:&quot;percentage&quot;,&quot;discount_percentage&quot;:&quot;-15%&quot;,&quot;discount_percentage_absolute&quot;:&quot;15%&quot;,&quot;discount_amount&quot;:&quot;0,75u00a0u20ac&quot;,&quot;discount_amount_to_display&quot;:&quot;-0,75u00a0u20ac&quot;,&quot;price_amount&quot;:4.24,&quot;unit_price_full&quot;:&quot;&quot;,&quot;show_availability&quot;:true,&quot;availability_date&quot;:null,&quot;availability_message&quot;:&quot;&quot;,&quot;availability&quot;:&quot;available&quot;}\">\n<section class=\"product-features\">\n<dl class=\"data-sheet\">\n<dt class=\"name\"><\/dt>\n<dd class=\"value\"><\/dd>\n<dt class=\"name\"><\/dt>\n<dd class=\"value\"><\/dd>\n<dt class=\"name\"><\/dt>\n<dd class=\"value\"><\/dd>\n<dt class=\"name\"><\/dt>\n<dd class=\"value\"><\/dd>\n<dt class=\"name\"><\/dt>\n<dd class=\"value\"><\/dd>\n<\/dl>\n<\/section>\n<div class=\"product-manufacturer  float-right\"><label class=\"label\"><\/label><a href=\"https:\/\/ziajashop.es\/brand\/4-ziaja\" target=\"_blank\" rel=\"noopener\"><img decoding=\"async\" class=\"img-fluid  manufacturer-logo\" src=\"https:\/\/ziajashop.es\/img\/m\/4.jpg\" alt=\"ZIAJA\" \/><\/a><\/div>\n<div class=\"product-reference\"><\/div>\n<div class=\"product-out-of-stock\"><\/div>\n<\/div>\n<\/div>\n<\/div>\n<\/div>\n<div id=\"product-infos-accordion-mobile\" class=\"iqit-accordion\" role=\"tablist\" aria-multiselectable=\"true\"><\/div>\n<\/div>\n<section class=\"page-product-box blockrelatedproductstags displayMode1\"><\/section>","protected":false},"excerpt":{"rendered":"<p>Crema facial de f\u00f3rmula ligera con acabado satinado. Boost de energ\u00eda matutina para despertar la piel y revitalizarla. Este producto combina la potencia de la Vitamina C y la Niacinamida, cuya sinergia ilumina la piel, reduce la apariencia de manchas oscuras, minimiza los poros y mejora la textura general de la piel. &#8211; Contiene vitaminas [&hellip;]<\/p>","protected":false},"featured_media":6126,"comment_status":"open","ping_status":"closed","template":"","meta":{"_acf_changed":false,"inline_featured_image":false},"product_cat":[105],"product_tag":[],"genre":[],"class_list":{"0":"post-6070","1":"product","2":"type-product","3":"status-publish","4":"has-post-thumbnail","6":"product_cat-salud","8":"first","9":"instock","10":"taxable","11":"shipping-taxable","12":"purchasable","13":"product-type-simple","14":"add-to-wishlist-after_add_to_cart"},"acf":[],"_links":{"self":[{"href":"https:\/\/compraencieza.es\/en\/wp-json\/wp\/v2\/product\/6070","targetHints":{"allow":["GET"]}}],"collection":[{"href":"https:\/\/compraencieza.es\/en\/wp-json\/wp\/v2\/product"}],"about":[{"href":"https:\/\/compraencieza.es\/en\/wp-json\/wp\/v2\/types\/product"}],"replies":[{"embeddable":true,"href":"https:\/\/compraencieza.es\/en\/wp-json\/wp\/v2\/comments?post=6070"}],"wp:featuredmedia":[{"embeddable":true,"href":"https:\/\/compraencieza.es\/en\/wp-json\/wp\/v2\/media\/6126"}],"wp:attachment":[{"href":"https:\/\/compraencieza.es\/en\/wp-json\/wp\/v2\/media?parent=6070"}],"wp:term":[{"taxonomy":"product_cat","embeddable":true,"href":"https:\/\/compraencieza.es\/en\/wp-json\/wp\/v2\/product_cat?post=6070"},{"taxonomy":"product_tag","embeddable":true,"href":"https:\/\/compraencieza.es\/en\/wp-json\/wp\/v2\/product_tag?post=6070"},{"taxonomy":"product_brand","embeddable":true,"href":"https:\/\/compraencieza.es\/en\/wp-json\/wp\/v2\/genre?post=6070"}],"curies":[{"name":"wp","href":"https:\/\/api.w.org\/{rel}","templated":true}]}}