{"id":6071,"date":"2025-01-10T10:50:38","date_gmt":"2025-01-10T09:50:38","guid":{"rendered":"https:\/\/compraencieza.es\/?post_type=product&#038;p=6071"},"modified":"2025-01-10T11:06:25","modified_gmt":"2025-01-10T10:06:25","slug":"ziaja-crema-de-noche-cb3","status":"publish","type":"product","link":"https:\/\/compraencieza.es\/en\/product\/ziaja-crema-de-noche-cb3\/","title":{"rendered":"Ziaja Crema de Noche cb3"},"content":{"rendered":"<div id=\"main-product-wrapper\">\n<div class=\"tabs product-tabs\">\n<div id=\"product-infos-tabs-content\" class=\"tab-content\">\n<div id=\"description\" class=\"tab-pane in active\">\n<div class=\"product-description\">\n<div class=\"rte-content\">\n<p>Crema de noche de rica consistencia con vitaminas activas y un complejo de p\u00e9ptidos alisadores.<\/p>\n<p>Este producto combina la potencia de la Vitamina C y la Niacinamida, cuya sinergia ilumina la piel, reduce la apariencia de manchas oscuras, minimiza los poros y mejora la textura general de la piel.<\/p>\n<p>&#8211; Hidrata y unifica el tono de la piel.<br \/>\n&#8211; Proporciona un brillo saludable a la piel.<br \/>\n&#8211; Alisa la piel.<br \/>\n&#8211; Contiene vitaminas activas y un complejo de p\u00e9ptidos suavizantes.<br \/>\n&#8211; Reduce los signos de fatiga.<br \/>\n&#8211; Efecto piel descansada.<\/p>\n<p>Ingredientes principales: niacinamida, vitamina C, aceite de canola, glicerina, manteca de karit\u00e9, prote\u00ednas de arroz hidrolizadas, aceite de camelia japonesa, vitaminas B5, B6, E.<br \/>\nApta a partir de 20 a\u00f1os.<\/p>\n<p>DIRECTIONS FOR USE:<br \/>\nAplicar suavemente con suaves toques con las puntas de los dedos sobre la piel limpia del rostro, evitando el contorno de ojos.<br \/>\nPuede utilizarse diariamente como crema de noche nutritiva para una regeneraci\u00f3n activa durante el sue\u00f1o.<br \/>\nTambi\u00e9n se puede utilizar como mascarilla: aplicar una capa gruesa sobre la piel limpia del rostro.<br \/>\nNo limpiar la piel.<\/p>\n<p>L\u00ednea Vitamina C.B3 Niacinamida: Una selecci\u00f3n de 8 cosm\u00e9ticos veganos para el cuidado del rostro y el cuerpo dise\u00f1ados con la tendencia flash effect, es decir, una revitalizaci\u00f3n intensiva de la piel basada en rituales cortos y sin m\u00faltiples etapas que pueden realizarse por la ma\u00f1ana despu\u00e9s de despertarse y antes de acostarse como parte de la regeneraci\u00f3n nocturna de la piel.<\/p>\n<\/div>\n<\/div>\n<\/div>\n<div id=\"product-details-tab\" class=\"tab-pane\">\n<div id=\"product-details\" class=\"clearfix\" style=\"box-sizing: border-box;\" data-product=\"{&quot;id_shop_default&quot;:&quot;1&quot;,&quot;id_manufacturer&quot;:&quot;4&quot;,&quot;id_supplier&quot;:&quot;3&quot;,&quot;reference&quot;:&quot;ZNI15937&quot;,&quot;is_virtual&quot;:&quot;0&quot;,&quot;delivery_in_stock&quot;:&quot;&quot;,&quot;delivery_out_stock&quot;:&quot;&quot;,&quot;id_category_default&quot;:&quot;1490&quot;,&quot;on_sale&quot;:&quot;0&quot;,&quot;online_only&quot;:&quot;0&quot;,&quot;ecotax&quot;:0,&quot;minimal_quantity&quot;:&quot;1&quot;,&quot;low_stock_threshold&quot;:null,&quot;low_stock_alert&quot;:&quot;0&quot;,&quot;price&quot;:&quot;4,24u00a0u20ac&quot;,&quot;unity&quot;:&quot;&quot;,&quot;unit_price_ratio&quot;:&quot;0.000000&quot;,&quot;additional_shipping_cost&quot;:&quot;0.00&quot;,&quot;customizable&quot;:&quot;0&quot;,&quot;text_fields&quot;:&quot;0&quot;,&quot;uploadable_files&quot;:&quot;0&quot;,&quot;redirect_type&quot;:&quot;404&quot;,&quot;id_type_redirected&quot;:&quot;0&quot;,&quot;available_for_order&quot;:&quot;1&quot;,&quot;available_date&quot;:&quot;0000-00-00&quot;,&quot;show_condition&quot;:&quot;&quot;,&quot;condition&quot;:&quot;new&quot;,&quot;show_price&quot;:&quot;1&quot;,&quot;indexed&quot;:&quot;1&quot;,&quot;visibility&quot;:&quot;both&quot;,&quot;cache_default_attribute&quot;:&quot;0&quot;,&quot;advanced_stock_management&quot;:&quot;0&quot;,&quot;date_add&quot;:&quot;2023-05-30 07:31:35&quot;,&quot;date_upd&quot;:&quot;2024-09-26 15:56:36&quot;,&quot;pack_stock_type&quot;:&quot;3&quot;,&quot;meta_description&quot;:&quot;Crema-mascarilla de noche de rica consistencia con vitaminas activas y un complejo de pu00e9ptidos alisadores.&quot;,&quot;meta_keywords&quot;:&quot;ZIAJA VITAMINA C.B3 NIACINAMIDA Crema facial de noche regeneradora&quot;,&quot;meta_title&quot;:&quot;VITAMINA C.B3 NIACINAMIDA Crema facial de noche regeneradora - ZIAJA&quot;,&quot;link_rewrite&quot;:&quot;ziaja-vitamina-cb3-niacinamida-crema-facial-de-noche-regeneradora&quot;,&quot;name&quot;:&quot;VITAMINA C.B3 NIACINAMIDA Crema facial de noche regeneradora&quot;,&quot;description&quot;:&quot;&lt;p&gt;Crema de noche de rica consistencia con vitaminas activas y un complejo de pu00e9ptidos alisadores.&lt;br&gt;&lt;br&gt;Este producto combina la potencia de la Vitamina C y la Niacinamida, cuya sinergia ilumina la piel, reduce la apariencia de manchas oscuras, minimiza los poros y mejora la textura general de la piel.&lt;br&gt;&lt;br&gt;- Hidrata y unifica el tono de la piel.&lt;br&gt;- Proporciona un brillo saludable a la piel.&lt;br&gt;- Alisa la piel.&lt;br&gt;- Contiene vitaminas activas y un complejo de pu00e9ptidos suavizantes. &lt;br&gt;- Reduce los signos de fatiga.&lt;br&gt;- Efecto piel descansada.&lt;br&gt;&lt;br&gt;&lt;br&gt;Ingredientes principales: niacinamida, vitamina C, aceite de canola, glicerina, manteca de karitu00e9, proteu00ednas de arroz hidrolizadas, aceite de camelia japonesa, vitaminas B5, B6, E.&lt;br&gt;Apta a partir de 20 au00f1os.&lt;br&gt;&lt;br&gt;&lt;br&gt;MODO DE EMPLEO: &lt;br&gt;Aplicar suavemente con suaves toques con las puntas de los dedos sobre la piel limpia del rostro, evitando el contorno de ojos.&lt;br&gt;Puede utilizarse diariamente como crema de noche nutritiva para una regeneraciu00f3n activa durante el sueu00f1o.&lt;br&gt;Tambiu00e9n se puede utilizar como mascarilla: aplicar una capa gruesa sobre la piel limpia del rostro.&lt;br&gt;No limpiar la piel.&lt;br&gt;&lt;br&gt;&lt;br&gt;Lu00ednea Vitamina C.B3 Niacinamida: Una selecciu00f3n de 8 cosmu00e9ticos veganos para el cuidado del rostro y el cuerpo diseu00f1ados con la tendencia flash effect, es decir, una revitalizaciu00f3n intensiva de la piel basada en rituales cortos y sin mu00faltiples etapas que pueden realizarse por la mau00f1ana despuu00e9s de despertarse y antes de acostarse como parte de la regeneraciu00f3n nocturna de la piel.&lt;br&gt;&lt;\/p&gt;&quot;,&quot;description_short&quot;:&quot;r\\nCrema-mascarilla de noche de rica consistencia con vitaminas activas y un complejo de pu00e9ptidos alisadores. &quot;,&quot;available_now&quot;:&quot;&quot;,&quot;available_later&quot;:&quot;&quot;,&quot;id&quot;:48400,&quot;id_product&quot;:48400,&quot;out_of_stock&quot;:2,&quot;new&quot;:0,&quot;id_product_attribute&quot;:&quot;0&quot;,&quot;quantity_wanted&quot;:1,&quot;extraContent&quot;:[],&quot;allow_oosp&quot;:0,&quot;category&quot;:&quot;cremas-de-noche&quot;,&quot;category_name&quot;:&quot;Cremas de noche&quot;,&quot;link&quot;:&quot;https:\/\/ziajashop.es\/48400-ziaja-vitamina-cb3-niacinamida-crema-facial-de-noche-regeneradora.html&quot;,&quot;attribute_price&quot;:0,&quot;price_tax_exc&quot;:3.505372,&quot;price_without_reduction&quot;:4.99,&quot;reduction&quot;:0.7485,&quot;specific_prices&quot;:{&quot;id_specific_price&quot;:&quot;3809966&quot;,&quot;id_specific_price_rule&quot;:&quot;327&quot;,&quot;id_cart&quot;:&quot;0&quot;,&quot;id_product&quot;:&quot;48400&quot;,&quot;id_shop&quot;:&quot;10&quot;,&quot;id_shop_group&quot;:&quot;0&quot;,&quot;id_currency&quot;:&quot;0&quot;,&quot;id_country&quot;:&quot;0&quot;,&quot;id_group&quot;:&quot;0&quot;,&quot;id_customer&quot;:&quot;0&quot;,&quot;id_product_attribute&quot;:&quot;0&quot;,&quot;price&quot;:&quot;-1.000000&quot;,&quot;from_quantity&quot;:&quot;1&quot;,&quot;reduction&quot;:&quot;0.150000&quot;,&quot;reduction_tax&quot;:&quot;1&quot;,&quot;reduction_type&quot;:&quot;percentage&quot;,&quot;from&quot;:&quot;2024-10-16 00:00:00&quot;,&quot;to&quot;:&quot;2024-10-31 23:59:00&quot;,&quot;score&quot;:&quot;48&quot;},&quot;quantity&quot;:5030,&quot;quantity_all_versions&quot;:5030,&quot;id_image&quot;:&quot;es-default&quot;,&quot;features&quot;:[{&quot;name&quot;:&quot;Ingredientes&quot;,&quot;value&quot;:&quot;Aqua (Water), Octyldodecanol, Canola Oil, Cetyl Alcohol, Glyceryl Stearate, PEG-100 Stearate, Dimethicone, Cetyl Palmitate, Glycerin, Butyrospermum Parkii (Shea) Butter, Propylene Glycol, Sodium Acrylate\/Sodium Acryloyldimethyl Taurate Copolymer, Isohexadecane, Polysorbate 80, Hydrolyzed Rice Protein, Niacinamide, Calcium Pantothenate, Sodium Ascorbyl Phosphate, Tocopheryl Acetate, Pyridoxine HCl, Maltodextrin, Sodium Starch Octenylsuccinate, Silica, Camellia Japonica Seed Oil, Xanthan Gum, Cety&quot;,&quot;id_feature&quot;:&quot;29&quot;,&quot;position&quot;:&quot;1&quot;},{&quot;name&quot;:&quot;Capacidad&quot;,&quot;value&quot;:&quot;50ml&quot;,&quot;id_feature&quot;:&quot;1&quot;,&quot;position&quot;:&quot;8&quot;},{&quot;name&quot;:&quot;Tipo de piel&quot;,&quot;value&quot;:&quot;cansada&quot;,&quot;id_feature&quot;:&quot;18&quot;,&quot;position&quot;:&quot;19&quot;},{&quot;name&quot;:&quot;Tipo de piel&quot;,&quot;value&quot;:&quot;madura&quot;,&quot;id_feature&quot;:&quot;18&quot;,&quot;position&quot;:&quot;19&quot;},{&quot;name&quot;:&quot;Tipo de piel&quot;,&quot;value&quot;:&quot;mixta \/ grasa&quot;,&quot;id_feature&quot;:&quot;18&quot;,&quot;position&quot;:&quot;19&quot;},{&quot;name&quot;:&quot;Tipo de piel&quot;,&quot;value&quot;:&quot;deshidratada&quot;,&quot;id_feature&quot;:&quot;18&quot;,&quot;position&quot;:&quot;19&quot;},{&quot;name&quot;:&quot;Tipo de piel&quot;,&quot;value&quot;:&quot;seca&quot;,&quot;id_feature&quot;:&quot;18&quot;,&quot;position&quot;:&quot;19&quot;},{&quot;name&quot;:&quot;Lu00ednea&quot;,&quot;value&quot;:&quot;Vitamina C.B3 Niacinamida&quot;,&quot;id_feature&quot;:&quot;35&quot;,&quot;position&quot;:&quot;23&quot;},{&quot;name&quot;:&quot;Caracteru00edstica&quot;,&quot;value&quot;:&quot;Vegano&quot;,&quot;id_feature&quot;:&quot;33&quot;,&quot;position&quot;:&quot;24&quot;}],&quot;attachments&quot;:[],&quot;virtual&quot;:0,&quot;pack&quot;:0,&quot;packItems&quot;:[],&quot;nopackprice&quot;:0,&quot;customization_required&quot;:false,&quot;rate&quot;:21,&quot;tax_name&quot;:&quot;IVA ES 21%&quot;,&quot;ecotax_rate&quot;:0,&quot;unit_price&quot;:&quot;&quot;,&quot;customizations&quot;:{&quot;fields&quot;:[]},&quot;id_customization&quot;:0,&quot;is_customizable&quot;:false,&quot;show_quantities&quot;:false,&quot;quantity_label&quot;:&quot;Artu00edculos&quot;,&quot;quantity_discounts&quot;:[],&quot;customer_group_discount&quot;:0,&quot;images&quot;:[{&quot;bySize&quot;:{&quot;small_default&quot;:{&quot;url&quot;:&quot;https:\/\/ziajashop.es\/15004-small_default\/ziaja-vitamina-cb3-niacinamida-crema-facial-de-noche-regeneradora.jpg&quot;,&quot;width&quot;:98,&quot;height&quot;:127},&quot;cart_default&quot;:{&quot;url&quot;:&quot;https:\/\/ziajashop.es\/15004-cart_default\/ziaja-vitamina-cb3-niacinamida-crema-facial-de-noche-regeneradora.jpg&quot;,&quot;width&quot;:125,&quot;height&quot;:162},&quot;large_default&quot;:{&quot;url&quot;:&quot;https:\/\/ziajashop.es\/15004-large_default\/ziaja-vitamina-cb3-niacinamida-crema-facial-de-noche-regeneradora.jpg&quot;,&quot;width&quot;:381,&quot;height&quot;:492},&quot;medium_default&quot;:{&quot;url&quot;:&quot;https:\/\/ziajashop.es\/15004-medium_default\/ziaja-vitamina-cb3-niacinamida-crema-facial-de-noche-regeneradora.jpg&quot;,&quot;width&quot;:452,&quot;height&quot;:584},&quot;home_default&quot;:{&quot;url&quot;:&quot;https:\/\/ziajashop.es\/15004-home_default\/ziaja-vitamina-cb3-niacinamida-crema-facial-de-noche-regeneradora.jpg&quot;,&quot;width&quot;:800,&quot;height&quot;:800},&quot;thickbox_default&quot;:{&quot;url&quot;:&quot;https:\/\/ziajashop.es\/15004-thickbox_default\/ziaja-vitamina-cb3-niacinamida-crema-facial-de-noche-regeneradora.jpg&quot;,&quot;width&quot;:1100,&quot;height&quot;:1422}},&quot;small&quot;:{&quot;url&quot;:&quot;https:\/\/ziajashop.es\/15004-small_default\/ziaja-vitamina-cb3-niacinamida-crema-facial-de-noche-regeneradora.jpg&quot;,&quot;width&quot;:98,&quot;height&quot;:127},&quot;medium&quot;:{&quot;url&quot;:&quot;https:\/\/ziajashop.es\/15004-medium_default\/ziaja-vitamina-cb3-niacinamida-crema-facial-de-noche-regeneradora.jpg&quot;,&quot;width&quot;:452,&quot;height&quot;:584},&quot;large&quot;:{&quot;url&quot;:&quot;https:\/\/ziajashop.es\/15004-thickbox_default\/ziaja-vitamina-cb3-niacinamida-crema-facial-de-noche-regeneradora.jpg&quot;,&quot;width&quot;:1100,&quot;height&quot;:1422},&quot;legend&quot;:&quot;&quot;,&quot;cover&quot;:&quot;1&quot;,&quot;id_image&quot;:&quot;15004&quot;,&quot;position&quot;:&quot;1&quot;,&quot;associatedVariants&quot;:[]},{&quot;bySize&quot;:{&quot;small_default&quot;:{&quot;url&quot;:&quot;https:\/\/ziajashop.es\/20430-small_default\/ziaja-vitamina-cb3-niacinamida-crema-facial-de-noche-regeneradora.jpg&quot;,&quot;width&quot;:98,&quot;height&quot;:127},&quot;cart_default&quot;:{&quot;url&quot;:&quot;https:\/\/ziajashop.es\/20430-cart_default\/ziaja-vitamina-cb3-niacinamida-crema-facial-de-noche-regeneradora.jpg&quot;,&quot;width&quot;:125,&quot;height&quot;:162},&quot;large_default&quot;:{&quot;url&quot;:&quot;https:\/\/ziajashop.es\/20430-large_default\/ziaja-vitamina-cb3-niacinamida-crema-facial-de-noche-regeneradora.jpg&quot;,&quot;width&quot;:381,&quot;height&quot;:492},&quot;medium_default&quot;:{&quot;url&quot;:&quot;https:\/\/ziajashop.es\/20430-medium_default\/ziaja-vitamina-cb3-niacinamida-crema-facial-de-noche-regeneradora.jpg&quot;,&quot;width&quot;:452,&quot;height&quot;:584},&quot;home_default&quot;:{&quot;url&quot;:&quot;https:\/\/ziajashop.es\/20430-home_default\/ziaja-vitamina-cb3-niacinamida-crema-facial-de-noche-regeneradora.jpg&quot;,&quot;width&quot;:800,&quot;height&quot;:800},&quot;thickbox_default&quot;:{&quot;url&quot;:&quot;https:\/\/ziajashop.es\/20430-thickbox_default\/ziaja-vitamina-cb3-niacinamida-crema-facial-de-noche-regeneradora.jpg&quot;,&quot;width&quot;:1100,&quot;height&quot;:1422}},&quot;small&quot;:{&quot;url&quot;:&quot;https:\/\/ziajashop.es\/20430-small_default\/ziaja-vitamina-cb3-niacinamida-crema-facial-de-noche-regeneradora.jpg&quot;,&quot;width&quot;:98,&quot;height&quot;:127},&quot;medium&quot;:{&quot;url&quot;:&quot;https:\/\/ziajashop.es\/20430-medium_default\/ziaja-vitamina-cb3-niacinamida-crema-facial-de-noche-regeneradora.jpg&quot;,&quot;width&quot;:452,&quot;height&quot;:584},&quot;large&quot;:{&quot;url&quot;:&quot;https:\/\/ziajashop.es\/20430-thickbox_default\/ziaja-vitamina-cb3-niacinamida-crema-facial-de-noche-regeneradora.jpg&quot;,&quot;width&quot;:1100,&quot;height&quot;:1422},&quot;legend&quot;:&quot;&quot;,&quot;cover&quot;:null,&quot;id_image&quot;:&quot;20430&quot;,&quot;position&quot;:&quot;2&quot;,&quot;associatedVariants&quot;:[]},{&quot;bySize&quot;:{&quot;small_default&quot;:{&quot;url&quot;:&quot;https:\/\/ziajashop.es\/20427-small_default\/ziaja-vitamina-cb3-niacinamida-crema-facial-de-noche-regeneradora.jpg&quot;,&quot;width&quot;:98,&quot;height&quot;:127},&quot;cart_default&quot;:{&quot;url&quot;:&quot;https:\/\/ziajashop.es\/20427-cart_default\/ziaja-vitamina-cb3-niacinamida-crema-facial-de-noche-regeneradora.jpg&quot;,&quot;width&quot;:125,&quot;height&quot;:162},&quot;large_default&quot;:{&quot;url&quot;:&quot;https:\/\/ziajashop.es\/20427-large_default\/ziaja-vitamina-cb3-niacinamida-crema-facial-de-noche-regeneradora.jpg&quot;,&quot;width&quot;:381,&quot;height&quot;:492},&quot;medium_default&quot;:{&quot;url&quot;:&quot;https:\/\/ziajashop.es\/20427-medium_default\/ziaja-vitamina-cb3-niacinamida-crema-facial-de-noche-regeneradora.jpg&quot;,&quot;width&quot;:452,&quot;height&quot;:584},&quot;home_default&quot;:{&quot;url&quot;:&quot;https:\/\/ziajashop.es\/20427-home_default\/ziaja-vitamina-cb3-niacinamida-crema-facial-de-noche-regeneradora.jpg&quot;,&quot;width&quot;:800,&quot;height&quot;:800},&quot;thickbox_default&quot;:{&quot;url&quot;:&quot;https:\/\/ziajashop.es\/20427-thickbox_default\/ziaja-vitamina-cb3-niacinamida-crema-facial-de-noche-regeneradora.jpg&quot;,&quot;width&quot;:1100,&quot;height&quot;:1422}},&quot;small&quot;:{&quot;url&quot;:&quot;https:\/\/ziajashop.es\/20427-small_default\/ziaja-vitamina-cb3-niacinamida-crema-facial-de-noche-regeneradora.jpg&quot;,&quot;width&quot;:98,&quot;height&quot;:127},&quot;medium&quot;:{&quot;url&quot;:&quot;https:\/\/ziajashop.es\/20427-medium_default\/ziaja-vitamina-cb3-niacinamida-crema-facial-de-noche-regeneradora.jpg&quot;,&quot;width&quot;:452,&quot;height&quot;:584},&quot;large&quot;:{&quot;url&quot;:&quot;https:\/\/ziajashop.es\/20427-thickbox_default\/ziaja-vitamina-cb3-niacinamida-crema-facial-de-noche-regeneradora.jpg&quot;,&quot;width&quot;:1100,&quot;height&quot;:1422},&quot;legend&quot;:&quot;&quot;,&quot;cover&quot;:null,&quot;id_image&quot;:&quot;20427&quot;,&quot;position&quot;:&quot;3&quot;,&quot;associatedVariants&quot;:[]},{&quot;bySize&quot;:{&quot;small_default&quot;:{&quot;url&quot;:&quot;https:\/\/ziajashop.es\/20426-small_default\/ziaja-vitamina-cb3-niacinamida-crema-facial-de-noche-regeneradora.jpg&quot;,&quot;width&quot;:98,&quot;height&quot;:127},&quot;cart_default&quot;:{&quot;url&quot;:&quot;https:\/\/ziajashop.es\/20426-cart_default\/ziaja-vitamina-cb3-niacinamida-crema-facial-de-noche-regeneradora.jpg&quot;,&quot;width&quot;:125,&quot;height&quot;:162},&quot;large_default&quot;:{&quot;url&quot;:&quot;https:\/\/ziajashop.es\/20426-large_default\/ziaja-vitamina-cb3-niacinamida-crema-facial-de-noche-regeneradora.jpg&quot;,&quot;width&quot;:381,&quot;height&quot;:492},&quot;medium_default&quot;:{&quot;url&quot;:&quot;https:\/\/ziajashop.es\/20426-medium_default\/ziaja-vitamina-cb3-niacinamida-crema-facial-de-noche-regeneradora.jpg&quot;,&quot;width&quot;:452,&quot;height&quot;:584},&quot;home_default&quot;:{&quot;url&quot;:&quot;https:\/\/ziajashop.es\/20426-home_default\/ziaja-vitamina-cb3-niacinamida-crema-facial-de-noche-regeneradora.jpg&quot;,&quot;width&quot;:800,&quot;height&quot;:800},&quot;thickbox_default&quot;:{&quot;url&quot;:&quot;https:\/\/ziajashop.es\/20426-thickbox_default\/ziaja-vitamina-cb3-niacinamida-crema-facial-de-noche-regeneradora.jpg&quot;,&quot;width&quot;:1100,&quot;height&quot;:1422}},&quot;small&quot;:{&quot;url&quot;:&quot;https:\/\/ziajashop.es\/20426-small_default\/ziaja-vitamina-cb3-niacinamida-crema-facial-de-noche-regeneradora.jpg&quot;,&quot;width&quot;:98,&quot;height&quot;:127},&quot;medium&quot;:{&quot;url&quot;:&quot;https:\/\/ziajashop.es\/20426-medium_default\/ziaja-vitamina-cb3-niacinamida-crema-facial-de-noche-regeneradora.jpg&quot;,&quot;width&quot;:452,&quot;height&quot;:584},&quot;large&quot;:{&quot;url&quot;:&quot;https:\/\/ziajashop.es\/20426-thickbox_default\/ziaja-vitamina-cb3-niacinamida-crema-facial-de-noche-regeneradora.jpg&quot;,&quot;width&quot;:1100,&quot;height&quot;:1422},&quot;legend&quot;:&quot;&quot;,&quot;cover&quot;:null,&quot;id_image&quot;:&quot;20426&quot;,&quot;position&quot;:&quot;4&quot;,&quot;associatedVariants&quot;:[]},{&quot;bySize&quot;:{&quot;small_default&quot;:{&quot;url&quot;:&quot;https:\/\/ziajashop.es\/20428-small_default\/ziaja-vitamina-cb3-niacinamida-crema-facial-de-noche-regeneradora.jpg&quot;,&quot;width&quot;:98,&quot;height&quot;:127},&quot;cart_default&quot;:{&quot;url&quot;:&quot;https:\/\/ziajashop.es\/20428-cart_default\/ziaja-vitamina-cb3-niacinamida-crema-facial-de-noche-regeneradora.jpg&quot;,&quot;width&quot;:125,&quot;height&quot;:162},&quot;large_default&quot;:{&quot;url&quot;:&quot;https:\/\/ziajashop.es\/20428-large_default\/ziaja-vitamina-cb3-niacinamida-crema-facial-de-noche-regeneradora.jpg&quot;,&quot;width&quot;:381,&quot;height&quot;:492},&quot;medium_default&quot;:{&quot;url&quot;:&quot;https:\/\/ziajashop.es\/20428-medium_default\/ziaja-vitamina-cb3-niacinamida-crema-facial-de-noche-regeneradora.jpg&quot;,&quot;width&quot;:452,&quot;height&quot;:584},&quot;home_default&quot;:{&quot;url&quot;:&quot;https:\/\/ziajashop.es\/20428-home_default\/ziaja-vitamina-cb3-niacinamida-crema-facial-de-noche-regeneradora.jpg&quot;,&quot;width&quot;:800,&quot;height&quot;:800},&quot;thickbox_default&quot;:{&quot;url&quot;:&quot;https:\/\/ziajashop.es\/20428-thickbox_default\/ziaja-vitamina-cb3-niacinamida-crema-facial-de-noche-regeneradora.jpg&quot;,&quot;width&quot;:1100,&quot;height&quot;:1422}},&quot;small&quot;:{&quot;url&quot;:&quot;https:\/\/ziajashop.es\/20428-small_default\/ziaja-vitamina-cb3-niacinamida-crema-facial-de-noche-regeneradora.jpg&quot;,&quot;width&quot;:98,&quot;height&quot;:127},&quot;medium&quot;:{&quot;url&quot;:&quot;https:\/\/ziajashop.es\/20428-medium_default\/ziaja-vitamina-cb3-niacinamida-crema-facial-de-noche-regeneradora.jpg&quot;,&quot;width&quot;:452,&quot;height&quot;:584},&quot;large&quot;:{&quot;url&quot;:&quot;https:\/\/ziajashop.es\/20428-thickbox_default\/ziaja-vitamina-cb3-niacinamida-crema-facial-de-noche-regeneradora.jpg&quot;,&quot;width&quot;:1100,&quot;height&quot;:1422},&quot;legend&quot;:&quot;&quot;,&quot;cover&quot;:null,&quot;id_image&quot;:&quot;20428&quot;,&quot;position&quot;:&quot;5&quot;,&quot;associatedVariants&quot;:[]}],&quot;cover&quot;:{&quot;bySize&quot;:{&quot;small_default&quot;:{&quot;url&quot;:&quot;https:\/\/ziajashop.es\/15004-small_default\/ziaja-vitamina-cb3-niacinamida-crema-facial-de-noche-regeneradora.jpg&quot;,&quot;width&quot;:98,&quot;height&quot;:127},&quot;cart_default&quot;:{&quot;url&quot;:&quot;https:\/\/ziajashop.es\/15004-cart_default\/ziaja-vitamina-cb3-niacinamida-crema-facial-de-noche-regeneradora.jpg&quot;,&quot;width&quot;:125,&quot;height&quot;:162},&quot;large_default&quot;:{&quot;url&quot;:&quot;https:\/\/ziajashop.es\/15004-large_default\/ziaja-vitamina-cb3-niacinamida-crema-facial-de-noche-regeneradora.jpg&quot;,&quot;width&quot;:381,&quot;height&quot;:492},&quot;medium_default&quot;:{&quot;url&quot;:&quot;https:\/\/ziajashop.es\/15004-medium_default\/ziaja-vitamina-cb3-niacinamida-crema-facial-de-noche-regeneradora.jpg&quot;,&quot;width&quot;:452,&quot;height&quot;:584},&quot;home_default&quot;:{&quot;url&quot;:&quot;https:\/\/ziajashop.es\/15004-home_default\/ziaja-vitamina-cb3-niacinamida-crema-facial-de-noche-regeneradora.jpg&quot;,&quot;width&quot;:800,&quot;height&quot;:800},&quot;thickbox_default&quot;:{&quot;url&quot;:&quot;https:\/\/ziajashop.es\/15004-thickbox_default\/ziaja-vitamina-cb3-niacinamida-crema-facial-de-noche-regeneradora.jpg&quot;,&quot;width&quot;:1100,&quot;height&quot;:1422}},&quot;small&quot;:{&quot;url&quot;:&quot;https:\/\/ziajashop.es\/15004-small_default\/ziaja-vitamina-cb3-niacinamida-crema-facial-de-noche-regeneradora.jpg&quot;,&quot;width&quot;:98,&quot;height&quot;:127},&quot;medium&quot;:{&quot;url&quot;:&quot;https:\/\/ziajashop.es\/15004-medium_default\/ziaja-vitamina-cb3-niacinamida-crema-facial-de-noche-regeneradora.jpg&quot;,&quot;width&quot;:452,&quot;height&quot;:584},&quot;large&quot;:{&quot;url&quot;:&quot;https:\/\/ziajashop.es\/15004-thickbox_default\/ziaja-vitamina-cb3-niacinamida-crema-facial-de-noche-regeneradora.jpg&quot;,&quot;width&quot;:1100,&quot;height&quot;:1422},&quot;legend&quot;:&quot;&quot;,&quot;cover&quot;:&quot;1&quot;,&quot;id_image&quot;:&quot;15004&quot;,&quot;position&quot;:&quot;1&quot;,&quot;associatedVariants&quot;:[]},&quot;has_discount&quot;:true,&quot;discount_type&quot;:&quot;percentage&quot;,&quot;discount_percentage&quot;:&quot;-15%&quot;,&quot;discount_percentage_absolute&quot;:&quot;15%&quot;,&quot;discount_amount&quot;:&quot;0,75u00a0u20ac&quot;,&quot;discount_amount_to_display&quot;:&quot;-0,75u00a0u20ac&quot;,&quot;price_amount&quot;:4.24,&quot;unit_price_full&quot;:&quot;&quot;,&quot;show_availability&quot;:true,&quot;availability_date&quot;:null,&quot;availability_message&quot;:&quot;&quot;,&quot;availability&quot;:&quot;available&quot;}\">\n<section class=\"product-features\">\n<dl class=\"data-sheet\">\n<dt class=\"name\"><\/dt>\n<dd class=\"value\"><\/dd>\n<dt class=\"name\"><\/dt>\n<dd class=\"value\"><\/dd>\n<dt class=\"name\"><\/dt>\n<dd class=\"value\"><\/dd>\n<dt class=\"name\"><\/dt>\n<dd class=\"value\"><\/dd>\n<dt class=\"name\"><\/dt>\n<dd class=\"value\"><\/dd>\n<\/dl>\n<\/section>\n<div class=\"product-manufacturer float-right\"><label class=\"label\"><\/label><a href=\"https:\/\/ziajashop.es\/brand\/4-ziaja\" target=\"_blank\" rel=\"noopener\"><img decoding=\"async\" class=\"img-fluid manufacturer-logo\" src=\"https:\/\/ziajashop.es\/img\/m\/4.jpg\" alt=\"ZIAJA\" \/><\/a><\/div>\n<div class=\"product-reference\"><\/div>\n<div class=\"product-out-of-stock\"><\/div>\n<\/div>\n<\/div>\n<\/div>\n<\/div>\n<div id=\"product-infos-accordion-mobile\" class=\"iqit-accordion\" role=\"tablist\" aria-multiselectable=\"true\"><\/div>\n<\/div>","protected":false},"excerpt":{"rendered":"<p>Crema de noche de rica consistencia con vitaminas activas y un complejo de p\u00e9ptidos alisadores. Este producto combina la potencia de la Vitamina C y la Niacinamida, cuya sinergia ilumina la piel, reduce la apariencia de manchas oscuras, minimiza los poros y mejora la textura general de la piel. &#8211; Hidrata y unifica el tono [&hellip;]<\/p>","protected":false},"featured_media":6127,"comment_status":"open","ping_status":"closed","template":"","meta":{"_acf_changed":false,"inline_featured_image":false},"product_cat":[105],"product_tag":[],"genre":[],"class_list":{"0":"post-6071","1":"product","2":"type-product","3":"status-publish","4":"has-post-thumbnail","6":"product_cat-salud","8":"first","9":"instock","10":"taxable","11":"shipping-taxable","12":"purchasable","13":"product-type-simple","14":"add-to-wishlist-after_add_to_cart"},"acf":[],"_links":{"self":[{"href":"https:\/\/compraencieza.es\/en\/wp-json\/wp\/v2\/product\/6071","targetHints":{"allow":["GET"]}}],"collection":[{"href":"https:\/\/compraencieza.es\/en\/wp-json\/wp\/v2\/product"}],"about":[{"href":"https:\/\/compraencieza.es\/en\/wp-json\/wp\/v2\/types\/product"}],"replies":[{"embeddable":true,"href":"https:\/\/compraencieza.es\/en\/wp-json\/wp\/v2\/comments?post=6071"}],"wp:featuredmedia":[{"embeddable":true,"href":"https:\/\/compraencieza.es\/en\/wp-json\/wp\/v2\/media\/6127"}],"wp:attachment":[{"href":"https:\/\/compraencieza.es\/en\/wp-json\/wp\/v2\/media?parent=6071"}],"wp:term":[{"taxonomy":"product_cat","embeddable":true,"href":"https:\/\/compraencieza.es\/en\/wp-json\/wp\/v2\/product_cat?post=6071"},{"taxonomy":"product_tag","embeddable":true,"href":"https:\/\/compraencieza.es\/en\/wp-json\/wp\/v2\/product_tag?post=6071"},{"taxonomy":"product_brand","embeddable":true,"href":"https:\/\/compraencieza.es\/en\/wp-json\/wp\/v2\/genre?post=6071"}],"curies":[{"name":"wp","href":"https:\/\/api.w.org\/{rel}","templated":true}]}}