{"id":6078,"date":"2025-01-10T10:51:00","date_gmt":"2025-01-10T09:51:00","guid":{"rendered":"https:\/\/compraencieza.es\/?post_type=product&#038;p=6078"},"modified":"2025-01-10T11:06:25","modified_gmt":"2025-01-10T10:06:25","slug":"ziaja-contorno-de-ojos-aceite-oliva","status":"publish","type":"product","link":"https:\/\/compraencieza.es\/en\/product\/ziaja-contorno-de-ojos-aceite-oliva\/","title":{"rendered":"Ziaja Contorno de Ojos aceite oliva"},"content":{"rendered":"<p>Contorno de ojos de oliva para pieles secas y deshidratadas. Proporciona una notable hidrataci\u00f3n de la epidermis.<\/p>\n<p>Previene la flacidez de la fina piel debajo de los ojos<br \/>\nSuaviza visiblemente y hace menos profundas las peque\u00f1as arrugas, reduciendo los signos de fatiga.<\/p>\n<p>Suitable for vegans.<\/p>\n<p>Modo de empleo: Aplicar peque\u00f1os puntos en la piel de los p\u00e1rpados y debajo de los ojos, mediante peque\u00f1os toquecitos. Desde el lado exterior hacia el interior del ojo.<br \/>\nEvitar el contacto de la crema con el saco conjuntival.<\/p>","protected":false},"excerpt":{"rendered":"<p>Contorno de ojos de oliva para pieles secas y deshidratadas. Proporciona una notable hidrataci\u00f3n de la epidermis. Previene la flacidez de la fina piel debajo de los ojos Suaviza visiblemente y hace menos profundas las peque\u00f1as arrugas, reduciendo los signos de fatiga. Apto para veganos. Modo de empleo: Aplicar peque\u00f1os puntos en la piel de [&hellip;]<\/p>","protected":false},"featured_media":6128,"comment_status":"open","ping_status":"closed","template":"","meta":{"_acf_changed":false,"inline_featured_image":false},"product_cat":[105],"product_tag":[],"genre":[],"class_list":{"0":"post-6078","1":"product","2":"type-product","3":"status-publish","4":"has-post-thumbnail","6":"product_cat-salud","8":"first","9":"instock","10":"taxable","11":"shipping-taxable","12":"purchasable","13":"product-type-simple","14":"add-to-wishlist-after_add_to_cart"},"acf":[],"_links":{"self":[{"href":"https:\/\/compraencieza.es\/en\/wp-json\/wp\/v2\/product\/6078","targetHints":{"allow":["GET"]}}],"collection":[{"href":"https:\/\/compraencieza.es\/en\/wp-json\/wp\/v2\/product"}],"about":[{"href":"https:\/\/compraencieza.es\/en\/wp-json\/wp\/v2\/types\/product"}],"replies":[{"embeddable":true,"href":"https:\/\/compraencieza.es\/en\/wp-json\/wp\/v2\/comments?post=6078"}],"wp:featuredmedia":[{"embeddable":true,"href":"https:\/\/compraencieza.es\/en\/wp-json\/wp\/v2\/media\/6128"}],"wp:attachment":[{"href":"https:\/\/compraencieza.es\/en\/wp-json\/wp\/v2\/media?parent=6078"}],"wp:term":[{"taxonomy":"product_cat","embeddable":true,"href":"https:\/\/compraencieza.es\/en\/wp-json\/wp\/v2\/product_cat?post=6078"},{"taxonomy":"product_tag","embeddable":true,"href":"https:\/\/compraencieza.es\/en\/wp-json\/wp\/v2\/product_tag?post=6078"},{"taxonomy":"product_brand","embeddable":true,"href":"https:\/\/compraencieza.es\/en\/wp-json\/wp\/v2\/genre?post=6078"}],"curies":[{"name":"wp","href":"https:\/\/api.w.org\/{rel}","templated":true}]}}