{"id":6079,"date":"2025-01-10T10:51:00","date_gmt":"2025-01-10T09:51:00","guid":{"rendered":"https:\/\/compraencieza.es\/?post_type=product&#038;p=6079"},"modified":"2025-01-10T11:06:25","modified_gmt":"2025-01-10T10:06:25","slug":"ziaja-crema-de-dia-antiarrugas-jasmine","status":"publish","type":"product","link":"https:\/\/compraencieza.es\/en\/product\/ziaja-crema-de-dia-antiarrugas-jasmine\/","title":{"rendered":"Ziaja Crema de d\u00eda Antiarrugas Jasm\u00edne"},"content":{"rendered":"<p>Crema facial antiedad para el d\u00eda con protecci\u00f3n solar baja con SFP 6. Previene flacidez de la piel y suaviza las arrugas de forma significativa.<br \/>\nEspecialmente recomendada para pieles maduras, secas o con manchas de pigmentaci\u00f3n.<\/p>\n<p>&#8211; Redensifica la piel.<br \/>\n&#8211; Favorece la producci\u00f3n de col\u00e1geno y elastina.<br \/>\n&#8211; Estimula la autorreparaci\u00f3n de la piel.<br \/>\n&#8211; Previene flacidez de la piel, suaviza las arrugas de forma significativa.<br \/>\n&#8211; Mejora la hidrataci\u00f3n y suaviza para que la piel recobre su resplendor.<br \/>\n&#8211; Estimula la producci\u00f3n natural de l\u00edpidos.<br \/>\n&#8211; Efecto nutritivo y m\u00e1xima suavidad para la piel.<\/p>\n<p>Ingredientes activos: microcol\u00e1geno, geniste\u00edna, calcio, \u00e1cido hialur\u00f3nico, prote\u00ednas long-liffting, manteca de jazm\u00edn, \u00e1cidos grasos esenciales de oliva, aceite de coco y aceite de canola.<br \/>\nApta para veganos.<\/p>\n<p>Modo de empleo: Aplicar el producto con suaves palmaditas para que la piel realice una buena absorci\u00f3n. La crema puede ser aplicada bajo el maquillaje.<\/p>\n<p>Edad recomendada: 50+<\/p>","protected":false},"excerpt":{"rendered":"<p>Crema facial antiedad para el d\u00eda con protecci\u00f3n solar baja con SFP 6. Previene flacidez de la piel y suaviza las arrugas de forma significativa. Especialmente recomendada para pieles maduras, secas o con manchas de pigmentaci\u00f3n. &#8211; Redensifica la piel. &#8211; Favorece la producci\u00f3n de col\u00e1geno y elastina. &#8211; Estimula la autorreparaci\u00f3n de la piel. [&hellip;]<\/p>","protected":false},"featured_media":6129,"comment_status":"open","ping_status":"closed","template":"","meta":{"_acf_changed":false,"inline_featured_image":false},"product_cat":[105],"product_tag":[],"genre":[],"class_list":{"0":"post-6079","1":"product","2":"type-product","3":"status-publish","4":"has-post-thumbnail","6":"product_cat-salud","8":"first","9":"onbackorder","10":"taxable","11":"shipping-taxable","12":"purchasable","13":"product-type-simple","14":"add-to-wishlist-after_add_to_cart"},"acf":[],"_links":{"self":[{"href":"https:\/\/compraencieza.es\/en\/wp-json\/wp\/v2\/product\/6079","targetHints":{"allow":["GET"]}}],"collection":[{"href":"https:\/\/compraencieza.es\/en\/wp-json\/wp\/v2\/product"}],"about":[{"href":"https:\/\/compraencieza.es\/en\/wp-json\/wp\/v2\/types\/product"}],"replies":[{"embeddable":true,"href":"https:\/\/compraencieza.es\/en\/wp-json\/wp\/v2\/comments?post=6079"}],"wp:featuredmedia":[{"embeddable":true,"href":"https:\/\/compraencieza.es\/en\/wp-json\/wp\/v2\/media\/6129"}],"wp:attachment":[{"href":"https:\/\/compraencieza.es\/en\/wp-json\/wp\/v2\/media?parent=6079"}],"wp:term":[{"taxonomy":"product_cat","embeddable":true,"href":"https:\/\/compraencieza.es\/en\/wp-json\/wp\/v2\/product_cat?post=6079"},{"taxonomy":"product_tag","embeddable":true,"href":"https:\/\/compraencieza.es\/en\/wp-json\/wp\/v2\/product_tag?post=6079"},{"taxonomy":"product_brand","embeddable":true,"href":"https:\/\/compraencieza.es\/en\/wp-json\/wp\/v2\/genre?post=6079"}],"curies":[{"name":"wp","href":"https:\/\/api.w.org\/{rel}","templated":true}]}}