{"id":6080,"date":"2025-01-10T10:51:00","date_gmt":"2025-01-10T09:51:00","guid":{"rendered":"https:\/\/compraencieza.es\/?post_type=product&#038;p=6080"},"modified":"2025-01-10T11:06:25","modified_gmt":"2025-01-10T10:06:25","slug":"ziaja-crema-de-noche-antiarrugas-jasmine","status":"publish","type":"product","link":"https:\/\/compraencieza.es\/en\/product\/ziaja-crema-de-noche-antiarrugas-jasmine\/","title":{"rendered":"Ziaja Crema de Noche Antiarrugas Jasm\u00edne"},"content":{"rendered":"<div id=\"main-product-wrapper\">\n<div class=\"tabs product-tabs\">\n<div id=\"product-infos-tabs-content\" class=\"tab-content\">\n<div id=\"description\" class=\"tab-pane in active\">\n<div class=\"product-description\">\n<div class=\"rte-content\">\n<p>Crema facial antiedad de noche antiarrugas. Incrementa la elasticidad de la piel y frena el envejecimiento.<br \/>\nEspecialmente recomendada para pieles maduras, secas o con manchas de pigmentaci\u00f3n.<\/p>\n<p>&#8211; Favorece la producci\u00f3n de col\u00e1geno y elastina.<br \/>\n&#8211; Incrementa la elasticidad de la piel y frena el envejecimiento.<br \/>\n&#8211; Reduce las arrugas y alisa la piel.<br \/>\n&#8211; Mejora la hidrataci\u00f3n y suaviza para que la piel recobre su brillo natural.<br \/>\n&#8211; Estimula la producci\u00f3n natural de l\u00edpidos.<br \/>\n&#8211; Efecto nutritivo y m\u00e1xima suavidad para la piel.<br \/>\n&#8211; Reduce las manchas, proporciona una piel radiante y uniforme.<\/p>\n<p>MODO DE EMPLEO: Aplicar sobre el rostro y el cuello con delicados golpecitos.<\/p>\n<p>Ingredientes activos: microcol\u00e1geno, geniste\u00edna, hidroxiprolina, calcio, \u00e1cido hialur\u00f3nico, prote\u00ednas long-liffting, manteca de jazm\u00edn, \u00e1cidos grasos esenciales de aceite de oliva, aceite de coco, aceite de canola y extracto de mandarina japonesa.<\/p>\n<p>Apta para veganos.<\/p>\n<p>Modo de empleo: Aplicar el producto con suaves palmaditas para que la piel realice una buena absorci\u00f3n de la crema.<\/p>\n<\/div>\n<\/div>\n<\/div>\n<div id=\"product-details-tab\" class=\"tab-pane\">\n<div id=\"product-details\" class=\"clearfix\" style=\"box-sizing: border-box;\" data-product=\"{&quot;id_shop_default&quot;:&quot;2&quot;,&quot;id_manufacturer&quot;:&quot;4&quot;,&quot;id_supplier&quot;:&quot;3&quot;,&quot;reference&quot;:&quot;ZJA16328&quot;,&quot;is_virtual&quot;:&quot;0&quot;,&quot;delivery_in_stock&quot;:&quot;&quot;,&quot;delivery_out_stock&quot;:&quot;&quot;,&quot;id_category_default&quot;:&quot;1490&quot;,&quot;on_sale&quot;:&quot;0&quot;,&quot;online_only&quot;:&quot;0&quot;,&quot;ecotax&quot;:0,&quot;minimal_quantity&quot;:&quot;1&quot;,&quot;low_stock_threshold&quot;:null,&quot;low_stock_alert&quot;:&quot;0&quot;,&quot;price&quot;:&quot;5,09u00a0u20ac&quot;,&quot;unity&quot;:&quot;&quot;,&quot;unit_price_ratio&quot;:&quot;0.000000&quot;,&quot;additional_shipping_cost&quot;:&quot;0.00&quot;,&quot;customizable&quot;:&quot;0&quot;,&quot;text_fields&quot;:&quot;0&quot;,&quot;uploadable_files&quot;:&quot;0&quot;,&quot;redirect_type&quot;:&quot;404&quot;,&quot;id_type_redirected&quot;:&quot;0&quot;,&quot;available_for_order&quot;:&quot;1&quot;,&quot;available_date&quot;:&quot;0000-00-00&quot;,&quot;show_condition&quot;:&quot;&quot;,&quot;condition&quot;:&quot;new&quot;,&quot;show_price&quot;:&quot;1&quot;,&quot;indexed&quot;:&quot;1&quot;,&quot;visibility&quot;:&quot;both&quot;,&quot;cache_default_attribute&quot;:&quot;0&quot;,&quot;advanced_stock_management&quot;:&quot;0&quot;,&quot;date_add&quot;:&quot;2013-05-02 10:54:16&quot;,&quot;date_upd&quot;:&quot;2024-10-16 21:06:47&quot;,&quot;pack_stock_type&quot;:&quot;3&quot;,&quot;meta_description&quot;:&quot;Crema facial antiedad de noche antiarrugas. Incrementa la elasticidad de la piel y frena el envejecimiento.&quot;,&quot;meta_keywords&quot;:&quot;ZIAJA JAZMu00cdN Crema facial de noche antiarrugas&quot;,&quot;meta_title&quot;:&quot;JAZMu00cdN Crema facial de noche antiarrugas - ZIAJA&quot;,&quot;link_rewrite&quot;:&quot;ziaja-jazmin-crema-facial-de-noche-antiarrugas&quot;,&quot;name&quot;:&quot;JAZMu00cdN Crema facial de noche antiarrugas&quot;,&quot;description&quot;:&quot;&lt;p&gt;Crema facial antiedad de noche antiarrugas. Incrementa la elasticidad de la piel y frena el envejecimiento.&lt;br&gt;Especialmente recomendada para pieles maduras, secas o con manchas de pigmentaciu00f3n. &lt;br&gt;&lt;br&gt;- Favorece la producciu00f3n de colu00e1geno y elastina.&lt;br&gt;- Incrementa la elasticidad de la piel y frena el envejecimiento.&lt;br&gt;- Reduce las arrugas y alisa la piel.&lt;br&gt;- Mejora la hidrataciu00f3n y suaviza para que la piel recobre su brillo natural.&lt;br&gt;- Estimula la producciu00f3n natural de lu00edpidos.&lt;br&gt;- Efecto nutritivo y mu00e1xima suavidad para la piel.&lt;br&gt;- Reduce las manchas, proporciona una piel radiante y uniforme.&lt;br&gt;&lt;br&gt;MODO DE EMPLEO: Aplicar sobre el rostro y el cuello con delicados golpecitos.&lt;br&gt;&lt;br&gt;Ingredientes activos: microcolu00e1geno, genisteu00edna, hidroxiprolina, calcio, u00e1cido hialuru00f3nico, proteu00ednas long-liffting, manteca de jazmu00edn, u00e1cidos grasos esenciales de aceite de oliva, aceite de coco, aceite de canola y extracto de mandarina japonesa.&lt;br&gt;&lt;br&gt;Apta para veganos.&lt;br&gt;&lt;br&gt;&lt;br&gt;Modo de empleo: Aplicar el producto con suaves palmaditas para que la piel realice una buena absorciu00f3n de la crema.&lt;\/p&gt;&quot;,&quot;description_short&quot;:&quot;r\\nCrema facial antiedad de noche antiarrugas. Incrementa la elasticidad de la piel y frena el envejecimiento.&quot;,&quot;available_now&quot;:&quot;&quot;,&quot;available_later&quot;:&quot;&quot;,&quot;id&quot;:395,&quot;id_product&quot;:395,&quot;out_of_stock&quot;:2,&quot;new&quot;:0,&quot;id_product_attribute&quot;:&quot;0&quot;,&quot;quantity_wanted&quot;:1,&quot;extraContent&quot;:[],&quot;allow_oosp&quot;:0,&quot;category&quot;:&quot;cremas-de-noche&quot;,&quot;category_name&quot;:&quot;Cremas de noche&quot;,&quot;link&quot;:&quot;https:\/\/ziajashop.es\/395-ziaja-jazmin-crema-facial-de-noche-antiarrugas.html&quot;,&quot;attribute_price&quot;:0,&quot;price_tax_exc&quot;:4.2075,&quot;price_without_reduction&quot;:5.9895,&quot;reduction&quot;:0.898425,&quot;specific_prices&quot;:{&quot;id_specific_price&quot;:&quot;3809808&quot;,&quot;id_specific_price_rule&quot;:&quot;327&quot;,&quot;id_cart&quot;:&quot;0&quot;,&quot;id_product&quot;:&quot;395&quot;,&quot;id_shop&quot;:&quot;10&quot;,&quot;id_shop_group&quot;:&quot;0&quot;,&quot;id_currency&quot;:&quot;0&quot;,&quot;id_country&quot;:&quot;0&quot;,&quot;id_group&quot;:&quot;0&quot;,&quot;id_customer&quot;:&quot;0&quot;,&quot;id_product_attribute&quot;:&quot;0&quot;,&quot;price&quot;:&quot;-1.000000&quot;,&quot;from_quantity&quot;:&quot;1&quot;,&quot;reduction&quot;:&quot;0.150000&quot;,&quot;reduction_tax&quot;:&quot;1&quot;,&quot;reduction_type&quot;:&quot;percentage&quot;,&quot;from&quot;:&quot;2024-10-16 00:00:00&quot;,&quot;to&quot;:&quot;2024-10-31 23:59:00&quot;,&quot;score&quot;:&quot;48&quot;},&quot;quantity&quot;:1064,&quot;quantity_all_versions&quot;:1064,&quot;id_image&quot;:&quot;es-default&quot;,&quot;features&quot;:[{&quot;name&quot;:&quot;Capacidad&quot;,&quot;value&quot;:&quot;50 ml&quot;,&quot;id_feature&quot;:&quot;1&quot;,&quot;position&quot;:&quot;8&quot;},{&quot;name&quot;:&quot;Tipo de piel&quot;,&quot;value&quot;:&quot;madura&quot;,&quot;id_feature&quot;:&quot;18&quot;,&quot;position&quot;:&quot;19&quot;},{&quot;name&quot;:&quot;Lu00ednea&quot;,&quot;value&quot;:&quot;Jazmu00edn&quot;,&quot;id_feature&quot;:&quot;35&quot;,&quot;position&quot;:&quot;23&quot;},{&quot;name&quot;:&quot;Caracteru00edstica&quot;,&quot;value&quot;:&quot;Vegano&quot;,&quot;id_feature&quot;:&quot;33&quot;,&quot;position&quot;:&quot;24&quot;},{&quot;name&quot;:&quot;Edad&quot;,&quot;value&quot;:&quot;+50 au00f1os&quot;,&quot;id_feature&quot;:&quot;38&quot;,&quot;position&quot;:&quot;25&quot;}],&quot;attachments&quot;:[],&quot;virtual&quot;:0,&quot;pack&quot;:0,&quot;packItems&quot;:[],&quot;nopackprice&quot;:0,&quot;customization_required&quot;:false,&quot;rate&quot;:21,&quot;tax_name&quot;:&quot;IVA ES 21%&quot;,&quot;ecotax_rate&quot;:0,&quot;unit_price&quot;:&quot;&quot;,&quot;customizations&quot;:{&quot;fields&quot;:[]},&quot;id_customization&quot;:0,&quot;is_customizable&quot;:false,&quot;show_quantities&quot;:false,&quot;quantity_label&quot;:&quot;Artu00edculos&quot;,&quot;quantity_discounts&quot;:[],&quot;customer_group_discount&quot;:0,&quot;images&quot;:[{&quot;bySize&quot;:{&quot;small_default&quot;:{&quot;url&quot;:&quot;https:\/\/ziajashop.es\/9489-small_default\/ziaja-jazmin-crema-facial-de-noche-antiarrugas.jpg&quot;,&quot;width&quot;:98,&quot;height&quot;:127},&quot;cart_default&quot;:{&quot;url&quot;:&quot;https:\/\/ziajashop.es\/9489-cart_default\/ziaja-jazmin-crema-facial-de-noche-antiarrugas.jpg&quot;,&quot;width&quot;:125,&quot;height&quot;:162},&quot;large_default&quot;:{&quot;url&quot;:&quot;https:\/\/ziajashop.es\/9489-large_default\/ziaja-jazmin-crema-facial-de-noche-antiarrugas.jpg&quot;,&quot;width&quot;:381,&quot;height&quot;:492},&quot;medium_default&quot;:{&quot;url&quot;:&quot;https:\/\/ziajashop.es\/9489-medium_default\/ziaja-jazmin-crema-facial-de-noche-antiarrugas.jpg&quot;,&quot;width&quot;:452,&quot;height&quot;:584},&quot;home_default&quot;:{&quot;url&quot;:&quot;https:\/\/ziajashop.es\/9489-home_default\/ziaja-jazmin-crema-facial-de-noche-antiarrugas.jpg&quot;,&quot;width&quot;:800,&quot;height&quot;:800},&quot;thickbox_default&quot;:{&quot;url&quot;:&quot;https:\/\/ziajashop.es\/9489-thickbox_default\/ziaja-jazmin-crema-facial-de-noche-antiarrugas.jpg&quot;,&quot;width&quot;:1100,&quot;height&quot;:1422}},&quot;small&quot;:{&quot;url&quot;:&quot;https:\/\/ziajashop.es\/9489-small_default\/ziaja-jazmin-crema-facial-de-noche-antiarrugas.jpg&quot;,&quot;width&quot;:98,&quot;height&quot;:127},&quot;medium&quot;:{&quot;url&quot;:&quot;https:\/\/ziajashop.es\/9489-medium_default\/ziaja-jazmin-crema-facial-de-noche-antiarrugas.jpg&quot;,&quot;width&quot;:452,&quot;height&quot;:584},&quot;large&quot;:{&quot;url&quot;:&quot;https:\/\/ziajashop.es\/9489-thickbox_default\/ziaja-jazmin-crema-facial-de-noche-antiarrugas.jpg&quot;,&quot;width&quot;:1100,&quot;height&quot;:1422},&quot;legend&quot;:&quot;&quot;,&quot;cover&quot;:&quot;1&quot;,&quot;id_image&quot;:&quot;9489&quot;,&quot;position&quot;:&quot;1&quot;,&quot;associatedVariants&quot;:[]},{&quot;bySize&quot;:{&quot;small_default&quot;:{&quot;url&quot;:&quot;https:\/\/ziajashop.es\/9490-small_default\/ziaja-jazmin-crema-facial-de-noche-antiarrugas.jpg&quot;,&quot;width&quot;:98,&quot;height&quot;:127},&quot;cart_default&quot;:{&quot;url&quot;:&quot;https:\/\/ziajashop.es\/9490-cart_default\/ziaja-jazmin-crema-facial-de-noche-antiarrugas.jpg&quot;,&quot;width&quot;:125,&quot;height&quot;:162},&quot;large_default&quot;:{&quot;url&quot;:&quot;https:\/\/ziajashop.es\/9490-large_default\/ziaja-jazmin-crema-facial-de-noche-antiarrugas.jpg&quot;,&quot;width&quot;:381,&quot;height&quot;:492},&quot;medium_default&quot;:{&quot;url&quot;:&quot;https:\/\/ziajashop.es\/9490-medium_default\/ziaja-jazmin-crema-facial-de-noche-antiarrugas.jpg&quot;,&quot;width&quot;:452,&quot;height&quot;:584},&quot;home_default&quot;:{&quot;url&quot;:&quot;https:\/\/ziajashop.es\/9490-home_default\/ziaja-jazmin-crema-facial-de-noche-antiarrugas.jpg&quot;,&quot;width&quot;:800,&quot;height&quot;:800},&quot;thickbox_default&quot;:{&quot;url&quot;:&quot;https:\/\/ziajashop.es\/9490-thickbox_default\/ziaja-jazmin-crema-facial-de-noche-antiarrugas.jpg&quot;,&quot;width&quot;:1100,&quot;height&quot;:1422}},&quot;small&quot;:{&quot;url&quot;:&quot;https:\/\/ziajashop.es\/9490-small_default\/ziaja-jazmin-crema-facial-de-noche-antiarrugas.jpg&quot;,&quot;width&quot;:98,&quot;height&quot;:127},&quot;medium&quot;:{&quot;url&quot;:&quot;https:\/\/ziajashop.es\/9490-medium_default\/ziaja-jazmin-crema-facial-de-noche-antiarrugas.jpg&quot;,&quot;width&quot;:452,&quot;height&quot;:584},&quot;large&quot;:{&quot;url&quot;:&quot;https:\/\/ziajashop.es\/9490-thickbox_default\/ziaja-jazmin-crema-facial-de-noche-antiarrugas.jpg&quot;,&quot;width&quot;:1100,&quot;height&quot;:1422},&quot;legend&quot;:&quot;&quot;,&quot;cover&quot;:null,&quot;id_image&quot;:&quot;9490&quot;,&quot;position&quot;:&quot;2&quot;,&quot;associatedVariants&quot;:[]},{&quot;bySize&quot;:{&quot;small_default&quot;:{&quot;url&quot;:&quot;https:\/\/ziajashop.es\/11052-small_default\/ziaja-jazmin-crema-facial-de-noche-antiarrugas.jpg&quot;,&quot;width&quot;:98,&quot;height&quot;:127},&quot;cart_default&quot;:{&quot;url&quot;:&quot;https:\/\/ziajashop.es\/11052-cart_default\/ziaja-jazmin-crema-facial-de-noche-antiarrugas.jpg&quot;,&quot;width&quot;:125,&quot;height&quot;:162},&quot;large_default&quot;:{&quot;url&quot;:&quot;https:\/\/ziajashop.es\/11052-large_default\/ziaja-jazmin-crema-facial-de-noche-antiarrugas.jpg&quot;,&quot;width&quot;:381,&quot;height&quot;:492},&quot;medium_default&quot;:{&quot;url&quot;:&quot;https:\/\/ziajashop.es\/11052-medium_default\/ziaja-jazmin-crema-facial-de-noche-antiarrugas.jpg&quot;,&quot;width&quot;:452,&quot;height&quot;:584},&quot;home_default&quot;:{&quot;url&quot;:&quot;https:\/\/ziajashop.es\/11052-home_default\/ziaja-jazmin-crema-facial-de-noche-antiarrugas.jpg&quot;,&quot;width&quot;:800,&quot;height&quot;:800},&quot;thickbox_default&quot;:{&quot;url&quot;:&quot;https:\/\/ziajashop.es\/11052-thickbox_default\/ziaja-jazmin-crema-facial-de-noche-antiarrugas.jpg&quot;,&quot;width&quot;:1100,&quot;height&quot;:1422}},&quot;small&quot;:{&quot;url&quot;:&quot;https:\/\/ziajashop.es\/11052-small_default\/ziaja-jazmin-crema-facial-de-noche-antiarrugas.jpg&quot;,&quot;width&quot;:98,&quot;height&quot;:127},&quot;medium&quot;:{&quot;url&quot;:&quot;https:\/\/ziajashop.es\/11052-medium_default\/ziaja-jazmin-crema-facial-de-noche-antiarrugas.jpg&quot;,&quot;width&quot;:452,&quot;height&quot;:584},&quot;large&quot;:{&quot;url&quot;:&quot;https:\/\/ziajashop.es\/11052-thickbox_default\/ziaja-jazmin-crema-facial-de-noche-antiarrugas.jpg&quot;,&quot;width&quot;:1100,&quot;height&quot;:1422},&quot;legend&quot;:&quot;&quot;,&quot;cover&quot;:null,&quot;id_image&quot;:&quot;11052&quot;,&quot;position&quot;:&quot;3&quot;,&quot;associatedVariants&quot;:[]},{&quot;bySize&quot;:{&quot;small_default&quot;:{&quot;url&quot;:&quot;https:\/\/ziajashop.es\/10944-small_default\/ziaja-jazmin-crema-facial-de-noche-antiarrugas.jpg&quot;,&quot;width&quot;:98,&quot;height&quot;:127},&quot;cart_default&quot;:{&quot;url&quot;:&quot;https:\/\/ziajashop.es\/10944-cart_default\/ziaja-jazmin-crema-facial-de-noche-antiarrugas.jpg&quot;,&quot;width&quot;:125,&quot;height&quot;:162},&quot;large_default&quot;:{&quot;url&quot;:&quot;https:\/\/ziajashop.es\/10944-large_default\/ziaja-jazmin-crema-facial-de-noche-antiarrugas.jpg&quot;,&quot;width&quot;:381,&quot;height&quot;:492},&quot;medium_default&quot;:{&quot;url&quot;:&quot;https:\/\/ziajashop.es\/10944-medium_default\/ziaja-jazmin-crema-facial-de-noche-antiarrugas.jpg&quot;,&quot;width&quot;:452,&quot;height&quot;:584},&quot;home_default&quot;:{&quot;url&quot;:&quot;https:\/\/ziajashop.es\/10944-home_default\/ziaja-jazmin-crema-facial-de-noche-antiarrugas.jpg&quot;,&quot;width&quot;:800,&quot;height&quot;:800},&quot;thickbox_default&quot;:{&quot;url&quot;:&quot;https:\/\/ziajashop.es\/10944-thickbox_default\/ziaja-jazmin-crema-facial-de-noche-antiarrugas.jpg&quot;,&quot;width&quot;:1100,&quot;height&quot;:1422}},&quot;small&quot;:{&quot;url&quot;:&quot;https:\/\/ziajashop.es\/10944-small_default\/ziaja-jazmin-crema-facial-de-noche-antiarrugas.jpg&quot;,&quot;width&quot;:98,&quot;height&quot;:127},&quot;medium&quot;:{&quot;url&quot;:&quot;https:\/\/ziajashop.es\/10944-medium_default\/ziaja-jazmin-crema-facial-de-noche-antiarrugas.jpg&quot;,&quot;width&quot;:452,&quot;height&quot;:584},&quot;large&quot;:{&quot;url&quot;:&quot;https:\/\/ziajashop.es\/10944-thickbox_default\/ziaja-jazmin-crema-facial-de-noche-antiarrugas.jpg&quot;,&quot;width&quot;:1100,&quot;height&quot;:1422},&quot;legend&quot;:&quot;&quot;,&quot;cover&quot;:null,&quot;id_image&quot;:&quot;10944&quot;,&quot;position&quot;:&quot;4&quot;,&quot;associatedVariants&quot;:[]}],&quot;cover&quot;:{&quot;bySize&quot;:{&quot;small_default&quot;:{&quot;url&quot;:&quot;https:\/\/ziajashop.es\/9489-small_default\/ziaja-jazmin-crema-facial-de-noche-antiarrugas.jpg&quot;,&quot;width&quot;:98,&quot;height&quot;:127},&quot;cart_default&quot;:{&quot;url&quot;:&quot;https:\/\/ziajashop.es\/9489-cart_default\/ziaja-jazmin-crema-facial-de-noche-antiarrugas.jpg&quot;,&quot;width&quot;:125,&quot;height&quot;:162},&quot;large_default&quot;:{&quot;url&quot;:&quot;https:\/\/ziajashop.es\/9489-large_default\/ziaja-jazmin-crema-facial-de-noche-antiarrugas.jpg&quot;,&quot;width&quot;:381,&quot;height&quot;:492},&quot;medium_default&quot;:{&quot;url&quot;:&quot;https:\/\/ziajashop.es\/9489-medium_default\/ziaja-jazmin-crema-facial-de-noche-antiarrugas.jpg&quot;,&quot;width&quot;:452,&quot;height&quot;:584},&quot;home_default&quot;:{&quot;url&quot;:&quot;https:\/\/ziajashop.es\/9489-home_default\/ziaja-jazmin-crema-facial-de-noche-antiarrugas.jpg&quot;,&quot;width&quot;:800,&quot;height&quot;:800},&quot;thickbox_default&quot;:{&quot;url&quot;:&quot;https:\/\/ziajashop.es\/9489-thickbox_default\/ziaja-jazmin-crema-facial-de-noche-antiarrugas.jpg&quot;,&quot;width&quot;:1100,&quot;height&quot;:1422}},&quot;small&quot;:{&quot;url&quot;:&quot;https:\/\/ziajashop.es\/9489-small_default\/ziaja-jazmin-crema-facial-de-noche-antiarrugas.jpg&quot;,&quot;width&quot;:98,&quot;height&quot;:127},&quot;medium&quot;:{&quot;url&quot;:&quot;https:\/\/ziajashop.es\/9489-medium_default\/ziaja-jazmin-crema-facial-de-noche-antiarrugas.jpg&quot;,&quot;width&quot;:452,&quot;height&quot;:584},&quot;large&quot;:{&quot;url&quot;:&quot;https:\/\/ziajashop.es\/9489-thickbox_default\/ziaja-jazmin-crema-facial-de-noche-antiarrugas.jpg&quot;,&quot;width&quot;:1100,&quot;height&quot;:1422},&quot;legend&quot;:&quot;&quot;,&quot;cover&quot;:&quot;1&quot;,&quot;id_image&quot;:&quot;9489&quot;,&quot;position&quot;:&quot;1&quot;,&quot;associatedVariants&quot;:[]},&quot;has_discount&quot;:true,&quot;discount_type&quot;:&quot;percentage&quot;,&quot;discount_percentage&quot;:&quot;-15%&quot;,&quot;discount_percentage_absolute&quot;:&quot;15%&quot;,&quot;discount_amount&quot;:&quot;0,90u00a0u20ac&quot;,&quot;discount_amount_to_display&quot;:&quot;-0,90u00a0u20ac&quot;,&quot;price_amount&quot;:5.09,&quot;unit_price_full&quot;:&quot;&quot;,&quot;show_availability&quot;:true,&quot;availability_date&quot;:null,&quot;availability_message&quot;:&quot;&quot;,&quot;availability&quot;:&quot;available&quot;}\">\n<section class=\"product-features\">\n<dl class=\"data-sheet\">\n<dt class=\"name\"><\/dt>\n<dd class=\"value\"><\/dd>\n<dt class=\"name\"><\/dt>\n<dd class=\"value\"><\/dd>\n<dt class=\"name\"><\/dt>\n<dd class=\"value\"><\/dd>\n<dt class=\"name\"><\/dt>\n<dd class=\"value\"><\/dd>\n<dt class=\"name\"><\/dt>\n<dd class=\"value\"><\/dd>\n<\/dl>\n<\/section>\n<div class=\"product-manufacturer  float-right\"><label class=\"label\"><\/label><a href=\"https:\/\/ziajashop.es\/brand\/4-ziaja\" target=\"_blank\" rel=\"noopener\"><img decoding=\"async\" class=\"img-fluid  manufacturer-logo\" src=\"https:\/\/ziajashop.es\/img\/m\/4.jpg\" alt=\"ZIAJA\" \/><\/a><\/div>\n<div class=\"product-reference\"><\/div>\n<div class=\"product-out-of-stock\"><\/div>\n<\/div>\n<\/div>\n<\/div>\n<\/div>\n<div id=\"product-infos-accordion-mobile\" class=\"iqit-accordion\" role=\"tablist\" aria-multiselectable=\"true\"><\/div>\n<\/div>\n<section class=\"page-product-box blockrelatedproductstags displayMode1\">\n<h3 class=\"products page-product-heading section-title\"><\/h3>\n<\/section>","protected":false},"excerpt":{"rendered":"<p>Crema facial antiedad de noche antiarrugas. Incrementa la elasticidad de la piel y frena el envejecimiento. Especialmente recomendada para pieles maduras, secas o con manchas de pigmentaci\u00f3n. &#8211; Favorece la producci\u00f3n de col\u00e1geno y elastina. &#8211; Incrementa la elasticidad de la piel y frena el envejecimiento. &#8211; Reduce las arrugas y alisa la piel. &#8211; [&hellip;]<\/p>","protected":false},"featured_media":6130,"comment_status":"open","ping_status":"closed","template":"","meta":{"_acf_changed":false,"inline_featured_image":false},"product_cat":[105],"product_tag":[],"genre":[],"class_list":{"0":"post-6080","1":"product","2":"type-product","3":"status-publish","4":"has-post-thumbnail","6":"product_cat-salud","8":"first","9":"instock","10":"taxable","11":"shipping-taxable","12":"purchasable","13":"product-type-simple","14":"add-to-wishlist-after_add_to_cart"},"acf":[],"_links":{"self":[{"href":"https:\/\/compraencieza.es\/en\/wp-json\/wp\/v2\/product\/6080","targetHints":{"allow":["GET"]}}],"collection":[{"href":"https:\/\/compraencieza.es\/en\/wp-json\/wp\/v2\/product"}],"about":[{"href":"https:\/\/compraencieza.es\/en\/wp-json\/wp\/v2\/types\/product"}],"replies":[{"embeddable":true,"href":"https:\/\/compraencieza.es\/en\/wp-json\/wp\/v2\/comments?post=6080"}],"wp:featuredmedia":[{"embeddable":true,"href":"https:\/\/compraencieza.es\/en\/wp-json\/wp\/v2\/media\/6130"}],"wp:attachment":[{"href":"https:\/\/compraencieza.es\/en\/wp-json\/wp\/v2\/media?parent=6080"}],"wp:term":[{"taxonomy":"product_cat","embeddable":true,"href":"https:\/\/compraencieza.es\/en\/wp-json\/wp\/v2\/product_cat?post=6080"},{"taxonomy":"product_tag","embeddable":true,"href":"https:\/\/compraencieza.es\/en\/wp-json\/wp\/v2\/product_tag?post=6080"},{"taxonomy":"product_brand","embeddable":true,"href":"https:\/\/compraencieza.es\/en\/wp-json\/wp\/v2\/genre?post=6080"}],"curies":[{"name":"wp","href":"https:\/\/api.w.org\/{rel}","templated":true}]}}