{"id":6081,"date":"2025-01-10T10:51:00","date_gmt":"2025-01-10T09:51:00","guid":{"rendered":"https:\/\/compraencieza.es\/?post_type=product&#038;p=6081"},"modified":"2025-01-10T11:06:25","modified_gmt":"2025-01-10T10:06:25","slug":"ziaja-bb-cream-piel-grasa-y-mixta","status":"publish","type":"product","link":"https:\/\/compraencieza.es\/en\/product\/ziaja-bb-cream-piel-grasa-y-mixta\/","title":{"rendered":"Ziaja BB Cream Piel Grasa y Mixta"},"content":{"rendered":"<p>La l\u00ednea para pieles mixtas y\/o grasas, hidrata, regenera, deja la piel uniforme y alisa a la vez que calma las irritaciones gracias a sus ingredientes activos: el \u00e1cido olean\u00f3lico, la vitamina B3, el \u00e1cido hialur\u00f3nico, la provitamina B5, la vitamina E y C, filtros UVA y UVB y los pigmentos minerales estabilizantes.<\/p>","protected":false},"excerpt":{"rendered":"<p>La l\u00ednea para pieles mixtas y\/o grasas, hidrata, regenera, deja la piel uniforme y alisa a la vez que calma las irritaciones gracias a sus ingredientes activos: el \u00e1cido olean\u00f3lico, la vitamina B3, el \u00e1cido hialur\u00f3nico, la provitamina B5, la vitamina E y C, filtros UVA y UVB y los pigmentos minerales estabilizantes.<\/p>","protected":false},"featured_media":6136,"comment_status":"open","ping_status":"closed","template":"","meta":{"_acf_changed":false,"inline_featured_image":false},"product_cat":[105],"product_tag":[],"genre":[],"class_list":{"0":"post-6081","1":"product","2":"type-product","3":"status-publish","4":"has-post-thumbnail","6":"product_cat-salud","8":"first","9":"instock","10":"taxable","11":"shipping-taxable","12":"purchasable","13":"product-type-simple","14":"add-to-wishlist-after_add_to_cart"},"acf":[],"_links":{"self":[{"href":"https:\/\/compraencieza.es\/en\/wp-json\/wp\/v2\/product\/6081","targetHints":{"allow":["GET"]}}],"collection":[{"href":"https:\/\/compraencieza.es\/en\/wp-json\/wp\/v2\/product"}],"about":[{"href":"https:\/\/compraencieza.es\/en\/wp-json\/wp\/v2\/types\/product"}],"replies":[{"embeddable":true,"href":"https:\/\/compraencieza.es\/en\/wp-json\/wp\/v2\/comments?post=6081"}],"wp:featuredmedia":[{"embeddable":true,"href":"https:\/\/compraencieza.es\/en\/wp-json\/wp\/v2\/media\/6136"}],"wp:attachment":[{"href":"https:\/\/compraencieza.es\/en\/wp-json\/wp\/v2\/media?parent=6081"}],"wp:term":[{"taxonomy":"product_cat","embeddable":true,"href":"https:\/\/compraencieza.es\/en\/wp-json\/wp\/v2\/product_cat?post=6081"},{"taxonomy":"product_tag","embeddable":true,"href":"https:\/\/compraencieza.es\/en\/wp-json\/wp\/v2\/product_tag?post=6081"},{"taxonomy":"product_brand","embeddable":true,"href":"https:\/\/compraencieza.es\/en\/wp-json\/wp\/v2\/genre?post=6081"}],"curies":[{"name":"wp","href":"https:\/\/api.w.org\/{rel}","templated":true}]}}