{"id":6083,"date":"2025-01-10T10:51:00","date_gmt":"2025-01-10T09:51:00","guid":{"rendered":"https:\/\/compraencieza.es\/?post_type=product&#038;p=6083"},"modified":"2025-01-10T11:06:25","modified_gmt":"2025-01-10T10:06:25","slug":"ziaja-base-de-maquillaje-no-make-up-jeju","status":"publish","type":"product","link":"https:\/\/compraencieza.es\/en\/product\/ziaja-base-de-maquillaje-no-make-up-jeju\/","title":{"rendered":"Ziaja Base de Maquillaje No Make Up Jeju"},"content":{"rendered":"<p>Base de maquillaje \u00abno make-up\u00bb color natural.<\/p>\n<p>Fluido de delicado tono natural para cubrir las imperfecciones de la piel joven.<br \/>\nSin efecto \u00abm\u00e1scara\u00bb, es de f\u00e1cil aplicaci\u00f3n y de r\u00e1pida absorci\u00f3n.<br \/>\nNo obstruye los poros de la piel.<\/p>\n<p>Proporciona un look natural con un toque de brillo natural, igualando el tono de la piel, cubriendo imperfecciones.<\/p>\n<p>Contiene cistus, una sustancia ideal para todo tipo de pieles. Es astringente y purificante para pieles grasas y con tendencia al acn\u00e9. Calmante para pieles irritadas y sensibles, dermatitis, psoriasis y ros\u00e1cea. Reafirmante y regenerador para pieles maduras y cicatrizante en heridas y quemaduras solares.<\/p>\n<p>Apta para veganos.<\/p>\n<p>Modo de empleo: Aplicar en el rostro mediante suaves palmaditas. Evitar el contacto con los ojos. Repetir a lo largo del d\u00eda si es necesario.<br \/>\n______<\/p>\n<p>El concepto de la l\u00ednea JEJU se cre\u00f3 para personas j\u00f3venes y activas. Es una propuesta para el cuidado y la prevenci\u00f3n de las imperfecciones cut\u00e1neas comunes durante la pubertad.<\/p>\n<p>La formulaci\u00f3n de JEJU est\u00e1 elaborada especialmente para j\u00f3venes, centrada en efectos limpiadores, antiseborreicos, antibacterianos, hidratantes y calmantes. Los dos puntos fuertes de la gama JEJU son las materias primas naturales de origen asi\u00e1tico: el aceite de camelia japonesa y el carb\u00f3n de binchotan.<\/p>","protected":false},"excerpt":{"rendered":"<p>Base de maquillaje \u00abno make-up\u00bb color natural. Fluido de delicado tono natural para cubrir las imperfecciones de la piel joven. Sin efecto \u00abm\u00e1scara\u00bb, es de f\u00e1cil aplicaci\u00f3n y de r\u00e1pida absorci\u00f3n. No obstruye los poros de la piel. Proporciona un look natural con un toque de brillo natural, igualando el tono de la piel, cubriendo [&hellip;]<\/p>","protected":false},"featured_media":6138,"comment_status":"open","ping_status":"closed","template":"","meta":{"_acf_changed":false,"inline_featured_image":false},"product_cat":[105],"product_tag":[],"genre":[],"class_list":{"0":"post-6083","1":"product","2":"type-product","3":"status-publish","4":"has-post-thumbnail","6":"product_cat-salud","8":"first","9":"instock","10":"taxable","11":"shipping-taxable","12":"purchasable","13":"product-type-simple","14":"add-to-wishlist-after_add_to_cart"},"acf":[],"_links":{"self":[{"href":"https:\/\/compraencieza.es\/en\/wp-json\/wp\/v2\/product\/6083","targetHints":{"allow":["GET"]}}],"collection":[{"href":"https:\/\/compraencieza.es\/en\/wp-json\/wp\/v2\/product"}],"about":[{"href":"https:\/\/compraencieza.es\/en\/wp-json\/wp\/v2\/types\/product"}],"replies":[{"embeddable":true,"href":"https:\/\/compraencieza.es\/en\/wp-json\/wp\/v2\/comments?post=6083"}],"wp:featuredmedia":[{"embeddable":true,"href":"https:\/\/compraencieza.es\/en\/wp-json\/wp\/v2\/media\/6138"}],"wp:attachment":[{"href":"https:\/\/compraencieza.es\/en\/wp-json\/wp\/v2\/media?parent=6083"}],"wp:term":[{"taxonomy":"product_cat","embeddable":true,"href":"https:\/\/compraencieza.es\/en\/wp-json\/wp\/v2\/product_cat?post=6083"},{"taxonomy":"product_tag","embeddable":true,"href":"https:\/\/compraencieza.es\/en\/wp-json\/wp\/v2\/product_tag?post=6083"},{"taxonomy":"product_brand","embeddable":true,"href":"https:\/\/compraencieza.es\/en\/wp-json\/wp\/v2\/genre?post=6083"}],"curies":[{"name":"wp","href":"https:\/\/api.w.org\/{rel}","templated":true}]}}