{"id":6089,"date":"2025-01-10T10:51:21","date_gmt":"2025-01-10T09:51:21","guid":{"rendered":"https:\/\/compraencieza.es\/?post_type=product&#038;p=6089"},"modified":"2025-01-10T11:06:25","modified_gmt":"2025-01-10T10:06:25","slug":"ziaja-cc-cream-piel-irritada-y-sensible","status":"publish","type":"product","link":"https:\/\/compraencieza.es\/en\/product\/ziaja-cc-cream-piel-irritada-y-sensible\/","title":{"rendered":"Ziaja CC Cream Piel Irritada y Sensible"},"content":{"rendered":"<p>La CC Cream para piel sensible, poco a poco corrige el tono de la piel calmando irritaciones.<\/p>\n<p>Gracias a sus ingredientes, poco a poco unifica el tono calmando alteraciones de la piel y aporta un efecto de buena cara.<\/p>\n<p>Hidrata y proporciona la protecci\u00f3n y regeneraci\u00f3n necesarias gracias a sus ingredientes activos: la escina del Casta\u00f1o de Indias, la vitamina C, el \u00e1cido hialur\u00f3nico, la provitamina B5, la vitamina E, Q10, los filtros UVA y UVB y pigmentos equilibrantes.<\/p>\n<p>Est\u00e1 indicada para pieles sensibles<\/p>","protected":false},"excerpt":{"rendered":"<p>La CC Cream para piel sensible, poco a poco corrige el tono de la piel calmando irritaciones. Gracias a sus ingredientes, poco a poco unifica el tono calmando alteraciones de la piel y aporta un efecto de buena cara. Hidrata y proporciona la protecci\u00f3n y regeneraci\u00f3n necesarias gracias a sus ingredientes activos: la escina del [&hellip;]<\/p>","protected":false},"featured_media":6139,"comment_status":"open","ping_status":"closed","template":"","meta":{"_acf_changed":false,"inline_featured_image":false},"product_cat":[105],"product_tag":[],"genre":[],"class_list":{"0":"post-6089","1":"product","2":"type-product","3":"status-publish","4":"has-post-thumbnail","6":"product_cat-salud","8":"first","9":"instock","10":"taxable","11":"shipping-taxable","12":"purchasable","13":"product-type-simple","14":"add-to-wishlist-after_add_to_cart"},"acf":[],"_links":{"self":[{"href":"https:\/\/compraencieza.es\/en\/wp-json\/wp\/v2\/product\/6089","targetHints":{"allow":["GET"]}}],"collection":[{"href":"https:\/\/compraencieza.es\/en\/wp-json\/wp\/v2\/product"}],"about":[{"href":"https:\/\/compraencieza.es\/en\/wp-json\/wp\/v2\/types\/product"}],"replies":[{"embeddable":true,"href":"https:\/\/compraencieza.es\/en\/wp-json\/wp\/v2\/comments?post=6089"}],"wp:featuredmedia":[{"embeddable":true,"href":"https:\/\/compraencieza.es\/en\/wp-json\/wp\/v2\/media\/6139"}],"wp:attachment":[{"href":"https:\/\/compraencieza.es\/en\/wp-json\/wp\/v2\/media?parent=6089"}],"wp:term":[{"taxonomy":"product_cat","embeddable":true,"href":"https:\/\/compraencieza.es\/en\/wp-json\/wp\/v2\/product_cat?post=6089"},{"taxonomy":"product_tag","embeddable":true,"href":"https:\/\/compraencieza.es\/en\/wp-json\/wp\/v2\/product_tag?post=6089"},{"taxonomy":"product_brand","embeddable":true,"href":"https:\/\/compraencieza.es\/en\/wp-json\/wp\/v2\/genre?post=6089"}],"curies":[{"name":"wp","href":"https:\/\/api.w.org\/{rel}","templated":true}]}}