{"id":6090,"date":"2025-01-10T10:51:21","date_gmt":"2025-01-10T09:51:21","guid":{"rendered":"https:\/\/compraencieza.es\/?post_type=product&#038;p=6090"},"modified":"2025-01-10T11:06:25","modified_gmt":"2025-01-10T10:06:25","slug":"elisier-medavita-50-ml","status":"publish","type":"product","link":"https:\/\/compraencieza.es\/en\/product\/elisier-medavita-50-ml\/","title":{"rendered":"Elisier Medavita 50 ml"},"content":{"rendered":"<ol>\n<li><strong>MEDAVITA Elisir Serum Capilar Fortificante Y Regenerador 50ml<\/strong><\/li>\n<\/ol>\n<p>S\u00e9rum capilar fortificante y regenerador. Aumenta la fuerza y \u200b\u200bgrosor del cabello, preservando su vitalidad y belleza. D\u00eda tras d\u00eda, la fibra capilar recupera brillo, resistencia y volumen. Con \u00c1cido Hialur\u00f3nico. Gracias a la propiedad de esta mol\u00e9cula de aumentar su tama\u00f1o al captar agua, el cuero cabelludo queda significativamente rehidratado. Esta acci\u00f3n compensa por tanto los efectos negativos del sol, los factores ambientales, los tratamientos agresivos, que provocan rotura, sequedad, p\u00e9rdida de brillo y color. La cafe\u00edna contenida tiene una fuerte acci\u00f3n estimulante, aumentando la actividad metab\u00f3lica, revitalizante, ya que mejora la oxigenaci\u00f3n y tonifica el cuero cabelludo, drenante, favoreciendo la reducci\u00f3n de la retenci\u00f3n de agua, drenaje y eliminaci\u00f3n de l\u00edquidos corporales estancados, queratol\u00edtica, favoreciendo la eliminaci\u00f3n de c\u00e9lulas muertas y mejorando la apariencia de la piel y el cabello.<\/p>\n<p><strong>C\u00d3MO UTILIZAR<\/strong><br \/>\nAplicar sobre el cuero cabelludo secado con toalla y\/o seco. Distribuir y masajear delicadamente. No enjuague.<\/p>\n<p><!--more--><\/p>","protected":false},"excerpt":{"rendered":"<p>MEDAVITA Elisir Serum Capilar Fortificante Y Regenerador 50ml S\u00e9rum capilar fortificante y regenerador. Aumenta la fuerza y \u200b\u200bgrosor del cabello, preservando su vitalidad y belleza. D\u00eda tras d\u00eda, la fibra capilar recupera brillo, resistencia y volumen. Con \u00c1cido Hialur\u00f3nico. Gracias a la propiedad de esta mol\u00e9cula de aumentar su tama\u00f1o al captar agua, el cuero [&hellip;]<\/p>","protected":false},"featured_media":6140,"comment_status":"open","ping_status":"closed","template":"","meta":{"_acf_changed":false,"inline_featured_image":false},"product_cat":[105],"product_tag":[],"genre":[],"class_list":{"0":"post-6090","1":"product","2":"type-product","3":"status-publish","4":"has-post-thumbnail","6":"product_cat-salud","8":"first","9":"instock","10":"taxable","11":"shipping-taxable","12":"purchasable","13":"product-type-simple","14":"add-to-wishlist-after_add_to_cart"},"acf":[],"_links":{"self":[{"href":"https:\/\/compraencieza.es\/en\/wp-json\/wp\/v2\/product\/6090","targetHints":{"allow":["GET"]}}],"collection":[{"href":"https:\/\/compraencieza.es\/en\/wp-json\/wp\/v2\/product"}],"about":[{"href":"https:\/\/compraencieza.es\/en\/wp-json\/wp\/v2\/types\/product"}],"replies":[{"embeddable":true,"href":"https:\/\/compraencieza.es\/en\/wp-json\/wp\/v2\/comments?post=6090"}],"wp:featuredmedia":[{"embeddable":true,"href":"https:\/\/compraencieza.es\/en\/wp-json\/wp\/v2\/media\/6140"}],"wp:attachment":[{"href":"https:\/\/compraencieza.es\/en\/wp-json\/wp\/v2\/media?parent=6090"}],"wp:term":[{"taxonomy":"product_cat","embeddable":true,"href":"https:\/\/compraencieza.es\/en\/wp-json\/wp\/v2\/product_cat?post=6090"},{"taxonomy":"product_tag","embeddable":true,"href":"https:\/\/compraencieza.es\/en\/wp-json\/wp\/v2\/product_tag?post=6090"},{"taxonomy":"product_brand","embeddable":true,"href":"https:\/\/compraencieza.es\/en\/wp-json\/wp\/v2\/genre?post=6090"}],"curies":[{"name":"wp","href":"https:\/\/api.w.org\/{rel}","templated":true}]}}