{"id":6091,"date":"2025-01-10T10:51:21","date_gmt":"2025-01-10T09:51:21","guid":{"rendered":"https:\/\/compraencieza.es\/?post_type=product&#038;p=6091"},"modified":"2025-01-10T11:06:25","modified_gmt":"2025-01-10T10:06:25","slug":"tratamiento-capilar-restore-sweet-care-200-ml","status":"publish","type":"product","link":"https:\/\/compraencieza.es\/en\/product\/tratamiento-capilar-restore-sweet-care-200-ml\/","title":{"rendered":"Restore Sweet Care Hair Treatment 200 ml"},"content":{"rendered":"<p>La Mascarilla restauradora K89 Sweet care es un tratamiento intensivo dise\u00f1ado para reestructurar y fortalecer el cabello da\u00f1ado. Enriquecida con queratina hidrolizada y prote\u00ednas de seda, esta mascarilla hidrata y acondiciona en profundidad, devolviendo brillo y suavidad al cabello.<\/p>\n<p>Ideal para cabellos estropeados, secos, con mechas o coloreados, reestructura intensamente y rellena la fibra capilar desde el interior. Aplicar sobre el cabello h\u00famedo, dejar actuar 10 minutos y aclarar abundantemente. Para potenciar su efecto, se puede mezclar con ampollas Flash Repair y aplicar calor.<\/p>","protected":false},"excerpt":{"rendered":"<p>La Mascarilla restauradora K89 Sweet care es un tratamiento intensivo dise\u00f1ado para reestructurar y fortalecer el cabello da\u00f1ado. Enriquecida con queratina hidrolizada y prote\u00ednas de seda, esta mascarilla hidrata y acondiciona en profundidad, devolviendo brillo y suavidad al cabello. Ideal para cabellos estropeados, secos, con mechas o coloreados, reestructura intensamente y rellena la fibra capilar [&hellip;]<\/p>","protected":false},"featured_media":6141,"comment_status":"open","ping_status":"closed","template":"","meta":{"_acf_changed":false,"inline_featured_image":false},"product_cat":[105],"product_tag":[],"genre":[],"class_list":{"0":"post-6091","1":"product","2":"type-product","3":"status-publish","4":"has-post-thumbnail","6":"product_cat-salud","8":"first","9":"onbackorder","10":"taxable","11":"shipping-taxable","12":"purchasable","13":"product-type-simple","14":"add-to-wishlist-after_add_to_cart"},"acf":[],"_links":{"self":[{"href":"https:\/\/compraencieza.es\/en\/wp-json\/wp\/v2\/product\/6091","targetHints":{"allow":["GET"]}}],"collection":[{"href":"https:\/\/compraencieza.es\/en\/wp-json\/wp\/v2\/product"}],"about":[{"href":"https:\/\/compraencieza.es\/en\/wp-json\/wp\/v2\/types\/product"}],"replies":[{"embeddable":true,"href":"https:\/\/compraencieza.es\/en\/wp-json\/wp\/v2\/comments?post=6091"}],"wp:featuredmedia":[{"embeddable":true,"href":"https:\/\/compraencieza.es\/en\/wp-json\/wp\/v2\/media\/6141"}],"wp:attachment":[{"href":"https:\/\/compraencieza.es\/en\/wp-json\/wp\/v2\/media?parent=6091"}],"wp:term":[{"taxonomy":"product_cat","embeddable":true,"href":"https:\/\/compraencieza.es\/en\/wp-json\/wp\/v2\/product_cat?post=6091"},{"taxonomy":"product_tag","embeddable":true,"href":"https:\/\/compraencieza.es\/en\/wp-json\/wp\/v2\/product_tag?post=6091"},{"taxonomy":"product_brand","embeddable":true,"href":"https:\/\/compraencieza.es\/en\/wp-json\/wp\/v2\/genre?post=6091"}],"curies":[{"name":"wp","href":"https:\/\/api.w.org\/{rel}","templated":true}]}}