{"id":6093,"date":"2025-01-10T10:51:21","date_gmt":"2025-01-10T09:51:21","guid":{"rendered":"https:\/\/compraencieza.es\/?post_type=product&#038;p=6093"},"modified":"2025-01-10T11:06:25","modified_gmt":"2025-01-10T10:06:25","slug":"serum-facial-ziaja-c-b3","status":"publish","type":"product","link":"https:\/\/compraencieza.es\/en\/product\/serum-facial-ziaja-c-b3\/","title":{"rendered":"S\u00e9rum Facial Ziaja C.B3"},"content":{"rendered":"<p>S\u00e9rum facial activo de textura ligera. Este producto combina la potencia de la Vitamina C y la Niacinamida, cuya sinergia ilumina la piel, reduce la apariencia de manchas oscuras, minimiza los poros y mejora la textura general de la piel.<\/p>\n<p>&nbsp;<\/p>\n<p>&#8211; Contiene vitaminas B5, B6, E y un complejo suavizante y alisador de p\u00e9ptidos de origen natural.<\/p>\n<p>&#8211; Regenera y fortalece activamente la piel.<\/p>\n<p>&#8211; Suaviza las peque\u00f1as arrugas, aumenta la elasticidad de la piel y la protege.<\/p>\n<p>&#8211; Aclara la epidermis y unifica el tono de la piel.<\/p>\n<p>&#8211; Dosis concentrada de vitaminas.<\/p>\n<p>&#8211; Efecto piel descansada.<\/p>\n<p>&nbsp;<\/p>\n<p>Ingredientes principales: complejo concentrado de vitamina C y niacinamida, vitaminas B5, B6, E, glicerina, prote\u00ednas de arroz hidrolizadas, aceite de camelia japonesa, \u00e1cido hialur\u00f3nico.<\/p>\n<p>Apto a partir de 20 a\u00f1os.<\/p>\n<p>&nbsp;<\/p>\n<p>&nbsp;<\/p>\n<p>DIRECTIONS FOR USE:<\/p>\n<p>Aplicar suavemente sobre la piel limpia del rostro. Evitar el contorno de ojos.<\/p>\n<p>Puede combinarse con la crema de d\u00eda o la crema de noche.<\/p>\n<p>&nbsp;<\/p>\n<p>&nbsp;<\/p>\n<p>L\u00ednea Vitamina C.B3 Niacinamida: Una selecci\u00f3n de 8 cosm\u00e9ticos veganos para el cuidado del rostro y el cuerpo dise\u00f1ados con la tendencia flash effect, es decir, una revitalizaci\u00f3n intensiva de la piel basada en rituales cortos y sin m\u00faltiples etapas que pueden realizarse por la ma\u00f1ana despu\u00e9s de despertarse y antes de acostarse como parte de la regeneraci\u00f3n nocturna de la piel.<\/p>","protected":false},"excerpt":{"rendered":"<p>S\u00e9rum facial activo de textura ligera. Este producto combina la potencia de la Vitamina C y la Niacinamida, cuya sinergia ilumina la piel, reduce la apariencia de manchas oscuras, minimiza los poros y mejora la textura general de la piel. &nbsp; &#8211; Contiene vitaminas B5, B6, E y un complejo suavizante y alisador de p\u00e9ptidos [&hellip;]<\/p>","protected":false},"featured_media":6149,"comment_status":"open","ping_status":"closed","template":"","meta":{"_acf_changed":false,"inline_featured_image":false},"product_cat":[105],"product_tag":[],"genre":[],"class_list":{"0":"post-6093","1":"product","2":"type-product","3":"status-publish","4":"has-post-thumbnail","6":"product_cat-salud","8":"first","9":"instock","10":"taxable","11":"shipping-taxable","12":"purchasable","13":"product-type-simple","14":"add-to-wishlist-after_add_to_cart"},"acf":[],"_links":{"self":[{"href":"https:\/\/compraencieza.es\/en\/wp-json\/wp\/v2\/product\/6093","targetHints":{"allow":["GET"]}}],"collection":[{"href":"https:\/\/compraencieza.es\/en\/wp-json\/wp\/v2\/product"}],"about":[{"href":"https:\/\/compraencieza.es\/en\/wp-json\/wp\/v2\/types\/product"}],"replies":[{"embeddable":true,"href":"https:\/\/compraencieza.es\/en\/wp-json\/wp\/v2\/comments?post=6093"}],"wp:featuredmedia":[{"embeddable":true,"href":"https:\/\/compraencieza.es\/en\/wp-json\/wp\/v2\/media\/6149"}],"wp:attachment":[{"href":"https:\/\/compraencieza.es\/en\/wp-json\/wp\/v2\/media?parent=6093"}],"wp:term":[{"taxonomy":"product_cat","embeddable":true,"href":"https:\/\/compraencieza.es\/en\/wp-json\/wp\/v2\/product_cat?post=6093"},{"taxonomy":"product_tag","embeddable":true,"href":"https:\/\/compraencieza.es\/en\/wp-json\/wp\/v2\/product_tag?post=6093"},{"taxonomy":"product_brand","embeddable":true,"href":"https:\/\/compraencieza.es\/en\/wp-json\/wp\/v2\/genre?post=6093"}],"curies":[{"name":"wp","href":"https:\/\/api.w.org\/{rel}","templated":true}]}}