{"id":6100,"date":"2025-01-10T10:51:44","date_gmt":"2025-01-10T09:51:44","guid":{"rendered":"https:\/\/compraencieza.es\/?post_type=product&#038;p=6100"},"modified":"2025-01-10T11:06:25","modified_gmt":"2025-01-10T10:06:25","slug":"tea-tree-special-champu-paul-mitchell-300-ml","status":"publish","type":"product","link":"https:\/\/compraencieza.es\/en\/product\/tea-tree-special-champu-paul-mitchell-300-ml\/","title":{"rendered":"Tea tree special champ\u00fa Paul Mitchell 300 ml"},"content":{"rendered":"<p>shampoo. Champ\u00fa vigorizante adecuado para todo tipo de cabello. Est\u00e1 compuesto con extractos de \u00e1rbol de te australiano, lavanda y menta pip\u00e9rita que refrescan, los extractos bot\u00e1nicos del Awapuhi Hawaiiano hidratan y previenen la deshidrataci\u00f3n del cabello. El aloe, jojoba, henna y romero aportan brillo. Contiene aceite de trigo, vitamina E que act\u00faa como antioxidante natural y el pantenol reduce las puntas abiertas, da cuerpo, brillo y repara la superficie da\u00f1ada. Aplicar sobre el cabello mojado, masajear y aclarar<\/p>","protected":false},"excerpt":{"rendered":"<p>shampoo. Champ\u00fa vigorizante adecuado para todo tipo de cabello. Est\u00e1 compuesto con extractos de \u00e1rbol de te australiano, lavanda y menta pip\u00e9rita que refrescan, los extractos bot\u00e1nicos del Awapuhi Hawaiiano hidratan y previenen la deshidrataci\u00f3n del cabello. El aloe, jojoba, henna y romero aportan brillo. Contiene aceite de trigo, vitamina E que act\u00faa como antioxidante [&hellip;]<\/p>","protected":false},"featured_media":6151,"comment_status":"open","ping_status":"closed","template":"","meta":{"_acf_changed":false,"inline_featured_image":false},"product_cat":[105],"product_tag":[],"genre":[],"class_list":{"0":"post-6100","1":"product","2":"type-product","3":"status-publish","4":"has-post-thumbnail","6":"product_cat-salud","8":"first","9":"instock","10":"taxable","11":"shipping-taxable","12":"purchasable","13":"product-type-simple","14":"add-to-wishlist-after_add_to_cart"},"acf":[],"_links":{"self":[{"href":"https:\/\/compraencieza.es\/en\/wp-json\/wp\/v2\/product\/6100","targetHints":{"allow":["GET"]}}],"collection":[{"href":"https:\/\/compraencieza.es\/en\/wp-json\/wp\/v2\/product"}],"about":[{"href":"https:\/\/compraencieza.es\/en\/wp-json\/wp\/v2\/types\/product"}],"replies":[{"embeddable":true,"href":"https:\/\/compraencieza.es\/en\/wp-json\/wp\/v2\/comments?post=6100"}],"wp:featuredmedia":[{"embeddable":true,"href":"https:\/\/compraencieza.es\/en\/wp-json\/wp\/v2\/media\/6151"}],"wp:attachment":[{"href":"https:\/\/compraencieza.es\/en\/wp-json\/wp\/v2\/media?parent=6100"}],"wp:term":[{"taxonomy":"product_cat","embeddable":true,"href":"https:\/\/compraencieza.es\/en\/wp-json\/wp\/v2\/product_cat?post=6100"},{"taxonomy":"product_tag","embeddable":true,"href":"https:\/\/compraencieza.es\/en\/wp-json\/wp\/v2\/product_tag?post=6100"},{"taxonomy":"product_brand","embeddable":true,"href":"https:\/\/compraencieza.es\/en\/wp-json\/wp\/v2\/genre?post=6100"}],"curies":[{"name":"wp","href":"https:\/\/api.w.org\/{rel}","templated":true}]}}