{"id":6102,"date":"2025-01-10T10:51:44","date_gmt":"2025-01-10T09:51:44","guid":{"rendered":"https:\/\/compraencieza.es\/?post_type=product&#038;p=6102"},"modified":"2025-01-10T11:06:25","modified_gmt":"2025-01-10T10:06:25","slug":"olaplex-n-4c-250-ml","status":"publish","type":"product","link":"https:\/\/compraencieza.es\/en\/product\/olaplex-n-4c-250-ml\/","title":{"rendered":"Olaplex N\u00b0 4C 250 ml"},"content":{"rendered":"<ul>\n<li>Es un champ\u00fa clarificante avanzado, impulsado por nuestro Exclusivo Sistema Clarificante de Amplio Espectro, que brinda una poderosa limpieza profunda, elimina la acumulaci\u00f3n y las impurezas, despeja el camino para un cabello m\u00e1s saludable.<\/li>\n<li><\/li>\n<li>POR QU\u00c9 TE ENCANTAR\u00c1<\/li>\n<li><\/li>\n<li>Remueve los minerales del agua dura, el cloro, el exceso de aceite y la acumulaci\u00f3n de productos.<\/li>\n<li>ESTA FORMULA EXCLUSIVA NO RESECA, DEJA EL CABELLO SUAVE, BRILLANTE, VIBRANTE Y LIBRE DE RESIDUOS.<\/li>\n<li>F\u00f3rmula Patentada OLAPLEX Bond-Building Technology\u2122 para mantener fuertes los lazos capilares.<\/li>\n<li>C\u00daANDO Y C\u00d3MO LO USAR\u00c1S<\/li>\n<li><\/li>\n<li>\u00daselo semanalmente como parte de una rutina de limpieza en el hogar. Usar, tambi\u00e9n, antes de los tratamientos de reparaci\u00f3n del cabello para optimizar el rendimiento.<br \/>\n<!--more--><\/li>\n<\/ul>","protected":false},"excerpt":{"rendered":"<p>Es un champ\u00fa clarificante avanzado, impulsado por nuestro Exclusivo Sistema Clarificante de Amplio Espectro, que brinda una poderosa limpieza profunda, elimina la acumulaci\u00f3n y las impurezas, despeja el camino para un cabello m\u00e1s saludable. POR QU\u00c9 TE ENCANTAR\u00c1 Remueve los minerales del agua dura, el cloro, el exceso de aceite y la acumulaci\u00f3n de productos. [&hellip;]<\/p>","protected":false},"featured_media":6153,"comment_status":"open","ping_status":"closed","template":"","meta":{"_acf_changed":false,"inline_featured_image":false},"product_cat":[105],"product_tag":[],"genre":[],"class_list":{"0":"post-6102","1":"product","2":"type-product","3":"status-publish","4":"has-post-thumbnail","6":"product_cat-salud","8":"first","9":"instock","10":"taxable","11":"shipping-taxable","12":"purchasable","13":"product-type-simple","14":"add-to-wishlist-after_add_to_cart"},"acf":[],"_links":{"self":[{"href":"https:\/\/compraencieza.es\/en\/wp-json\/wp\/v2\/product\/6102","targetHints":{"allow":["GET"]}}],"collection":[{"href":"https:\/\/compraencieza.es\/en\/wp-json\/wp\/v2\/product"}],"about":[{"href":"https:\/\/compraencieza.es\/en\/wp-json\/wp\/v2\/types\/product"}],"replies":[{"embeddable":true,"href":"https:\/\/compraencieza.es\/en\/wp-json\/wp\/v2\/comments?post=6102"}],"wp:featuredmedia":[{"embeddable":true,"href":"https:\/\/compraencieza.es\/en\/wp-json\/wp\/v2\/media\/6153"}],"wp:attachment":[{"href":"https:\/\/compraencieza.es\/en\/wp-json\/wp\/v2\/media?parent=6102"}],"wp:term":[{"taxonomy":"product_cat","embeddable":true,"href":"https:\/\/compraencieza.es\/en\/wp-json\/wp\/v2\/product_cat?post=6102"},{"taxonomy":"product_tag","embeddable":true,"href":"https:\/\/compraencieza.es\/en\/wp-json\/wp\/v2\/product_tag?post=6102"},{"taxonomy":"product_brand","embeddable":true,"href":"https:\/\/compraencieza.es\/en\/wp-json\/wp\/v2\/genre?post=6102"}],"curies":[{"name":"wp","href":"https:\/\/api.w.org\/{rel}","templated":true}]}}