{"id":6103,"date":"2025-01-10T10:51:44","date_gmt":"2025-01-10T09:51:44","guid":{"rendered":"https:\/\/compraencieza.es\/?post_type=product&#038;p=6103"},"modified":"2025-01-10T11:06:25","modified_gmt":"2025-01-10T10:06:25","slug":"olaplex-n4-champu-mantenimiento-250-ml","status":"publish","type":"product","link":"https:\/\/compraencieza.es\/en\/product\/olaplex-n4-champu-mantenimiento-250-ml\/","title":{"rendered":"Olaplex N\u00b04 Champ\u00fa Mantenimiento 250 ml"},"content":{"rendered":"<p>N\u00ba4 BOND MAINTENANCE shampoo de Olaplex. Champ\u00fa restaurador para cabellos da\u00f1ados, castigados o tratados qu\u00edmicamente.<\/p>\n<p>&nbsp;<\/p>\n<p>Olaplex presenta la continuaci\u00f3n de su ic\u00f3nico tratamiento profesional con dos pasos para restaurar el cabello desde casa. Se trata de un champ\u00fa y acondicionador que complementan al uso de los pasos 1 y 2 (profesionales, en el sal\u00f3n) y 3 (mantenimiento en casa).<\/p>\n<p>&nbsp;<\/p>\n<p>Este champ\u00fa est\u00e1 indicado para todo tipo de cabellos y texturas. Formulado con el multiplicador de enlaces patentado por la marca: el principio activo Bisaminopropil Diglicol Dimaleato. Este componente act\u00faa uniendo los enlaces de sulfuro y disolfuro de la keratina del cabello que se rompen al someternos a tratamientos agresivos que alteren la forma o el color del mismo.<\/p>\n<p>&nbsp;<\/p>\n<p>Aporta hidrataci\u00f3n diaria sin aportar peso, repara las puntas abiertas o da\u00f1adas, fortalece el cabello con cada uso, le devuelve la flexibilidad y manejabilidad mientras suaviza y aporta brillo a la fibra.<\/p>\n<p>&nbsp;<\/p>\n<p>F\u00f3rmula vegana y respetuosa, sin parabenos, sulfatos, ni gluten. Cruelty-free.<\/p>","protected":false},"excerpt":{"rendered":"<p>N\u00ba4 BOND MAINTENANCE shampoo de Olaplex. Champ\u00fa restaurador para cabellos da\u00f1ados, castigados o tratados qu\u00edmicamente. &nbsp; Olaplex presenta la continuaci\u00f3n de su ic\u00f3nico tratamiento profesional con dos pasos para restaurar el cabello desde casa. Se trata de un champ\u00fa y acondicionador que complementan al uso de los pasos 1 y 2 (profesionales, en el sal\u00f3n) [&hellip;]<\/p>","protected":false},"featured_media":6160,"comment_status":"open","ping_status":"closed","template":"","meta":{"_acf_changed":false,"inline_featured_image":false},"product_cat":[105],"product_tag":[],"genre":[],"class_list":{"0":"post-6103","1":"product","2":"type-product","3":"status-publish","4":"has-post-thumbnail","6":"product_cat-salud","8":"first","9":"instock","10":"taxable","11":"shipping-taxable","12":"purchasable","13":"product-type-simple","14":"add-to-wishlist-after_add_to_cart"},"acf":[],"_links":{"self":[{"href":"https:\/\/compraencieza.es\/en\/wp-json\/wp\/v2\/product\/6103","targetHints":{"allow":["GET"]}}],"collection":[{"href":"https:\/\/compraencieza.es\/en\/wp-json\/wp\/v2\/product"}],"about":[{"href":"https:\/\/compraencieza.es\/en\/wp-json\/wp\/v2\/types\/product"}],"replies":[{"embeddable":true,"href":"https:\/\/compraencieza.es\/en\/wp-json\/wp\/v2\/comments?post=6103"}],"wp:featuredmedia":[{"embeddable":true,"href":"https:\/\/compraencieza.es\/en\/wp-json\/wp\/v2\/media\/6160"}],"wp:attachment":[{"href":"https:\/\/compraencieza.es\/en\/wp-json\/wp\/v2\/media?parent=6103"}],"wp:term":[{"taxonomy":"product_cat","embeddable":true,"href":"https:\/\/compraencieza.es\/en\/wp-json\/wp\/v2\/product_cat?post=6103"},{"taxonomy":"product_tag","embeddable":true,"href":"https:\/\/compraencieza.es\/en\/wp-json\/wp\/v2\/product_tag?post=6103"},{"taxonomy":"product_brand","embeddable":true,"href":"https:\/\/compraencieza.es\/en\/wp-json\/wp\/v2\/genre?post=6103"}],"curies":[{"name":"wp","href":"https:\/\/api.w.org\/{rel}","templated":true}]}}