{"id":6110,"date":"2025-01-10T10:52:07","date_gmt":"2025-01-10T09:52:07","guid":{"rendered":"https:\/\/compraencieza.es\/?post_type=product&#038;p=6110"},"modified":"2025-01-10T11:06:24","modified_gmt":"2025-01-10T10:06:24","slug":"olaplex-n3-hair-perfector-100-ml","status":"publish","type":"product","link":"https:\/\/compraencieza.es\/en\/product\/olaplex-n3-hair-perfector-100-ml\/","title":{"rendered":"Olaplex N\u00b03 Hair Perfector 100 ml"},"content":{"rendered":"<p>Tratamiento multiusos. Este producto capilar se puede utilizar tanto como protector para posteriores tratamientos qu\u00edmicos como permanentes o coloraci\u00f3n, o bien puedes aplicarlo una vez a la semana para reparar los cabellos m\u00e1s quebradizos, revitalizarlos y devolverles la fuerza.<\/p>","protected":false},"excerpt":{"rendered":"<p>Tratamiento multiusos. Este producto capilar se puede utilizar tanto como protector para posteriores tratamientos qu\u00edmicos como permanentes o coloraci\u00f3n, o bien puedes aplicarlo una vez a la semana para reparar los cabellos m\u00e1s quebradizos, revitalizarlos y devolverles la fuerza.<\/p>","protected":false},"featured_media":6161,"comment_status":"open","ping_status":"closed","template":"","meta":{"_acf_changed":false,"inline_featured_image":false},"product_cat":[105],"product_tag":[],"genre":[],"class_list":{"0":"post-6110","1":"product","2":"type-product","3":"status-publish","4":"has-post-thumbnail","6":"product_cat-salud","8":"first","9":"onbackorder","10":"taxable","11":"shipping-taxable","12":"purchasable","13":"product-type-simple","14":"add-to-wishlist-after_add_to_cart"},"acf":[],"_links":{"self":[{"href":"https:\/\/compraencieza.es\/en\/wp-json\/wp\/v2\/product\/6110","targetHints":{"allow":["GET"]}}],"collection":[{"href":"https:\/\/compraencieza.es\/en\/wp-json\/wp\/v2\/product"}],"about":[{"href":"https:\/\/compraencieza.es\/en\/wp-json\/wp\/v2\/types\/product"}],"replies":[{"embeddable":true,"href":"https:\/\/compraencieza.es\/en\/wp-json\/wp\/v2\/comments?post=6110"}],"wp:featuredmedia":[{"embeddable":true,"href":"https:\/\/compraencieza.es\/en\/wp-json\/wp\/v2\/media\/6161"}],"wp:attachment":[{"href":"https:\/\/compraencieza.es\/en\/wp-json\/wp\/v2\/media?parent=6110"}],"wp:term":[{"taxonomy":"product_cat","embeddable":true,"href":"https:\/\/compraencieza.es\/en\/wp-json\/wp\/v2\/product_cat?post=6110"},{"taxonomy":"product_tag","embeddable":true,"href":"https:\/\/compraencieza.es\/en\/wp-json\/wp\/v2\/product_tag?post=6110"},{"taxonomy":"product_brand","embeddable":true,"href":"https:\/\/compraencieza.es\/en\/wp-json\/wp\/v2\/genre?post=6110"}],"curies":[{"name":"wp","href":"https:\/\/api.w.org\/{rel}","templated":true}]}}