{"id":6111,"date":"2025-01-10T10:52:07","date_gmt":"2025-01-10T09:52:07","guid":{"rendered":"https:\/\/compraencieza.es\/?post_type=product&#038;p=6111"},"modified":"2025-01-10T11:06:24","modified_gmt":"2025-01-10T10:06:24","slug":"olaplex-n-4d-champu-detox-250-ml","status":"publish","type":"product","link":"https:\/\/compraencieza.es\/en\/product\/olaplex-n-4d-champu-detox-250-ml\/","title":{"rendered":"Olaplex N\u00b0 4D Champ\u00fa Detox 250 ml"},"content":{"rendered":"<p>El champ\u00fa en seco para el cuero cabelludo sano con tecnolog\u00eda de limpieza en seco ligera como el aire para que el cuero cabelludo y el cabello se sientan reci\u00e9n lavados, sin acumulaciones ni residuos de polvo.<\/p>\n<p>&nbsp;<\/p>\n<p>Neutraliza y repele los contaminantes que causan del mal olor y absorber la grasa para mantener el cabello y el cuero cabelludo frescos y limpios como el primer d\u00eda.<\/p>\n<p>&nbsp;<\/p>\n<p>Extracto de semilla de rambut\u00e1n: fuente sostenible de antioxidantes que desintoxica, calma el cuero cabelludo y neutraliza los contamiannates e impurezas que causan el mar olor.<\/p>\n<p>Microalmid\u00f3n ultrafina: proporciona una potente absorci\u00f3n de grasa para un cuerpo limpio y ligero sin rastros de residuos blancos ni acumulaci\u00f3n ni obstrucci\u00f3n de los poros.<\/p>","protected":false},"excerpt":{"rendered":"<p>El champ\u00fa en seco para el cuero cabelludo sano con tecnolog\u00eda de limpieza en seco ligera como el aire para que el cuero cabelludo y el cabello se sientan reci\u00e9n lavados, sin acumulaciones ni residuos de polvo. &nbsp; Neutraliza y repele los contaminantes que causan del mal olor y absorber la grasa para mantener el [&hellip;]<\/p>","protected":false},"featured_media":6162,"comment_status":"open","ping_status":"closed","template":"","meta":{"_acf_changed":false,"inline_featured_image":false},"product_cat":[105],"product_tag":[],"genre":[],"class_list":{"0":"post-6111","1":"product","2":"type-product","3":"status-publish","4":"has-post-thumbnail","6":"product_cat-salud","8":"first","9":"instock","10":"taxable","11":"shipping-taxable","12":"purchasable","13":"product-type-simple","14":"add-to-wishlist-after_add_to_cart"},"acf":[],"_links":{"self":[{"href":"https:\/\/compraencieza.es\/en\/wp-json\/wp\/v2\/product\/6111","targetHints":{"allow":["GET"]}}],"collection":[{"href":"https:\/\/compraencieza.es\/en\/wp-json\/wp\/v2\/product"}],"about":[{"href":"https:\/\/compraencieza.es\/en\/wp-json\/wp\/v2\/types\/product"}],"replies":[{"embeddable":true,"href":"https:\/\/compraencieza.es\/en\/wp-json\/wp\/v2\/comments?post=6111"}],"wp:featuredmedia":[{"embeddable":true,"href":"https:\/\/compraencieza.es\/en\/wp-json\/wp\/v2\/media\/6162"}],"wp:attachment":[{"href":"https:\/\/compraencieza.es\/en\/wp-json\/wp\/v2\/media?parent=6111"}],"wp:term":[{"taxonomy":"product_cat","embeddable":true,"href":"https:\/\/compraencieza.es\/en\/wp-json\/wp\/v2\/product_cat?post=6111"},{"taxonomy":"product_tag","embeddable":true,"href":"https:\/\/compraencieza.es\/en\/wp-json\/wp\/v2\/product_tag?post=6111"},{"taxonomy":"product_brand","embeddable":true,"href":"https:\/\/compraencieza.es\/en\/wp-json\/wp\/v2\/genre?post=6111"}],"curies":[{"name":"wp","href":"https:\/\/api.w.org\/{rel}","templated":true}]}}