{"id":6113,"date":"2025-01-10T10:52:07","date_gmt":"2025-01-10T09:52:07","guid":{"rendered":"https:\/\/compraencieza.es\/?post_type=product&#038;p=6113"},"modified":"2025-01-10T11:06:24","modified_gmt":"2025-01-10T10:06:24","slug":"salerm-21-jasmine-y-amber-200-ml","status":"publish","type":"product","link":"https:\/\/compraencieza.es\/en\/product\/salerm-21-jasmine-y-amber-200-ml\/","title":{"rendered":"Salerm 21 Jasmine y amber 200 ml"},"content":{"rendered":"<p>&nbsp;<\/p>\n<p><span data-spm-anchor-id=\"euspain.pdp.description.i1.6fee256341KXEe\">El nuevo aroma de Salerm 21 Recupera tu cabello maltratado Esta mascarilla, acondicionador sin enjuagado, reparador de puntas y desenredante para el cabello viene con una nueva fragancia especial a Jazm\u00edn y \u00c1mbar. Con una salida a naranja mediterr\u00e1nea, verbena de la Provenza y un fresco aroma afrutado de manzana y pera se funden para abrir con sorpresa las notas de salida. Su coraz\u00f3n es un manto de aterciopelados p\u00e9talos de rosa y delicado lirio del vallo que ensalzan las notas dulces y frescas del jazm\u00edn blanco y, la base es un fondo dulce y sensual, con notas de vainilla y pralin\u00e9 que se ven abrazadas por el toque confort del musk y la calidez del \u00e1mbar. Presume de un cabello hidratado y con brillo gracias a la acci\u00f3n de Salerm 21 Jazm\u00edn y \u00c1mbar.<\/span><\/p>\n<h5>Modo de uso<\/h5>\n<p>Uso hidratante: tras el lavado, aplica una avellana de Salerm 21 Jazm\u00edn y \u00c1mbar repartida por todo el cabello, insistiendo en puntas y zonas castigadas. No es necesario enjuagar. Peina como de costumbre. Uso mascarilla: en cabellos muy castigados, aplica entre 5 y 10 ml de Salerm 21 Jazm\u00edn y \u00c1mbar y deja actuar 5 minutos. Enjuaga y peina. Uso protector: para evitar roturas del cabello por enredos, aplica una avellana de Salerm 21 Jazm\u00edn y \u00c1mbar en cabello seco y peina como de costumbre.<\/p>","protected":false},"excerpt":{"rendered":"<p>&nbsp; El nuevo aroma de Salerm 21 Recupera tu cabello maltratado Esta mascarilla, acondicionador sin enjuagado, reparador de puntas y desenredante para el cabello viene con una nueva fragancia especial a Jazm\u00edn y \u00c1mbar. Con una salida a naranja mediterr\u00e1nea, verbena de la Provenza y un fresco aroma afrutado de manzana y pera se funden [&hellip;]<\/p>","protected":false},"featured_media":6164,"comment_status":"open","ping_status":"closed","template":"","meta":{"_acf_changed":false,"inline_featured_image":false},"product_cat":[105],"product_tag":[],"genre":[],"class_list":{"0":"post-6113","1":"product","2":"type-product","3":"status-publish","4":"has-post-thumbnail","6":"product_cat-salud","8":"first","9":"instock","10":"taxable","11":"shipping-taxable","12":"purchasable","13":"product-type-simple","14":"add-to-wishlist-after_add_to_cart"},"acf":[],"_links":{"self":[{"href":"https:\/\/compraencieza.es\/en\/wp-json\/wp\/v2\/product\/6113","targetHints":{"allow":["GET"]}}],"collection":[{"href":"https:\/\/compraencieza.es\/en\/wp-json\/wp\/v2\/product"}],"about":[{"href":"https:\/\/compraencieza.es\/en\/wp-json\/wp\/v2\/types\/product"}],"replies":[{"embeddable":true,"href":"https:\/\/compraencieza.es\/en\/wp-json\/wp\/v2\/comments?post=6113"}],"wp:featuredmedia":[{"embeddable":true,"href":"https:\/\/compraencieza.es\/en\/wp-json\/wp\/v2\/media\/6164"}],"wp:attachment":[{"href":"https:\/\/compraencieza.es\/en\/wp-json\/wp\/v2\/media?parent=6113"}],"wp:term":[{"taxonomy":"product_cat","embeddable":true,"href":"https:\/\/compraencieza.es\/en\/wp-json\/wp\/v2\/product_cat?post=6113"},{"taxonomy":"product_tag","embeddable":true,"href":"https:\/\/compraencieza.es\/en\/wp-json\/wp\/v2\/product_tag?post=6113"},{"taxonomy":"product_brand","embeddable":true,"href":"https:\/\/compraencieza.es\/en\/wp-json\/wp\/v2\/genre?post=6113"}],"curies":[{"name":"wp","href":"https:\/\/api.w.org\/{rel}","templated":true}]}}