{"id":6114,"date":"2025-01-10T10:52:07","date_gmt":"2025-01-10T09:52:07","guid":{"rendered":"https:\/\/compraencieza.es\/?post_type=product&#038;p=6114"},"modified":"2025-01-10T11:06:24","modified_gmt":"2025-01-10T10:06:24","slug":"salerm-21-tratamiento-capilar-250-ml","status":"publish","type":"product","link":"https:\/\/compraencieza.es\/en\/product\/salerm-21-tratamiento-capilar-250-ml\/","title":{"rendered":"Salerm 21 hair treatment 250 ml"},"content":{"rendered":"<p>SALERM 21 silk protein leave-in conditioner de Salerm<\/p>\n<p>Acondicionador y mascarilla sin aclarado.<\/p>\n<ul>\n<li>Su excelente f\u00f3rmula hidratante, elaborada con prote\u00ednas de seda, penetra hasta el interior de la fibra capilar para mejorar su estado desde su primer uso. \u00c9ste dota al cabello de brillo, fortaleza, flexibilidad y una intensa hidrataci\u00f3n, consiguiendo reparar el cabello da\u00f1ado.<\/li>\n<li>Es tambi\u00e9n un perfecto aliado para proteger al cabello ante agentes externos como el sol, el salitre del mar e incluso el cloro de las piscinas.<\/li>\n<li>El resultado es una inmediata hidrataci\u00f3n del cabello, aport\u00e1ndole as\u00ed una visible mejora en tacto y brillo. No precisa aclarado.<br \/>\n<!--more--><\/li>\n<\/ul>","protected":false},"excerpt":{"rendered":"<p>SALERM 21 silk protein leave-in conditioner de Salerm Acondicionador y mascarilla sin aclarado. Su excelente f\u00f3rmula hidratante, elaborada con prote\u00ednas de seda, penetra hasta el interior de la fibra capilar para mejorar su estado desde su primer uso. \u00c9ste dota al cabello de brillo, fortaleza, flexibilidad y una intensa hidrataci\u00f3n, consiguiendo reparar el cabello da\u00f1ado. [&hellip;]<\/p>","protected":false},"featured_media":6165,"comment_status":"open","ping_status":"closed","template":"","meta":{"_acf_changed":false,"inline_featured_image":false},"product_cat":[105],"product_tag":[],"genre":[],"class_list":{"0":"post-6114","1":"product","2":"type-product","3":"status-publish","4":"has-post-thumbnail","6":"product_cat-salud","8":"first","9":"instock","10":"taxable","11":"shipping-taxable","12":"purchasable","13":"product-type-simple","14":"add-to-wishlist-after_add_to_cart"},"acf":[],"_links":{"self":[{"href":"https:\/\/compraencieza.es\/en\/wp-json\/wp\/v2\/product\/6114","targetHints":{"allow":["GET"]}}],"collection":[{"href":"https:\/\/compraencieza.es\/en\/wp-json\/wp\/v2\/product"}],"about":[{"href":"https:\/\/compraencieza.es\/en\/wp-json\/wp\/v2\/types\/product"}],"replies":[{"embeddable":true,"href":"https:\/\/compraencieza.es\/en\/wp-json\/wp\/v2\/comments?post=6114"}],"wp:featuredmedia":[{"embeddable":true,"href":"https:\/\/compraencieza.es\/en\/wp-json\/wp\/v2\/media\/6165"}],"wp:attachment":[{"href":"https:\/\/compraencieza.es\/en\/wp-json\/wp\/v2\/media?parent=6114"}],"wp:term":[{"taxonomy":"product_cat","embeddable":true,"href":"https:\/\/compraencieza.es\/en\/wp-json\/wp\/v2\/product_cat?post=6114"},{"taxonomy":"product_tag","embeddable":true,"href":"https:\/\/compraencieza.es\/en\/wp-json\/wp\/v2\/product_tag?post=6114"},{"taxonomy":"product_brand","embeddable":true,"href":"https:\/\/compraencieza.es\/en\/wp-json\/wp\/v2\/genre?post=6114"}],"curies":[{"name":"wp","href":"https:\/\/api.w.org\/{rel}","templated":true}]}}