{"id":6122,"date":"2025-01-10T10:52:31","date_gmt":"2025-01-10T09:52:31","guid":{"rendered":"https:\/\/compraencieza.es\/?post_type=product&#038;p=6122"},"modified":"2025-01-10T11:06:24","modified_gmt":"2025-01-10T10:06:24","slug":"ziaja-gel-limpiador-oliva","status":"publish","type":"product","link":"https:\/\/compraencieza.es\/en\/product\/ziaja-gel-limpiador-oliva\/","title":{"rendered":"Ziaja Cleansing Gel Olive"},"content":{"rendered":"<div id=\"main-product-wrapper\">\n<div class=\"tabs product-tabs\">\n<div id=\"product-infos-tabs-content\" class=\"tab-content\">\n<div id=\"description\" class=\"tab-pane in active\">\n<div class=\"product-description\">\n<div class=\"rte-content\">\n<p>Olive Cleansing Gel for dry, dehydrated, or normal skin. Gently cleanses without dehydrating. Moisturizes and prepares skin for the next cosmetic treatment.<\/p>\n<p>Active ingredients: olive oil, provitamin B5 (d-panthenol)<br \/>\nSuitable for vegans.<\/p>\n<p>Recommended age: from 6 years old.<\/p>\n<p>Directions for use: Apply a small amount to your wash. Follow with Olive Facial Cream.<\/p>\n<\/div>\n<\/div>\n<\/div>\n<div id=\"product-details-tab\" class=\"tab-pane\">\n<div id=\"product-details\" class=\"clearfix\" style=\"box-sizing: border-box;\" data-product=\"{&quot;id_shop_default&quot;:&quot;2&quot;,&quot;id_manufacturer&quot;:&quot;4&quot;,&quot;id_supplier&quot;:&quot;3&quot;,&quot;reference&quot;:&quot;ZON15329&quot;,&quot;is_virtual&quot;:&quot;0&quot;,&quot;delivery_in_stock&quot;:&quot;&quot;,&quot;delivery_out_stock&quot;:&quot;&quot;,&quot;id_category_default&quot;:&quot;1493&quot;,&quot;on_sale&quot;:&quot;0&quot;,&quot;online_only&quot;:&quot;0&quot;,&quot;ecotax&quot;:0,&quot;minimal_quantity&quot;:&quot;1&quot;,&quot;low_stock_threshold&quot;:null,&quot;low_stock_alert&quot;:&quot;0&quot;,&quot;price&quot;:&quot;2,64u00a0u20ac&quot;,&quot;unity&quot;:&quot;&quot;,&quot;unit_price_ratio&quot;:&quot;0.000000&quot;,&quot;additional_shipping_cost&quot;:&quot;0.00&quot;,&quot;customizable&quot;:&quot;0&quot;,&quot;text_fields&quot;:&quot;0&quot;,&quot;uploadable_files&quot;:&quot;0&quot;,&quot;redirect_type&quot;:&quot;404&quot;,&quot;id_type_redirected&quot;:&quot;0&quot;,&quot;available_for_order&quot;:&quot;1&quot;,&quot;available_date&quot;:&quot;0000-00-00&quot;,&quot;show_condition&quot;:&quot;&quot;,&quot;condition&quot;:&quot;new&quot;,&quot;show_price&quot;:&quot;1&quot;,&quot;indexed&quot;:&quot;1&quot;,&quot;visibility&quot;:&quot;both&quot;,&quot;cache_default_attribute&quot;:&quot;0&quot;,&quot;advanced_stock_management&quot;:&quot;0&quot;,&quot;date_add&quot;:&quot;2013-04-30 10:06:39&quot;,&quot;date_upd&quot;:&quot;2024-10-24 11:50:41&quot;,&quot;pack_stock_type&quot;:&quot;3&quot;,&quot;meta_description&quot;:&quot;Gel limpiador facial de Oliva para piel seca, deshidratada o normal. Suavemente limpia la piel sin causar deshidrataciu00f3n. Hidrata y prepara la piel para el p...&quot;,&quot;meta_keywords&quot;:&quot;ZIAJA OLIVA Gel limpiador facial&quot;,&quot;meta_title&quot;:&quot;OLIVA Gel limpiador facial - ZIAJA&quot;,&quot;link_rewrite&quot;:&quot;ziaja-oliva-gel-limpiador-facial&quot;,&quot;name&quot;:&quot;OLIVA Gel limpiador facial&quot;,&quot;description&quot;:&quot;&lt;p&gt;Gel limpiador de Oliva para piel seca, deshidratada o normal. Suavemente limpia la piel sin causar deshidrataciu00f3n. Hidrata y prepara la piel para el pru00f3ximo tratamiento cosmu00e9tico.&lt;br&gt;&lt;br&gt;Ingredientes activos: aceite de oliva, provitamina B5 (d-panthenol)&lt;br&gt;Apto para veganos.&lt;br&gt;&lt;br&gt;Edad recomendada: a partir de 6 au00f1os.&lt;br&gt;&lt;br&gt;Modo de empleo: Aplicar una pequeu00f1a cantidad para el lavado. Despuu00e9s utilizar Crema facial de Oliva. &lt;\/p&gt;&quot;,&quot;description_short&quot;:&quot;r\\nGel limpiador facial de Oliva para piel seca, deshidratada o normal. Suavemente limpia la piel sin causar deshidrataciu00f3n. Hidrata y prepara la piel para el pru00f3ximo tratamiento cosmu00e9tico.&quot;,&quot;available_now&quot;:&quot;&quot;,&quot;available_later&quot;:&quot;&quot;,&quot;id&quot;:340,&quot;id_product&quot;:340,&quot;out_of_stock&quot;:2,&quot;new&quot;:0,&quot;id_product_attribute&quot;:&quot;0&quot;,&quot;quantity_wanted&quot;:1,&quot;extraContent&quot;:[],&quot;allow_oosp&quot;:0,&quot;category&quot;:&quot;limpiadores-y-desmaquillantes&quot;,&quot;category_name&quot;:&quot;Limpiadores y desmaquillantes&quot;,&quot;link&quot;:&quot;https:\/\/ziajashop.es\/340-ziaja-oliva-gel-limpiador-facial.html&quot;,&quot;attribute_price&quot;:0,&quot;price_tax_exc&quot;:2.177686,&quot;price_without_reduction&quot;:3.099999,&quot;reduction&quot;:0.465,&quot;specific_prices&quot;:{&quot;id_specific_price&quot;:&quot;3809793&quot;,&quot;id_specific_price_rule&quot;:&quot;327&quot;,&quot;id_cart&quot;:&quot;0&quot;,&quot;id_product&quot;:&quot;340&quot;,&quot;id_shop&quot;:&quot;10&quot;,&quot;id_shop_group&quot;:&quot;0&quot;,&quot;id_currency&quot;:&quot;0&quot;,&quot;id_country&quot;:&quot;0&quot;,&quot;id_group&quot;:&quot;0&quot;,&quot;id_customer&quot;:&quot;0&quot;,&quot;id_product_attribute&quot;:&quot;0&quot;,&quot;price&quot;:&quot;-1.000000&quot;,&quot;from_quantity&quot;:&quot;1&quot;,&quot;reduction&quot;:&quot;0.150000&quot;,&quot;reduction_tax&quot;:&quot;1&quot;,&quot;reduction_type&quot;:&quot;percentage&quot;,&quot;from&quot;:&quot;2024-10-16 00:00:00&quot;,&quot;to&quot;:&quot;2024-10-31 23:59:00&quot;,&quot;score&quot;:&quot;48&quot;},&quot;quantity&quot;:318,&quot;quantity_all_versions&quot;:318,&quot;id_image&quot;:&quot;es-default&quot;,&quot;features&quot;:[{&quot;name&quot;:&quot;Ingredientes&quot;,&quot;value&quot;:&quot;Aqua (Water), Coco-Glucoside, Disodium PEG-5 Laurylcitrate Sulfosuccinate, Sodium Laureth Sulfate, Propylene Glycol, Methyl Gluceth-20, Sodium Olivamphoacetate, Panthenol, Carbomer, Sodium Benzoate, Parfum (Fragrance), Sodium Hydroxide.&quot;,&quot;id_feature&quot;:&quot;29&quot;,&quot;position&quot;:&quot;1&quot;},{&quot;name&quot;:&quot;Capacidad&quot;,&quot;value&quot;:&quot;200 ml&quot;,&quot;id_feature&quot;:&quot;1&quot;,&quot;position&quot;:&quot;8&quot;},{&quot;name&quot;:&quot;Tipo de piel&quot;,&quot;value&quot;:&quot;seca&quot;,&quot;id_feature&quot;:&quot;18&quot;,&quot;position&quot;:&quot;19&quot;},{&quot;name&quot;:&quot;Lu00ednea&quot;,&quot;value&quot;:&quot;Oliva&quot;,&quot;id_feature&quot;:&quot;35&quot;,&quot;position&quot;:&quot;23&quot;},{&quot;name&quot;:&quot;Caracteru00edstica&quot;,&quot;value&quot;:&quot;Vegano&quot;,&quot;id_feature&quot;:&quot;33&quot;,&quot;position&quot;:&quot;24&quot;}],&quot;attachments&quot;:[],&quot;virtual&quot;:0,&quot;pack&quot;:0,&quot;packItems&quot;:[],&quot;nopackprice&quot;:0,&quot;customization_required&quot;:false,&quot;rate&quot;:21,&quot;tax_name&quot;:&quot;IVA ES 21%&quot;,&quot;ecotax_rate&quot;:0,&quot;unit_price&quot;:&quot;&quot;,&quot;customizations&quot;:{&quot;fields&quot;:[]},&quot;id_customization&quot;:0,&quot;is_customizable&quot;:false,&quot;show_quantities&quot;:false,&quot;quantity_label&quot;:&quot;Artu00edculos&quot;,&quot;quantity_discounts&quot;:[],&quot;customer_group_discount&quot;:0,&quot;images&quot;:[{&quot;bySize&quot;:{&quot;small_default&quot;:{&quot;url&quot;:&quot;https:\/\/ziajashop.es\/2766-small_default\/ziaja-oliva-gel-limpiador-facial.jpg&quot;,&quot;width&quot;:98,&quot;height&quot;:127},&quot;cart_default&quot;:{&quot;url&quot;:&quot;https:\/\/ziajashop.es\/2766-cart_default\/ziaja-oliva-gel-limpiador-facial.jpg&quot;,&quot;width&quot;:125,&quot;height&quot;:162},&quot;large_default&quot;:{&quot;url&quot;:&quot;https:\/\/ziajashop.es\/2766-large_default\/ziaja-oliva-gel-limpiador-facial.jpg&quot;,&quot;width&quot;:381,&quot;height&quot;:492},&quot;medium_default&quot;:{&quot;url&quot;:&quot;https:\/\/ziajashop.es\/2766-medium_default\/ziaja-oliva-gel-limpiador-facial.jpg&quot;,&quot;width&quot;:452,&quot;height&quot;:584},&quot;home_default&quot;:{&quot;url&quot;:&quot;https:\/\/ziajashop.es\/2766-home_default\/ziaja-oliva-gel-limpiador-facial.jpg&quot;,&quot;width&quot;:800,&quot;height&quot;:800},&quot;thickbox_default&quot;:{&quot;url&quot;:&quot;https:\/\/ziajashop.es\/2766-thickbox_default\/ziaja-oliva-gel-limpiador-facial.jpg&quot;,&quot;width&quot;:1100,&quot;height&quot;:1422}},&quot;small&quot;:{&quot;url&quot;:&quot;https:\/\/ziajashop.es\/2766-small_default\/ziaja-oliva-gel-limpiador-facial.jpg&quot;,&quot;width&quot;:98,&quot;height&quot;:127},&quot;medium&quot;:{&quot;url&quot;:&quot;https:\/\/ziajashop.es\/2766-medium_default\/ziaja-oliva-gel-limpiador-facial.jpg&quot;,&quot;width&quot;:452,&quot;height&quot;:584},&quot;large&quot;:{&quot;url&quot;:&quot;https:\/\/ziajashop.es\/2766-thickbox_default\/ziaja-oliva-gel-limpiador-facial.jpg&quot;,&quot;width&quot;:1100,&quot;height&quot;:1422},&quot;legend&quot;:&quot;&quot;,&quot;cover&quot;:&quot;1&quot;,&quot;id_image&quot;:&quot;2766&quot;,&quot;position&quot;:&quot;1&quot;,&quot;associatedVariants&quot;:[]}],&quot;cover&quot;:{&quot;bySize&quot;:{&quot;small_default&quot;:{&quot;url&quot;:&quot;https:\/\/ziajashop.es\/2766-small_default\/ziaja-oliva-gel-limpiador-facial.jpg&quot;,&quot;width&quot;:98,&quot;height&quot;:127},&quot;cart_default&quot;:{&quot;url&quot;:&quot;https:\/\/ziajashop.es\/2766-cart_default\/ziaja-oliva-gel-limpiador-facial.jpg&quot;,&quot;width&quot;:125,&quot;height&quot;:162},&quot;large_default&quot;:{&quot;url&quot;:&quot;https:\/\/ziajashop.es\/2766-large_default\/ziaja-oliva-gel-limpiador-facial.jpg&quot;,&quot;width&quot;:381,&quot;height&quot;:492},&quot;medium_default&quot;:{&quot;url&quot;:&quot;https:\/\/ziajashop.es\/2766-medium_default\/ziaja-oliva-gel-limpiador-facial.jpg&quot;,&quot;width&quot;:452,&quot;height&quot;:584},&quot;home_default&quot;:{&quot;url&quot;:&quot;https:\/\/ziajashop.es\/2766-home_default\/ziaja-oliva-gel-limpiador-facial.jpg&quot;,&quot;width&quot;:800,&quot;height&quot;:800},&quot;thickbox_default&quot;:{&quot;url&quot;:&quot;https:\/\/ziajashop.es\/2766-thickbox_default\/ziaja-oliva-gel-limpiador-facial.jpg&quot;,&quot;width&quot;:1100,&quot;height&quot;:1422}},&quot;small&quot;:{&quot;url&quot;:&quot;https:\/\/ziajashop.es\/2766-small_default\/ziaja-oliva-gel-limpiador-facial.jpg&quot;,&quot;width&quot;:98,&quot;height&quot;:127},&quot;medium&quot;:{&quot;url&quot;:&quot;https:\/\/ziajashop.es\/2766-medium_default\/ziaja-oliva-gel-limpiador-facial.jpg&quot;,&quot;width&quot;:452,&quot;height&quot;:584},&quot;large&quot;:{&quot;url&quot;:&quot;https:\/\/ziajashop.es\/2766-thickbox_default\/ziaja-oliva-gel-limpiador-facial.jpg&quot;,&quot;width&quot;:1100,&quot;height&quot;:1422},&quot;legend&quot;:&quot;&quot;,&quot;cover&quot;:&quot;1&quot;,&quot;id_image&quot;:&quot;2766&quot;,&quot;position&quot;:&quot;1&quot;,&quot;associatedVariants&quot;:[]},&quot;has_discount&quot;:true,&quot;discount_type&quot;:&quot;percentage&quot;,&quot;discount_percentage&quot;:&quot;-15%&quot;,&quot;discount_percentage_absolute&quot;:&quot;15%&quot;,&quot;discount_amount&quot;:&quot;0,47u00a0u20ac&quot;,&quot;discount_amount_to_display&quot;:&quot;-0,47u00a0u20ac&quot;,&quot;price_amount&quot;:2.64,&quot;unit_price_full&quot;:&quot;&quot;,&quot;show_availability&quot;:true,&quot;availability_date&quot;:null,&quot;availability_message&quot;:&quot;&quot;,&quot;availability&quot;:&quot;available&quot;}\">\n<section class=\"product-features\">\n<dl class=\"data-sheet\">\n<dt class=\"name\"><\/dt>\n<dd class=\"value\"><\/dd>\n<dt class=\"name\"><\/dt>\n<dd class=\"value\"><\/dd>\n<dt class=\"name\"><\/dt>\n<dd class=\"value\"><\/dd>\n<dt class=\"name\"><\/dt>\n<dd class=\"value\"><\/dd>\n<dt class=\"name\"><\/dt>\n<dd class=\"value\"><\/dd>\n<\/dl>\n<\/section>\n<div class=\"product-manufacturer  float-right\"><\/div>\n<\/div>\n<\/div>\n<\/div>\n<\/div>\n<\/div>","protected":false},"excerpt":{"rendered":"<p>Gel limpiador de Oliva para piel seca, deshidratada o normal. Suavemente limpia la piel sin causar deshidrataci\u00f3n. Hidrata y prepara la piel para el pr\u00f3ximo tratamiento cosm\u00e9tico. Ingredientes activos: aceite de oliva, provitamina B5 (d-panthenol) Apto para veganos. Edad recomendada: a partir de 6 a\u00f1os. Modo de empleo: Aplicar una peque\u00f1a cantidad para el lavado. [&hellip;]<\/p>","protected":false},"featured_media":6174,"comment_status":"open","ping_status":"closed","template":"","meta":{"_acf_changed":false,"inline_featured_image":false},"product_cat":[105],"product_tag":[],"genre":[],"class_list":{"0":"post-6122","1":"product","2":"type-product","3":"status-publish","4":"has-post-thumbnail","6":"product_cat-salud","8":"first","9":"instock","10":"taxable","11":"shipping-taxable","12":"purchasable","13":"product-type-simple","14":"add-to-wishlist-after_add_to_cart"},"acf":[],"_links":{"self":[{"href":"https:\/\/compraencieza.es\/en\/wp-json\/wp\/v2\/product\/6122","targetHints":{"allow":["GET"]}}],"collection":[{"href":"https:\/\/compraencieza.es\/en\/wp-json\/wp\/v2\/product"}],"about":[{"href":"https:\/\/compraencieza.es\/en\/wp-json\/wp\/v2\/types\/product"}],"replies":[{"embeddable":true,"href":"https:\/\/compraencieza.es\/en\/wp-json\/wp\/v2\/comments?post=6122"}],"wp:featuredmedia":[{"embeddable":true,"href":"https:\/\/compraencieza.es\/en\/wp-json\/wp\/v2\/media\/6174"}],"wp:attachment":[{"href":"https:\/\/compraencieza.es\/en\/wp-json\/wp\/v2\/media?parent=6122"}],"wp:term":[{"taxonomy":"product_cat","embeddable":true,"href":"https:\/\/compraencieza.es\/en\/wp-json\/wp\/v2\/product_cat?post=6122"},{"taxonomy":"product_tag","embeddable":true,"href":"https:\/\/compraencieza.es\/en\/wp-json\/wp\/v2\/product_tag?post=6122"},{"taxonomy":"product_brand","embeddable":true,"href":"https:\/\/compraencieza.es\/en\/wp-json\/wp\/v2\/genre?post=6122"}],"curies":[{"name":"wp","href":"https:\/\/api.w.org\/{rel}","templated":true}]}}