{"id":6124,"date":"2025-01-10T10:52:31","date_gmt":"2025-01-10T09:52:31","guid":{"rendered":"https:\/\/compraencieza.es\/?post_type=product&#038;p=6124"},"modified":"2025-01-10T11:06:24","modified_gmt":"2025-01-10T10:06:24","slug":"ziaja-acondicionador-coco","status":"publish","type":"product","link":"https:\/\/compraencieza.es\/en\/product\/ziaja-acondicionador-coco\/","title":{"rendered":"Ziaja Coconut Conditioner"},"content":{"rendered":"<p>Acondicionador \u00abbooster\u00bb capilar con un 97% ingredientes de origen natural.<\/p>\n<p>Nutre y regenera el cabello, aporta brillo y previene el encrespamiento, con su textura rica y cremosa. Su sutil fragancia a n\u00e9ctar de coco garantiza un frescor relajante.<\/p>\n<p>Este producto es perfecto como tratamiento \u201cpre-shot\u201d, previo al champ\u00fa, para nutrir y suavizar el cabello. Es ideal para seguir el innovador m\u00e9todo OMO: acondicionador, lavado y acondicionador. Es un m\u00e9todo sencillo y pr\u00e1ctico para restaurar el brillo cautivador, la suavidad perfecta y el aspecto saludable del cabello. Comienza nutriendo el cabello aplicando el acondicionador en el largo y puntas del cabello h\u00famedo. El siguiente paso es lavar el cabello sin enjaguar el acondicionador, aplicando el champ\u00fa en el cuero cabelludo con las yemas de los dedos, luego extenderlo sobre los largos y las puntas del cabello y enjuagar muy bien. Por \u00faltimo, se finaliza escurriendo bien el cabello, incluso sec\u00e1ndolo con una toalla, y aplicando acondicionador de nuevo en el largo y las puntas del cabello. Dejar actuar durante al menos 5 minutos y se enjuaga.<\/p>\n<p>Contiene aceite de coco org\u00e1nico, acondicionadores nutritivos, glicerina vegetal.<\/p>\n<p>Edad recomendada: a partir de los 17 a\u00f1os.<br \/>\nRecomendado para cabello da\u00f1ado, fr\u00e1gil, te\u00f1ido, seco, rizado o de porosidad media.<\/p>\n<p>Modo de empleo: Aplicar el acondicionador sobre el cabello h\u00famedo antes del lavado. No enjuagar, lavar el cabello con champ\u00fa. El acondicionador tambi\u00e9n puede utilizarse despu\u00e9s de lavar el cabello. Aplicar una peque\u00f1a cantidad y dejar actuar de 3 a 5 minutos, enjuagar abundantemente con agua tibia.<\/p>","protected":false},"excerpt":{"rendered":"<p>Acondicionador \u00abbooster\u00bb capilar con un 97% ingredientes de origen natural. Nutre y regenera el cabello, aporta brillo y previene el encrespamiento, con su textura rica y cremosa. Su sutil fragancia a n\u00e9ctar de coco garantiza un frescor relajante. Este producto es perfecto como tratamiento \u201cpre-shot\u201d, previo al champ\u00fa, para nutrir y suavizar el cabello. Es [&hellip;]<\/p>","protected":false},"featured_media":6176,"comment_status":"open","ping_status":"closed","template":"","meta":{"_acf_changed":false,"inline_featured_image":false},"product_cat":[105],"product_tag":[],"genre":[],"class_list":{"0":"post-6124","1":"product","2":"type-product","3":"status-publish","4":"has-post-thumbnail","6":"product_cat-salud","8":"first","9":"instock","10":"taxable","11":"shipping-taxable","12":"purchasable","13":"product-type-simple","14":"add-to-wishlist-after_add_to_cart"},"acf":[],"_links":{"self":[{"href":"https:\/\/compraencieza.es\/en\/wp-json\/wp\/v2\/product\/6124","targetHints":{"allow":["GET"]}}],"collection":[{"href":"https:\/\/compraencieza.es\/en\/wp-json\/wp\/v2\/product"}],"about":[{"href":"https:\/\/compraencieza.es\/en\/wp-json\/wp\/v2\/types\/product"}],"replies":[{"embeddable":true,"href":"https:\/\/compraencieza.es\/en\/wp-json\/wp\/v2\/comments?post=6124"}],"wp:featuredmedia":[{"embeddable":true,"href":"https:\/\/compraencieza.es\/en\/wp-json\/wp\/v2\/media\/6176"}],"wp:attachment":[{"href":"https:\/\/compraencieza.es\/en\/wp-json\/wp\/v2\/media?parent=6124"}],"wp:term":[{"taxonomy":"product_cat","embeddable":true,"href":"https:\/\/compraencieza.es\/en\/wp-json\/wp\/v2\/product_cat?post=6124"},{"taxonomy":"product_tag","embeddable":true,"href":"https:\/\/compraencieza.es\/en\/wp-json\/wp\/v2\/product_tag?post=6124"},{"taxonomy":"product_brand","embeddable":true,"href":"https:\/\/compraencieza.es\/en\/wp-json\/wp\/v2\/genre?post=6124"}],"curies":[{"name":"wp","href":"https:\/\/api.w.org\/{rel}","templated":true}]}}