{"id":6125,"date":"2025-01-10T10:52:31","date_gmt":"2025-01-10T09:52:31","guid":{"rendered":"https:\/\/compraencieza.es\/?post_type=product&#038;p=6125"},"modified":"2025-01-10T11:06:24","modified_gmt":"2025-01-10T10:06:24","slug":"ziaja-crema-facial-coco","status":"publish","type":"product","link":"https:\/\/compraencieza.es\/en\/product\/ziaja-crema-facial-coco\/","title":{"rendered":"Ziaja Crema facial Coco"},"content":{"rendered":"<p>Crema facial nutritiva e hidratante, para todo tipo de pieles. Recomendada principalmente para piel seca, deshidratada o normal.<\/p>\n<p>Alisa, calma y regenera la piel. Emulsi\u00f3n aterciopelada con un 92% de ingredientes de origen natural y glicerina vegetal. La sutil aroma a n\u00e9ctar de coco proporciona una sensaci\u00f3n relajante que con la sentir\u00e1s su f\u00f3rmula antiestr\u00e9s.<\/p>\n<p>Contiene aceite de coco org\u00e1nico, col\u00e1geno vegano, aceite de canola eco-emoliente.<\/p>\n<p>Edad recomendada: a partir de 17 a\u00f1os.<\/p>\n<p>MODO DE EMPLEO: Su uso puede ser tanto de d\u00eda como de noche, como crema facial o tambi\u00e9n como mascarilla durante el sue\u00f1o.<br \/>\nDe d\u00eda aplicar con suaves toquecitos sobre la piel limpia del rostro. De noche aplicar una capa gruesa sobre la piel limpia del rostro. No enjuagar y dejar actuar como una crema nutritiva nocturna.<\/p>","protected":false},"excerpt":{"rendered":"<p>Crema facial nutritiva e hidratante, para todo tipo de pieles. Recomendada principalmente para piel seca, deshidratada o normal. Alisa, calma y regenera la piel. Emulsi\u00f3n aterciopelada con un 92% de ingredientes de origen natural y glicerina vegetal. La sutil aroma a n\u00e9ctar de coco proporciona una sensaci\u00f3n relajante que con la sentir\u00e1s su f\u00f3rmula antiestr\u00e9s. [&hellip;]<\/p>","protected":false},"featured_media":6177,"comment_status":"open","ping_status":"closed","template":"","meta":{"_acf_changed":false,"inline_featured_image":false},"product_cat":[105],"product_tag":[],"genre":[],"class_list":{"0":"post-6125","1":"product","2":"type-product","3":"status-publish","4":"has-post-thumbnail","6":"product_cat-salud","8":"first","9":"instock","10":"taxable","11":"shipping-taxable","12":"purchasable","13":"product-type-simple","14":"add-to-wishlist-after_add_to_cart"},"acf":[],"_links":{"self":[{"href":"https:\/\/compraencieza.es\/en\/wp-json\/wp\/v2\/product\/6125","targetHints":{"allow":["GET"]}}],"collection":[{"href":"https:\/\/compraencieza.es\/en\/wp-json\/wp\/v2\/product"}],"about":[{"href":"https:\/\/compraencieza.es\/en\/wp-json\/wp\/v2\/types\/product"}],"replies":[{"embeddable":true,"href":"https:\/\/compraencieza.es\/en\/wp-json\/wp\/v2\/comments?post=6125"}],"wp:featuredmedia":[{"embeddable":true,"href":"https:\/\/compraencieza.es\/en\/wp-json\/wp\/v2\/media\/6177"}],"wp:attachment":[{"href":"https:\/\/compraencieza.es\/en\/wp-json\/wp\/v2\/media?parent=6125"}],"wp:term":[{"taxonomy":"product_cat","embeddable":true,"href":"https:\/\/compraencieza.es\/en\/wp-json\/wp\/v2\/product_cat?post=6125"},{"taxonomy":"product_tag","embeddable":true,"href":"https:\/\/compraencieza.es\/en\/wp-json\/wp\/v2\/product_tag?post=6125"},{"taxonomy":"product_brand","embeddable":true,"href":"https:\/\/compraencieza.es\/en\/wp-json\/wp\/v2\/genre?post=6125"}],"curies":[{"name":"wp","href":"https:\/\/api.w.org\/{rel}","templated":true}]}}