{"id":6132,"date":"2025-01-10T10:52:52","date_gmt":"2025-01-10T09:52:52","guid":{"rendered":"https:\/\/compraencieza.es\/?post_type=product&#038;p=6132"},"modified":"2025-01-10T11:06:24","modified_gmt":"2025-01-10T10:06:24","slug":"ziaja-crema-contorno-ojos","status":"publish","type":"product","link":"https:\/\/compraencieza.es\/en\/product\/ziaja-crema-contorno-ojos\/","title":{"rendered":"Ziaja Crema Contorno Ojos"},"content":{"rendered":"<ol>\n<li>Crema antiarrugas para el contorno de ojos. Contiene vitamina A, vitamina E y provitamina B5, ideal para piel seca, deshidratada, sensible, irritada, madura o con manchas de pigmentaci\u00f3n.<br \/>\nRecomendado para el cuidado diario, apto para todos las edades, a partir de 17 a\u00f1os.<\/li>\n<\/ol>\n<p>&#8211; Reduce peque\u00f1as l\u00edneas de expresi\u00f3n y previene su formaci\u00f3n.<br \/>\n&#8211; Suaviza, reafirma e hidrata.<br \/>\n&#8211; Ilumina ligeramente la piel.<\/p>\n<p>Adecuado para usuarios de lentes de contacto.<br \/>\nSin perfumes.<\/p>\n<p>Testado dermatol\u00f3gicamente y oftalmol\u00f3gicamente.<\/p>\n<p>Ingredientes activos: Aceite de hoja de perejil, Vitamina A, Vitamina E, Provitamina B5 (D-panthenol)<br \/>\nSuitable for vegans.<\/p>\n<p>Instructions for use:<br \/>\nAplicar localmente en la parte externa de cada ojo, preferentemente por las noches. Extender desde el contorno exterior hasta el interior mediante suaves toquecitos. Evitar el contacto directo con el saco conjuntival.<\/p>","protected":false},"excerpt":{"rendered":"<p>Crema antiarrugas para el contorno de ojos. Contiene vitamina A, vitamina E y provitamina B5, ideal para piel seca, deshidratada, sensible, irritada, madura o con manchas de pigmentaci\u00f3n. Recomendado para el cuidado diario, apto para todos las edades, a partir de 17 a\u00f1os. &#8211; Reduce peque\u00f1as l\u00edneas de expresi\u00f3n y previene su formaci\u00f3n. &#8211; Suaviza, [&hellip;]<\/p>","protected":false},"featured_media":6185,"comment_status":"open","ping_status":"closed","template":"","meta":{"_acf_changed":false,"inline_featured_image":false},"product_cat":[105],"product_tag":[],"genre":[],"class_list":{"0":"post-6132","1":"product","2":"type-product","3":"status-publish","4":"has-post-thumbnail","6":"product_cat-salud","8":"first","9":"onbackorder","10":"taxable","11":"shipping-taxable","12":"purchasable","13":"product-type-simple","14":"add-to-wishlist-after_add_to_cart"},"acf":[],"_links":{"self":[{"href":"https:\/\/compraencieza.es\/en\/wp-json\/wp\/v2\/product\/6132","targetHints":{"allow":["GET"]}}],"collection":[{"href":"https:\/\/compraencieza.es\/en\/wp-json\/wp\/v2\/product"}],"about":[{"href":"https:\/\/compraencieza.es\/en\/wp-json\/wp\/v2\/types\/product"}],"replies":[{"embeddable":true,"href":"https:\/\/compraencieza.es\/en\/wp-json\/wp\/v2\/comments?post=6132"}],"wp:featuredmedia":[{"embeddable":true,"href":"https:\/\/compraencieza.es\/en\/wp-json\/wp\/v2\/media\/6185"}],"wp:attachment":[{"href":"https:\/\/compraencieza.es\/en\/wp-json\/wp\/v2\/media?parent=6132"}],"wp:term":[{"taxonomy":"product_cat","embeddable":true,"href":"https:\/\/compraencieza.es\/en\/wp-json\/wp\/v2\/product_cat?post=6132"},{"taxonomy":"product_tag","embeddable":true,"href":"https:\/\/compraencieza.es\/en\/wp-json\/wp\/v2\/product_tag?post=6132"},{"taxonomy":"product_brand","embeddable":true,"href":"https:\/\/compraencieza.es\/en\/wp-json\/wp\/v2\/genre?post=6132"}],"curies":[{"name":"wp","href":"https:\/\/api.w.org\/{rel}","templated":true}]}}