{"id":6133,"date":"2025-01-10T10:52:52","date_gmt":"2025-01-10T09:52:52","guid":{"rendered":"https:\/\/compraencieza.es\/?post_type=product&#038;p=6133"},"modified":"2025-01-10T11:06:24","modified_gmt":"2025-01-10T10:06:24","slug":"ziaja-crema-facial-hombre","status":"publish","type":"product","link":"https:\/\/compraencieza.es\/en\/product\/ziaja-crema-facial-hombre\/","title":{"rendered":"Ziaja Crema facial Hombre"},"content":{"rendered":"<p>Crema facial hidratante con propiedades normalizantes y matificantes.<\/p>\n<p>Hidrata la piel permanentemente y previene la p\u00e9rdida de agua.<br \/>\nProporciona a la piel un aspecto mate.<br \/>\nNo deja sensaci\u00f3n grasa y reduce la aspereza de la piel.<\/p>\n<p>Se absorbe r\u00e1pidamente.<br \/>\nTiene un aroma energizante y fresco.<\/p>\n<p>Ingredientes activos: provitamina B5 (d-panthenol), OMEGA-3, OMEGA-6, allantoin, \u00e1cidos grasos de aceite de maiz, luffa cylindrica<br \/>\nNo apta para veganos.<\/p>\n<p>Modo de empleo: Aplicar sobre la piel y d\u00e9 palmaditas suaves. Aplicar de d\u00eda<\/p>","protected":false},"excerpt":{"rendered":"<p>Crema facial hidratante con propiedades normalizantes y matificantes. Hidrata la piel permanentemente y previene la p\u00e9rdida de agua. Proporciona a la piel un aspecto mate. No deja sensaci\u00f3n grasa y reduce la aspereza de la piel. Se absorbe r\u00e1pidamente. Tiene un aroma energizante y fresco. Ingredientes activos: provitamina B5 (d-panthenol), OMEGA-3, OMEGA-6, allantoin, \u00e1cidos grasos [&hellip;]<\/p>","protected":false},"featured_media":6186,"comment_status":"open","ping_status":"closed","template":"","meta":{"_acf_changed":false,"inline_featured_image":false},"product_cat":[105],"product_tag":[],"genre":[],"class_list":{"0":"post-6133","1":"product","2":"type-product","3":"status-publish","4":"has-post-thumbnail","6":"product_cat-salud","8":"first","9":"instock","10":"taxable","11":"shipping-taxable","12":"purchasable","13":"product-type-simple","14":"add-to-wishlist-after_add_to_cart"},"acf":[],"_links":{"self":[{"href":"https:\/\/compraencieza.es\/en\/wp-json\/wp\/v2\/product\/6133","targetHints":{"allow":["GET"]}}],"collection":[{"href":"https:\/\/compraencieza.es\/en\/wp-json\/wp\/v2\/product"}],"about":[{"href":"https:\/\/compraencieza.es\/en\/wp-json\/wp\/v2\/types\/product"}],"replies":[{"embeddable":true,"href":"https:\/\/compraencieza.es\/en\/wp-json\/wp\/v2\/comments?post=6133"}],"wp:featuredmedia":[{"embeddable":true,"href":"https:\/\/compraencieza.es\/en\/wp-json\/wp\/v2\/media\/6186"}],"wp:attachment":[{"href":"https:\/\/compraencieza.es\/en\/wp-json\/wp\/v2\/media?parent=6133"}],"wp:term":[{"taxonomy":"product_cat","embeddable":true,"href":"https:\/\/compraencieza.es\/en\/wp-json\/wp\/v2\/product_cat?post=6133"},{"taxonomy":"product_tag","embeddable":true,"href":"https:\/\/compraencieza.es\/en\/wp-json\/wp\/v2\/product_tag?post=6133"},{"taxonomy":"product_brand","embeddable":true,"href":"https:\/\/compraencieza.es\/en\/wp-json\/wp\/v2\/genre?post=6133"}],"curies":[{"name":"wp","href":"https:\/\/api.w.org\/{rel}","templated":true}]}}