{"id":6134,"date":"2025-01-10T10:52:52","date_gmt":"2025-01-10T09:52:52","guid":{"rendered":"https:\/\/compraencieza.es\/?post_type=product&#038;p=6134"},"modified":"2025-01-10T11:06:24","modified_gmt":"2025-01-10T10:06:24","slug":"ziaja-body-mist-hidratante-piel-seca-cuerpo-y-cara","status":"publish","type":"product","link":"https:\/\/compraencieza.es\/en\/product\/ziaja-body-mist-hidratante-piel-seca-cuerpo-y-cara\/","title":{"rendered":"Ziaja body mist Moisturizing Dry Skin Body and Face"},"content":{"rendered":"<p>Bruma hidratante que tonifica, refresca y energiza la epidermis.<\/p>\n<p>Deja una elegante fragancia en la piel.<\/p>\n<p>Perfecta para d\u00edas caluroso de verano, durante y despu\u00e9s de tomar el sol, despu\u00e9s de realizar ejercicio y para viajar.<\/p>\n<p>Apto a partir de 12 a\u00f1os.<br \/>\nRecomendada para piel seca, deshidratada o normal.<\/p>\n<p>Ingredientes activos: D-pantenol, glicerina, perpetua, marrubio blanco<\/p>\n<p>MODO DE EMPLEO: Pulverizar sobre rostro, cuerpo y cabello a una distancia de 20-30 cm. Evitar el \u00e1rea de los ojos. Mantener los ojos y la boca cerrados durante la aplicaci\u00f3n. Se puede usar despu\u00e9s del maquillaje.<\/p>","protected":false},"excerpt":{"rendered":"<p>Bruma hidratante que tonifica, refresca y energiza la epidermis. Deja una elegante fragancia en la piel. Perfecta para d\u00edas caluroso de verano, durante y despu\u00e9s de tomar el sol, despu\u00e9s de realizar ejercicio y para viajar. Apto a partir de 12 a\u00f1os. Recomendada para piel seca, deshidratada o normal. Ingredientes activos: D-pantenol, glicerina, perpetua, marrubio [&hellip;]<\/p>","protected":false},"featured_media":6187,"comment_status":"open","ping_status":"closed","template":"","meta":{"_acf_changed":false,"inline_featured_image":false},"product_cat":[105],"product_tag":[],"genre":[],"class_list":{"0":"post-6134","1":"product","2":"type-product","3":"status-publish","4":"has-post-thumbnail","6":"product_cat-salud","8":"first","9":"instock","10":"taxable","11":"shipping-taxable","12":"purchasable","13":"product-type-simple","14":"add-to-wishlist-after_add_to_cart"},"acf":[],"_links":{"self":[{"href":"https:\/\/compraencieza.es\/en\/wp-json\/wp\/v2\/product\/6134","targetHints":{"allow":["GET"]}}],"collection":[{"href":"https:\/\/compraencieza.es\/en\/wp-json\/wp\/v2\/product"}],"about":[{"href":"https:\/\/compraencieza.es\/en\/wp-json\/wp\/v2\/types\/product"}],"replies":[{"embeddable":true,"href":"https:\/\/compraencieza.es\/en\/wp-json\/wp\/v2\/comments?post=6134"}],"wp:featuredmedia":[{"embeddable":true,"href":"https:\/\/compraencieza.es\/en\/wp-json\/wp\/v2\/media\/6187"}],"wp:attachment":[{"href":"https:\/\/compraencieza.es\/en\/wp-json\/wp\/v2\/media?parent=6134"}],"wp:term":[{"taxonomy":"product_cat","embeddable":true,"href":"https:\/\/compraencieza.es\/en\/wp-json\/wp\/v2\/product_cat?post=6134"},{"taxonomy":"product_tag","embeddable":true,"href":"https:\/\/compraencieza.es\/en\/wp-json\/wp\/v2\/product_tag?post=6134"},{"taxonomy":"product_brand","embeddable":true,"href":"https:\/\/compraencieza.es\/en\/wp-json\/wp\/v2\/genre?post=6134"}],"curies":[{"name":"wp","href":"https:\/\/api.w.org\/{rel}","templated":true}]}}