{"id":6142,"date":"2025-01-10T10:53:13","date_gmt":"2025-01-10T09:53:13","guid":{"rendered":"https:\/\/compraencieza.es\/?post_type=product&#038;p=6142"},"modified":"2025-01-10T11:06:24","modified_gmt":"2025-01-10T10:06:24","slug":"ziaja-champu-pina-con-cafeina","status":"publish","type":"product","link":"https:\/\/compraencieza.es\/en\/product\/ziaja-champu-pina-con-cafeina\/","title":{"rendered":"Ziaja Champ\u00fa Pi\u00f1a con Cafe\u00edna"},"content":{"rendered":"<div id=\"main-product-wrapper\">\n<div class=\"tabs product-tabs\">\n<div id=\"product-infos-tabs-content\" class=\"tab-content\">\n<div id=\"description\" class=\"tab-pane in active\">\n<div class=\"product-description\">\n<div class=\"rte-content\">\n<p>Champ\u00fa revitalizante recomendado para da\u00f1ado, fr\u00e1gil, te\u00f1ido, delicado, normal, seco y de porosidad baja y media.<\/p>\n<p>Su f\u00f3rmula en gel transparente est\u00e1 perfumada con una suave y ex\u00f3tica fragancia a pi\u00f1a muy cautivadora. La cafe\u00edna activa que contiene proporciona volumen al cabello y le aporta luminosidad.<\/p>\n<p>Vegano y con un 95% de ingredientes de origen natural.<\/p>\n<p>Modo de empleo: Aplicar en el cabello y masajear hasta crear espuma. Enjuagar minuciosamente. Repetir la aplicaci\u00f3n una segunda vez. Evitar el contacto con los ojos.<\/p>\n<\/div>\n<\/div>\n<\/div>\n<div id=\"product-details-tab\" class=\"tab-pane\">\n<div id=\"product-details\" class=\"clearfix\" style=\"box-sizing: border-box;\" data-product=\"{&quot;id_shop_default&quot;:&quot;2&quot;,&quot;id_manufacturer&quot;:&quot;4&quot;,&quot;id_supplier&quot;:&quot;3&quot;,&quot;reference&quot;:&quot;ZPI15841&quot;,&quot;is_virtual&quot;:&quot;0&quot;,&quot;delivery_in_stock&quot;:&quot;&quot;,&quot;delivery_out_stock&quot;:&quot;&quot;,&quot;id_category_default&quot;:&quot;1474&quot;,&quot;on_sale&quot;:&quot;0&quot;,&quot;online_only&quot;:&quot;0&quot;,&quot;ecotax&quot;:0,&quot;minimal_quantity&quot;:&quot;1&quot;,&quot;low_stock_threshold&quot;:null,&quot;low_stock_alert&quot;:&quot;0&quot;,&quot;price&quot;:&quot;3,49u00a0u20ac&quot;,&quot;unity&quot;:&quot;&quot;,&quot;unit_price_ratio&quot;:&quot;0.000000&quot;,&quot;additional_shipping_cost&quot;:&quot;0.00&quot;,&quot;customizable&quot;:&quot;0&quot;,&quot;text_fields&quot;:&quot;0&quot;,&quot;uploadable_files&quot;:&quot;0&quot;,&quot;redirect_type&quot;:&quot;404&quot;,&quot;id_type_redirected&quot;:&quot;0&quot;,&quot;available_for_order&quot;:&quot;1&quot;,&quot;available_date&quot;:&quot;0000-00-00&quot;,&quot;show_condition&quot;:&quot;&quot;,&quot;condition&quot;:&quot;new&quot;,&quot;show_price&quot;:&quot;1&quot;,&quot;indexed&quot;:&quot;1&quot;,&quot;visibility&quot;:&quot;both&quot;,&quot;cache_default_attribute&quot;:&quot;0&quot;,&quot;advanced_stock_management&quot;:&quot;0&quot;,&quot;date_add&quot;:&quot;2021-08-11 09:26:37&quot;,&quot;date_upd&quot;:&quot;2024-10-14 10:38:05&quot;,&quot;pack_stock_type&quot;:&quot;3&quot;,&quot;meta_description&quot;:&quot;Champu00fa revitalizante recomendado especialmente para cabellos de porosidad baja, es decir, cabellos con aspecto sano, suave y brillante.&quot;,&quot;meta_keywords&quot;:&quot;ZIAJA PIu00d1A Champu00fa con cafeu00edna&quot;,&quot;meta_title&quot;:&quot;PIu00d1A Champu00fa con cafeu00edna - ZIAJA&quot;,&quot;link_rewrite&quot;:&quot;ziaja-pina-champu-con-cafeina&quot;,&quot;name&quot;:&quot;PIu00d1A Champu00fa con cafeu00edna&quot;,&quot;description&quot;:&quot;&lt;p&gt;Champu00fa revitalizante recomendado para dau00f1ado, fru00e1gil, teu00f1ido, delicado, normal, seco y de porosidad baja y media.&lt;br \/&gt;&lt;br \/&gt;Su fu00f3rmula en gel transparente estu00e1 perfumada con una suave y exu00f3tica fragancia a piu00f1a muy cautivadora. La cafeu00edna activa que contiene proporciona volumen al cabello y le aporta luminosidad.&lt;br \/&gt;&lt;br \/&gt;Vegano y con un 95% de ingredientes de origen natural.&lt;br \/&gt;&lt;br \/&gt;Modo de empleo: Aplicar en el cabello y masajear hasta crear espuma. Enjuagar minuciosamente. Repetir la aplicaciu00f3n una segunda vez. Evitar el contacto con los ojos. &lt;br \/&gt;&lt;\/p&gt;&quot;,&quot;description_short&quot;:&quot;\\nChampu00fa revitalizante recomendado especialmente para cabellos de porosidad baja, es decir, cabellos con aspecto sano, suave y brillante.&quot;,&quot;available_now&quot;:&quot;&quot;,&quot;available_later&quot;:&quot;&quot;,&quot;id&quot;:30154,&quot;id_product&quot;:30154,&quot;out_of_stock&quot;:2,&quot;new&quot;:0,&quot;id_product_attribute&quot;:&quot;0&quot;,&quot;quantity_wanted&quot;:1,&quot;extraContent&quot;:[],&quot;allow_oosp&quot;:0,&quot;category&quot;:&quot;champus&quot;,&quot;category_name&quot;:&quot;Champu00fas&quot;,&quot;link&quot;:&quot;https:\/\/ziajashop.es\/30154-ziaja-pina-champu-con-cafeina.html&quot;,&quot;attribute_price&quot;:0,&quot;price_tax_exc&quot;:2.884298,&quot;price_without_reduction&quot;:3.490001,&quot;reduction&quot;:0,&quot;specific_prices&quot;:false,&quot;quantity&quot;:193,&quot;quantity_all_versions&quot;:193,&quot;id_image&quot;:&quot;es-default&quot;,&quot;features&quot;:[{&quot;name&quot;:&quot;Ingredientes&quot;,&quot;value&quot;:&quot;Aqua (Water), Sodium Laureth Sulfate, Cocamidopropyl Betaine, Guar Hydroxypropyltrimonium Chloride, Hydrolyzed Glycosaminoglycans, Caffeine, Ananas Sativus (Pineapple) Fruit Extract, Sodium Chloride, PEG-7 Glyceryl Cocoate, Sodium Benzoate, Parfum (Fragrance), Linalool, Limonene, Citric Acid, CI 47005 (D&amp;C Yellow No. 10), CI 16035 (FD&amp;C Red No. 40), CI 42090 (FD&amp;C Blue No. 1), CI 19140 (FD&amp;C Yellow No. 5).&quot;,&quot;id_feature&quot;:&quot;29&quot;,&quot;position&quot;:&quot;1&quot;},{&quot;name&quot;:&quot;Capacidad&quot;,&quot;value&quot;:&quot;160ml&quot;,&quot;id_feature&quot;:&quot;1&quot;,&quot;position&quot;:&quot;8&quot;},{&quot;name&quot;:&quot;Tipo de cabello&quot;,&quot;value&quot;:&quot;Normal&quot;,&quot;id_feature&quot;:&quot;34&quot;,&quot;position&quot;:&quot;20&quot;},{&quot;name&quot;:&quot;Tipo de cabello&quot;,&quot;value&quot;:&quot;Teu00f1ido&quot;,&quot;id_feature&quot;:&quot;34&quot;,&quot;position&quot;:&quot;20&quot;},{&quot;name&quot;:&quot;Tipo de cabello&quot;,&quot;value&quot;:&quot;Seco&quot;,&quot;id_feature&quot;:&quot;34&quot;,&quot;position&quot;:&quot;20&quot;},{&quot;name&quot;:&quot;Tipo de cabello&quot;,&quot;value&quot;:&quot;Fino\/Delicado&quot;,&quot;id_feature&quot;:&quot;34&quot;,&quot;position&quot;:&quot;20&quot;},{&quot;name&quot;:&quot;Tipo de cabello&quot;,&quot;value&quot;:&quot;Dau00f1ado&quot;,&quot;id_feature&quot;:&quot;34&quot;,&quot;position&quot;:&quot;20&quot;},{&quot;name&quot;:&quot;Lu00ednea&quot;,&quot;value&quot;:&quot;Piu00f1a&quot;,&quot;id_feature&quot;:&quot;35&quot;,&quot;position&quot;:&quot;23&quot;},{&quot;name&quot;:&quot;Caracteru00edstica&quot;,&quot;value&quot;:&quot;Vegano&quot;,&quot;id_feature&quot;:&quot;33&quot;,&quot;position&quot;:&quot;24&quot;},{&quot;name&quot;:&quot;Porosidad del cabello&quot;,&quot;value&quot;:&quot;Baja &quot;,&quot;id_feature&quot;:&quot;40&quot;,&quot;position&quot;:&quot;26&quot;}],&quot;attachments&quot;:[],&quot;virtual&quot;:0,&quot;pack&quot;:0,&quot;packItems&quot;:[],&quot;nopackprice&quot;:0,&quot;customization_required&quot;:false,&quot;rate&quot;:21,&quot;tax_name&quot;:&quot;IVA ES 21%&quot;,&quot;ecotax_rate&quot;:0,&quot;unit_price&quot;:&quot;&quot;,&quot;customizations&quot;:{&quot;fields&quot;:[]},&quot;id_customization&quot;:0,&quot;is_customizable&quot;:false,&quot;show_quantities&quot;:false,&quot;quantity_label&quot;:&quot;Artu00edculos&quot;,&quot;quantity_discounts&quot;:[],&quot;customer_group_discount&quot;:0,&quot;images&quot;:[{&quot;bySize&quot;:{&quot;small_default&quot;:{&quot;url&quot;:&quot;https:\/\/ziajashop.es\/7873-small_default\/ziaja-pina-champu-con-cafeina.jpg&quot;,&quot;width&quot;:98,&quot;height&quot;:127},&quot;cart_default&quot;:{&quot;url&quot;:&quot;https:\/\/ziajashop.es\/7873-cart_default\/ziaja-pina-champu-con-cafeina.jpg&quot;,&quot;width&quot;:125,&quot;height&quot;:162},&quot;large_default&quot;:{&quot;url&quot;:&quot;https:\/\/ziajashop.es\/7873-large_default\/ziaja-pina-champu-con-cafeina.jpg&quot;,&quot;width&quot;:381,&quot;height&quot;:492},&quot;medium_default&quot;:{&quot;url&quot;:&quot;https:\/\/ziajashop.es\/7873-medium_default\/ziaja-pina-champu-con-cafeina.jpg&quot;,&quot;width&quot;:452,&quot;height&quot;:584},&quot;home_default&quot;:{&quot;url&quot;:&quot;https:\/\/ziajashop.es\/7873-home_default\/ziaja-pina-champu-con-cafeina.jpg&quot;,&quot;width&quot;:800,&quot;height&quot;:800},&quot;thickbox_default&quot;:{&quot;url&quot;:&quot;https:\/\/ziajashop.es\/7873-thickbox_default\/ziaja-pina-champu-con-cafeina.jpg&quot;,&quot;width&quot;:1100,&quot;height&quot;:1422}},&quot;small&quot;:{&quot;url&quot;:&quot;https:\/\/ziajashop.es\/7873-small_default\/ziaja-pina-champu-con-cafeina.jpg&quot;,&quot;width&quot;:98,&quot;height&quot;:127},&quot;medium&quot;:{&quot;url&quot;:&quot;https:\/\/ziajashop.es\/7873-medium_default\/ziaja-pina-champu-con-cafeina.jpg&quot;,&quot;width&quot;:452,&quot;height&quot;:584},&quot;large&quot;:{&quot;url&quot;:&quot;https:\/\/ziajashop.es\/7873-thickbox_default\/ziaja-pina-champu-con-cafeina.jpg&quot;,&quot;width&quot;:1100,&quot;height&quot;:1422},&quot;legend&quot;:&quot;&quot;,&quot;cover&quot;:&quot;1&quot;,&quot;id_image&quot;:&quot;7873&quot;,&quot;position&quot;:&quot;1&quot;,&quot;associatedVariants&quot;:[]},{&quot;bySize&quot;:{&quot;small_default&quot;:{&quot;url&quot;:&quot;https:\/\/ziajashop.es\/10897-small_default\/ziaja-pina-champu-con-cafeina.jpg&quot;,&quot;width&quot;:98,&quot;height&quot;:127},&quot;cart_default&quot;:{&quot;url&quot;:&quot;https:\/\/ziajashop.es\/10897-cart_default\/ziaja-pina-champu-con-cafeina.jpg&quot;,&quot;width&quot;:125,&quot;height&quot;:162},&quot;large_default&quot;:{&quot;url&quot;:&quot;https:\/\/ziajashop.es\/10897-large_default\/ziaja-pina-champu-con-cafeina.jpg&quot;,&quot;width&quot;:381,&quot;height&quot;:492},&quot;medium_default&quot;:{&quot;url&quot;:&quot;https:\/\/ziajashop.es\/10897-medium_default\/ziaja-pina-champu-con-cafeina.jpg&quot;,&quot;width&quot;:452,&quot;height&quot;:584},&quot;home_default&quot;:{&quot;url&quot;:&quot;https:\/\/ziajashop.es\/10897-home_default\/ziaja-pina-champu-con-cafeina.jpg&quot;,&quot;width&quot;:800,&quot;height&quot;:800},&quot;thickbox_default&quot;:{&quot;url&quot;:&quot;https:\/\/ziajashop.es\/10897-thickbox_default\/ziaja-pina-champu-con-cafeina.jpg&quot;,&quot;width&quot;:1100,&quot;height&quot;:1422}},&quot;small&quot;:{&quot;url&quot;:&quot;https:\/\/ziajashop.es\/10897-small_default\/ziaja-pina-champu-con-cafeina.jpg&quot;,&quot;width&quot;:98,&quot;height&quot;:127},&quot;medium&quot;:{&quot;url&quot;:&quot;https:\/\/ziajashop.es\/10897-medium_default\/ziaja-pina-champu-con-cafeina.jpg&quot;,&quot;width&quot;:452,&quot;height&quot;:584},&quot;large&quot;:{&quot;url&quot;:&quot;https:\/\/ziajashop.es\/10897-thickbox_default\/ziaja-pina-champu-con-cafeina.jpg&quot;,&quot;width&quot;:1100,&quot;height&quot;:1422},&quot;legend&quot;:&quot;&quot;,&quot;cover&quot;:null,&quot;id_image&quot;:&quot;10897&quot;,&quot;position&quot;:&quot;2&quot;,&quot;associatedVariants&quot;:[]}],&quot;cover&quot;:{&quot;bySize&quot;:{&quot;small_default&quot;:{&quot;url&quot;:&quot;https:\/\/ziajashop.es\/7873-small_default\/ziaja-pina-champu-con-cafeina.jpg&quot;,&quot;width&quot;:98,&quot;height&quot;:127},&quot;cart_default&quot;:{&quot;url&quot;:&quot;https:\/\/ziajashop.es\/7873-cart_default\/ziaja-pina-champu-con-cafeina.jpg&quot;,&quot;width&quot;:125,&quot;height&quot;:162},&quot;large_default&quot;:{&quot;url&quot;:&quot;https:\/\/ziajashop.es\/7873-large_default\/ziaja-pina-champu-con-cafeina.jpg&quot;,&quot;width&quot;:381,&quot;height&quot;:492},&quot;medium_default&quot;:{&quot;url&quot;:&quot;https:\/\/ziajashop.es\/7873-medium_default\/ziaja-pina-champu-con-cafeina.jpg&quot;,&quot;width&quot;:452,&quot;height&quot;:584},&quot;home_default&quot;:{&quot;url&quot;:&quot;https:\/\/ziajashop.es\/7873-home_default\/ziaja-pina-champu-con-cafeina.jpg&quot;,&quot;width&quot;:800,&quot;height&quot;:800},&quot;thickbox_default&quot;:{&quot;url&quot;:&quot;https:\/\/ziajashop.es\/7873-thickbox_default\/ziaja-pina-champu-con-cafeina.jpg&quot;,&quot;width&quot;:1100,&quot;height&quot;:1422}},&quot;small&quot;:{&quot;url&quot;:&quot;https:\/\/ziajashop.es\/7873-small_default\/ziaja-pina-champu-con-cafeina.jpg&quot;,&quot;width&quot;:98,&quot;height&quot;:127},&quot;medium&quot;:{&quot;url&quot;:&quot;https:\/\/ziajashop.es\/7873-medium_default\/ziaja-pina-champu-con-cafeina.jpg&quot;,&quot;width&quot;:452,&quot;height&quot;:584},&quot;large&quot;:{&quot;url&quot;:&quot;https:\/\/ziajashop.es\/7873-thickbox_default\/ziaja-pina-champu-con-cafeina.jpg&quot;,&quot;width&quot;:1100,&quot;height&quot;:1422},&quot;legend&quot;:&quot;&quot;,&quot;cover&quot;:&quot;1&quot;,&quot;id_image&quot;:&quot;7873&quot;,&quot;position&quot;:&quot;1&quot;,&quot;associatedVariants&quot;:[]},&quot;has_discount&quot;:false,&quot;discount_type&quot;:null,&quot;discount_percentage&quot;:null,&quot;discount_percentage_absolute&quot;:null,&quot;discount_amount&quot;:null,&quot;discount_amount_to_display&quot;:null,&quot;price_amount&quot;:3.49,&quot;unit_price_full&quot;:&quot;&quot;,&quot;show_availability&quot;:true,&quot;availability_date&quot;:null,&quot;availability_message&quot;:&quot;&quot;,&quot;availability&quot;:&quot;available&quot;}\"><\/div>\n<\/div>\n<\/div>\n<\/div>\n<\/div>","protected":false},"excerpt":{"rendered":"<p>Champ\u00fa revitalizante recomendado para da\u00f1ado, fr\u00e1gil, te\u00f1ido, delicado, normal, seco y de porosidad baja y media. Su f\u00f3rmula en gel transparente est\u00e1 perfumada con una suave y ex\u00f3tica fragancia a pi\u00f1a muy cautivadora. La cafe\u00edna activa que contiene proporciona volumen al cabello y le aporta luminosidad. Vegano y con un 95% de ingredientes de origen [&hellip;]<\/p>","protected":false},"featured_media":6189,"comment_status":"open","ping_status":"closed","template":"","meta":{"_acf_changed":false,"inline_featured_image":false},"product_cat":[105],"product_tag":[],"genre":[],"class_list":{"0":"post-6142","1":"product","2":"type-product","3":"status-publish","4":"has-post-thumbnail","6":"product_cat-salud","8":"first","9":"outofstock","10":"taxable","11":"shipping-taxable","12":"purchasable","13":"product-type-simple","14":"add-to-wishlist-after_add_to_cart"},"acf":[],"_links":{"self":[{"href":"https:\/\/compraencieza.es\/en\/wp-json\/wp\/v2\/product\/6142","targetHints":{"allow":["GET"]}}],"collection":[{"href":"https:\/\/compraencieza.es\/en\/wp-json\/wp\/v2\/product"}],"about":[{"href":"https:\/\/compraencieza.es\/en\/wp-json\/wp\/v2\/types\/product"}],"replies":[{"embeddable":true,"href":"https:\/\/compraencieza.es\/en\/wp-json\/wp\/v2\/comments?post=6142"}],"wp:featuredmedia":[{"embeddable":true,"href":"https:\/\/compraencieza.es\/en\/wp-json\/wp\/v2\/media\/6189"}],"wp:attachment":[{"href":"https:\/\/compraencieza.es\/en\/wp-json\/wp\/v2\/media?parent=6142"}],"wp:term":[{"taxonomy":"product_cat","embeddable":true,"href":"https:\/\/compraencieza.es\/en\/wp-json\/wp\/v2\/product_cat?post=6142"},{"taxonomy":"product_tag","embeddable":true,"href":"https:\/\/compraencieza.es\/en\/wp-json\/wp\/v2\/product_tag?post=6142"},{"taxonomy":"product_brand","embeddable":true,"href":"https:\/\/compraencieza.es\/en\/wp-json\/wp\/v2\/genre?post=6142"}],"curies":[{"name":"wp","href":"https:\/\/api.w.org\/{rel}","templated":true}]}}