{"id":6144,"date":"2025-01-10T10:53:13","date_gmt":"2025-01-10T09:53:13","guid":{"rendered":"https:\/\/compraencieza.es\/?post_type=product&#038;p=6144"},"modified":"2025-01-10T11:06:24","modified_gmt":"2025-01-10T10:06:24","slug":"ziaja-crema-facial-iluminadora-spf-15","status":"publish","type":"product","link":"https:\/\/compraencieza.es\/en\/product\/ziaja-crema-facial-iluminadora-spf-15\/","title":{"rendered":"Ziaja Brightening Facial Cream SPF 15"},"content":{"rendered":"<p>Crema facial para hidrataci\u00f3n intensa para piel seca con textura cremosa y part\u00edculas iluminadoras.<\/p>\n<p>Hidrata eficazmente la piel. Regenera la barrera natural de la piel y reduce la p\u00e9rdida de agua transepid\u00e9rmica.<\/p>\n<p>Suaviza las arrugas y protege del fotoenvejecimiento. Proporciona un efecto de piel iluminada, radiante y fresca.<\/p>\n<p>Perfecta para usarla como prebase.<\/p>\n<p>Apta a partir de 17 a\u00f1os.<br \/>\nRecomendada para piel seca, deshidratada, madura, con manchas de pigmentaci\u00f3n y normal.<\/p>\n<p>Ingredientes activos: col\u00e1geno, perpetua, marrubio, hisopo de agua, minerales, filtros fotoestables UVA y UVB.<\/p>\n<p>MODO DE EMPLEO: Aplicar la crema sobre rostro y cuello y masajear suavemente. Para potenciar el efecto hidratante, se recomienda utilizar la crema en combinaci\u00f3n con el serum GdanSkin. Evitar el contacto con los ojos.<\/p>","protected":false},"excerpt":{"rendered":"<p>Crema facial para hidrataci\u00f3n intensa para piel seca con textura cremosa y part\u00edculas iluminadoras. Hidrata eficazmente la piel. Regenera la barrera natural de la piel y reduce la p\u00e9rdida de agua transepid\u00e9rmica. Suaviza las arrugas y protege del fotoenvejecimiento. Proporciona un efecto de piel iluminada, radiante y fresca. Perfecta para usarla como prebase. Apta a [&hellip;]<\/p>","protected":false},"featured_media":6197,"comment_status":"open","ping_status":"closed","template":"","meta":{"_acf_changed":false,"inline_featured_image":false},"product_cat":[105],"product_tag":[],"genre":[],"class_list":{"0":"post-6144","1":"product","2":"type-product","3":"status-publish","4":"has-post-thumbnail","6":"product_cat-salud","8":"first","9":"instock","10":"taxable","11":"shipping-taxable","12":"purchasable","13":"product-type-simple","14":"add-to-wishlist-after_add_to_cart"},"acf":[],"_links":{"self":[{"href":"https:\/\/compraencieza.es\/en\/wp-json\/wp\/v2\/product\/6144","targetHints":{"allow":["GET"]}}],"collection":[{"href":"https:\/\/compraencieza.es\/en\/wp-json\/wp\/v2\/product"}],"about":[{"href":"https:\/\/compraencieza.es\/en\/wp-json\/wp\/v2\/types\/product"}],"replies":[{"embeddable":true,"href":"https:\/\/compraencieza.es\/en\/wp-json\/wp\/v2\/comments?post=6144"}],"wp:featuredmedia":[{"embeddable":true,"href":"https:\/\/compraencieza.es\/en\/wp-json\/wp\/v2\/media\/6197"}],"wp:attachment":[{"href":"https:\/\/compraencieza.es\/en\/wp-json\/wp\/v2\/media?parent=6144"}],"wp:term":[{"taxonomy":"product_cat","embeddable":true,"href":"https:\/\/compraencieza.es\/en\/wp-json\/wp\/v2\/product_cat?post=6144"},{"taxonomy":"product_tag","embeddable":true,"href":"https:\/\/compraencieza.es\/en\/wp-json\/wp\/v2\/product_tag?post=6144"},{"taxonomy":"product_brand","embeddable":true,"href":"https:\/\/compraencieza.es\/en\/wp-json\/wp\/v2\/genre?post=6144"}],"curies":[{"name":"wp","href":"https:\/\/api.w.org\/{rel}","templated":true}]}}