{"id":6145,"date":"2025-01-10T10:53:13","date_gmt":"2025-01-10T09:53:13","guid":{"rendered":"https:\/\/compraencieza.es\/?post_type=product&#038;p=6145"},"modified":"2025-01-10T11:06:24","modified_gmt":"2025-01-10T10:06:24","slug":"ziaja-serum-facial-multi-hidratante-piel-seca","status":"publish","type":"product","link":"https:\/\/compraencieza.es\/en\/product\/ziaja-serum-facial-multi-hidratante-piel-seca\/","title":{"rendered":"Ziaja S\u00e9rum Facial Multi-hidratante Piel Seca"},"content":{"rendered":"<p>S\u00e9rum de f\u00f3rmula gel que reduce y suaviza las arrugas.<\/p>\n<p>Restaura la firmeza y elasticidad natural de la piel e hidrata de forma efectiva despu\u00e9s de la primera aplicaci\u00f3n.<\/p>\n<p>Contiene un sistema innovador de sustancias activas: col\u00e1geno, \u00e1cido manur\u00f3nico, sustancia silanol anti-edad, minerales, perpetua, marrubio.<\/p>\n<p>Perfecto para usarlo como prebase.<\/p>\n<p>Especialmente recomendado a partir de 30 a\u00f1os por su potente efecto antiarrugas.<\/p>\n<p>Ingredientes activos: glicerina, derivado del \u00e1cido manur\u00f3nico, microelementos, col\u00e1geno soluble, perpetua, marrubio blanco<\/p>\n<p>MODO DE EMPLEO: Aplicar uniformemente sobre rostro y cuello y masajear suavemente. Perfecto como prebase de maquillaje. Evitar el contacto con los ojos. Se puede utilizar solo o junto a la crema de d\u00eda o de noche GdanSkin.<\/p>","protected":false},"excerpt":{"rendered":"<p>S\u00e9rum de f\u00f3rmula gel que reduce y suaviza las arrugas. Restaura la firmeza y elasticidad natural de la piel e hidrata de forma efectiva despu\u00e9s de la primera aplicaci\u00f3n. Contiene un sistema innovador de sustancias activas: col\u00e1geno, \u00e1cido manur\u00f3nico, sustancia silanol anti-edad, minerales, perpetua, marrubio. Perfecto para usarlo como prebase. Especialmente recomendado a partir de [&hellip;]<\/p>","protected":false},"featured_media":6198,"comment_status":"open","ping_status":"closed","template":"","meta":{"_acf_changed":false,"inline_featured_image":false},"product_cat":[105],"product_tag":[],"genre":[],"class_list":{"0":"post-6145","1":"product","2":"type-product","3":"status-publish","4":"has-post-thumbnail","6":"product_cat-salud","8":"first","9":"instock","10":"taxable","11":"shipping-taxable","12":"purchasable","13":"product-type-simple","14":"add-to-wishlist-after_add_to_cart"},"acf":[],"_links":{"self":[{"href":"https:\/\/compraencieza.es\/en\/wp-json\/wp\/v2\/product\/6145","targetHints":{"allow":["GET"]}}],"collection":[{"href":"https:\/\/compraencieza.es\/en\/wp-json\/wp\/v2\/product"}],"about":[{"href":"https:\/\/compraencieza.es\/en\/wp-json\/wp\/v2\/types\/product"}],"replies":[{"embeddable":true,"href":"https:\/\/compraencieza.es\/en\/wp-json\/wp\/v2\/comments?post=6145"}],"wp:featuredmedia":[{"embeddable":true,"href":"https:\/\/compraencieza.es\/en\/wp-json\/wp\/v2\/media\/6198"}],"wp:attachment":[{"href":"https:\/\/compraencieza.es\/en\/wp-json\/wp\/v2\/media?parent=6145"}],"wp:term":[{"taxonomy":"product_cat","embeddable":true,"href":"https:\/\/compraencieza.es\/en\/wp-json\/wp\/v2\/product_cat?post=6145"},{"taxonomy":"product_tag","embeddable":true,"href":"https:\/\/compraencieza.es\/en\/wp-json\/wp\/v2\/product_tag?post=6145"},{"taxonomy":"product_brand","embeddable":true,"href":"https:\/\/compraencieza.es\/en\/wp-json\/wp\/v2\/genre?post=6145"}],"curies":[{"name":"wp","href":"https:\/\/api.w.org\/{rel}","templated":true}]}}