{"id":6147,"date":"2025-01-10T10:53:14","date_gmt":"2025-01-10T09:53:14","guid":{"rendered":"https:\/\/compraencieza.es\/?post_type=product&#038;p=6147"},"modified":"2025-01-10T11:06:24","modified_gmt":"2025-01-10T10:06:24","slug":"tratamiento-capilar-hidratante-sweet-care-300-ml","status":"publish","type":"product","link":"https:\/\/compraencieza.es\/en\/product\/tratamiento-capilar-hidratante-sweet-care-300-ml\/","title":{"rendered":"Tratamiento Capilar Hidratante Sweet Care 300 ml"},"content":{"rendered":"<p>Tratamiento Capilar Hidratante Sweet Care 300 ml:<\/p>\n<p>Mascarilla de hidrataci\u00f3n profunda enriquecido con aceite de pepita de uva.<\/p>\n<p><strong>PRINCIPIOS ACTIVOS:<\/strong><\/p>\n<p>Aceite de pepita de uva: restablece los niveles de hidrataci\u00f3n aportando brillo y luminosidad.<\/p>\n<p>\u00c1cido Hialur\u00f3nico: Aumenta el nivel de hidrataci\u00f3n, rellenando y mejorado el aspecto del cabello.<\/p>\n<p><strong>CARACTER\u00cdSTICAS<\/strong><strong>:<\/strong><\/p>\n<p>Intensamente hidratante sin aportar peso al cabello.<\/p>\n<p>Restablece los niveles de hidrataci\u00f3n, dejando un cabello brillante, fuerte y sano.<\/p>\n<p>En cabellos rizados y ondulados, mejora la elasticidad.<\/p>\n<p>Aporta suavidad y peinabilidad<\/p>\n<p><b>INDICADO PARA:<\/b><\/p>\n<p>Cabellos secos<\/p>\n<p>Cabellos encrespados<\/p>\n<p>Cabellos mates<\/p>\n<p>Cabellos\u00a0estresados<\/p>\n<p>Cabellos normales<\/p>\n<p>Cabellos rizados y ondulados<\/p>\n<div><\/div>\n<p>&nbsp;<\/p>\n<p><strong>MODO DE USO:<\/strong><\/p>\n<p>Aplicar sobre el cabello mojado de medios a puntas, dejar actuar 10 minutos y aclarar abundantemente.<\/p>\n<p>Formato 300ml.<\/p>","protected":false},"excerpt":{"rendered":"<p>Tratamiento Capilar Hidratante Sweet Care 300 ml: Mascarilla de hidrataci\u00f3n profunda enriquecido con aceite de pepita de uva. PRINCIPIOS ACTIVOS: Aceite de pepita de uva: restablece los niveles de hidrataci\u00f3n aportando brillo y luminosidad. \u00c1cido Hialur\u00f3nico: Aumenta el nivel de hidrataci\u00f3n, rellenando y mejorado el aspecto del cabello. CARACTER\u00cdSTICAS: Intensamente hidratante sin aportar peso al [&hellip;]<\/p>","protected":false},"featured_media":6200,"comment_status":"open","ping_status":"closed","template":"","meta":{"_acf_changed":false,"inline_featured_image":false},"product_cat":[105],"product_tag":[],"genre":[],"class_list":{"0":"post-6147","1":"product","2":"type-product","3":"status-publish","4":"has-post-thumbnail","6":"product_cat-salud","8":"first","9":"outofstock","10":"taxable","11":"shipping-taxable","12":"purchasable","13":"product-type-simple","14":"add-to-wishlist-after_add_to_cart"},"acf":[],"_links":{"self":[{"href":"https:\/\/compraencieza.es\/en\/wp-json\/wp\/v2\/product\/6147","targetHints":{"allow":["GET"]}}],"collection":[{"href":"https:\/\/compraencieza.es\/en\/wp-json\/wp\/v2\/product"}],"about":[{"href":"https:\/\/compraencieza.es\/en\/wp-json\/wp\/v2\/types\/product"}],"replies":[{"embeddable":true,"href":"https:\/\/compraencieza.es\/en\/wp-json\/wp\/v2\/comments?post=6147"}],"wp:featuredmedia":[{"embeddable":true,"href":"https:\/\/compraencieza.es\/en\/wp-json\/wp\/v2\/media\/6200"}],"wp:attachment":[{"href":"https:\/\/compraencieza.es\/en\/wp-json\/wp\/v2\/media?parent=6147"}],"wp:term":[{"taxonomy":"product_cat","embeddable":true,"href":"https:\/\/compraencieza.es\/en\/wp-json\/wp\/v2\/product_cat?post=6147"},{"taxonomy":"product_tag","embeddable":true,"href":"https:\/\/compraencieza.es\/en\/wp-json\/wp\/v2\/product_tag?post=6147"},{"taxonomy":"product_brand","embeddable":true,"href":"https:\/\/compraencieza.es\/en\/wp-json\/wp\/v2\/genre?post=6147"}],"curies":[{"name":"wp","href":"https:\/\/api.w.org\/{rel}","templated":true}]}}