{"id":6154,"date":"2025-01-10T10:53:38","date_gmt":"2025-01-10T09:53:38","guid":{"rendered":"https:\/\/compraencieza.es\/?post_type=product&#038;p=6154"},"modified":"2025-01-10T11:06:24","modified_gmt":"2025-01-10T10:06:24","slug":"terapia-capilar-mousse-oxigenante-vitaxil-200-ml","status":"publish","type":"product","link":"https:\/\/compraencieza.es\/en\/product\/terapia-capilar-mousse-oxigenante-vitaxil-200-ml\/","title":{"rendered":"Hair Therapy Vitaxil Oxygenating Mousse 200 ml"},"content":{"rendered":"<p>Mousse con sustancias nutritivas para un buen crecimiento del cabello, que ejerce una acci\u00f3n oxigenante sobre el cuero cabelludo.<\/p>\n<p><strong>PRINCIPIOS ACTIVOS:<\/strong><\/p>\n<p>Ox\u00edgeno Activo: aumenta la fuerza de la fibra capilar, elasticidad y el crecimiento del cabello.<\/p>\n<p>F\u00f3rmula efervescente y crepitante de efecto \u00abCraking\u00bb<\/p>\n<p><strong>CARACTER\u00cdSTICAS:<\/strong><\/p>\n<p>&nbsp;<\/p>\n<p>Activador celular que favorece el ciclo normal del crecimiento<\/p>\n<p>Estimula el fol\u00edculo piloso y equilibra la secreci\u00f3n seb\u00e1cea evitando la ca\u00edda del cabello.<\/p>\n<p>&nbsp;<\/p>\n<p><strong>MODO DE USO:<\/strong><\/p>\n<p>Aplicar sobre el cuero cabelludo seco o h\u00famedo con movimientos circulares para potenciar el efecto efervescente de la espuma y multiplicar las microexplosiones que oxigenan la piel.<\/p>\n<p>Formato: 200 ml.<\/p>","protected":false},"excerpt":{"rendered":"<p>Mousse con sustancias nutritivas para un buen crecimiento del cabello, que ejerce una acci\u00f3n oxigenante sobre el cuero cabelludo. PRINCIPIOS ACTIVOS: Ox\u00edgeno Activo: aumenta la fuerza de la fibra capilar, elasticidad y el crecimiento del cabello. F\u00f3rmula efervescente y crepitante de efecto \u00abCraking\u00bb CARACTER\u00cdSTICAS: &nbsp; Activador celular que favorece el ciclo normal del crecimiento Estimula [&hellip;]<\/p>","protected":false},"featured_media":6201,"comment_status":"open","ping_status":"closed","template":"","meta":{"_acf_changed":false,"inline_featured_image":false},"product_cat":[105],"product_tag":[],"genre":[],"class_list":{"0":"post-6154","1":"product","2":"type-product","3":"status-publish","4":"has-post-thumbnail","6":"product_cat-salud","8":"first","9":"instock","10":"sale","11":"taxable","12":"shipping-taxable","13":"purchasable","14":"product-type-simple","15":"add-to-wishlist-after_add_to_cart"},"acf":[],"_links":{"self":[{"href":"https:\/\/compraencieza.es\/en\/wp-json\/wp\/v2\/product\/6154","targetHints":{"allow":["GET"]}}],"collection":[{"href":"https:\/\/compraencieza.es\/en\/wp-json\/wp\/v2\/product"}],"about":[{"href":"https:\/\/compraencieza.es\/en\/wp-json\/wp\/v2\/types\/product"}],"replies":[{"embeddable":true,"href":"https:\/\/compraencieza.es\/en\/wp-json\/wp\/v2\/comments?post=6154"}],"wp:featuredmedia":[{"embeddable":true,"href":"https:\/\/compraencieza.es\/en\/wp-json\/wp\/v2\/media\/6201"}],"wp:attachment":[{"href":"https:\/\/compraencieza.es\/en\/wp-json\/wp\/v2\/media?parent=6154"}],"wp:term":[{"taxonomy":"product_cat","embeddable":true,"href":"https:\/\/compraencieza.es\/en\/wp-json\/wp\/v2\/product_cat?post=6154"},{"taxonomy":"product_tag","embeddable":true,"href":"https:\/\/compraencieza.es\/en\/wp-json\/wp\/v2\/product_tag?post=6154"},{"taxonomy":"product_brand","embeddable":true,"href":"https:\/\/compraencieza.es\/en\/wp-json\/wp\/v2\/genre?post=6154"}],"curies":[{"name":"wp","href":"https:\/\/api.w.org\/{rel}","templated":true}]}}