{"id":6156,"date":"2025-01-10T10:53:38","date_gmt":"2025-01-10T09:53:38","guid":{"rendered":"https:\/\/compraencieza.es\/?post_type=product&#038;p=6156"},"modified":"2025-01-10T11:06:24","modified_gmt":"2025-01-10T10:06:24","slug":"champu-anticaida-vitaxil-330-ml","status":"publish","type":"product","link":"https:\/\/compraencieza.es\/en\/product\/champu-anticaida-vitaxil-330-ml\/","title":{"rendered":"Vitaxil Anti-Hair Loss Shampoo 330 ml"},"content":{"rendered":"<p>Crema limpiadora en forma de champ\u00fa, para el cuero cabelludo, que causa un efecto vasodilatador en el suministro de sangre perif\u00e9rica, al tiempo que aumenta la nutrici\u00f3n del fol\u00edculo piloso y ralentiza la ca\u00edda del cabello.<\/p>\n<p>&nbsp;<\/p>\n<p><strong>PRINCIPIOS ACTIVOS:<\/strong><\/p>\n<p>Placenta vegetal reconstruida (\u00e1cidos de germen de trigo).<\/p>\n<p>Extracto de levadura con alta capacidad regenerativa para el fol\u00edculo piloso.<\/p>\n<p><strong>CARACTER\u00cdSTICAS:<\/strong><\/p>\n<p>Limpia el cuero cabelludo en profundidad.<\/p>\n<p>Aporta efecto vasodilatador de la circulaci\u00f3n sangu\u00ednea perif\u00e9rica.<\/p>\n<p>Aumenta la nutrici\u00f3n del bulbo, redensific\u00e1ndolo y frenando la ca\u00edda.<\/p>\n<p><strong>MODO DE USO:<\/strong><\/p>\n<p>Aplicar sobre el cabello mojado, masajear hasta conseguir una espuma densa y aclarar abundantemente.<\/p>\n<p>Formato: 330 ml.<\/p>","protected":false},"excerpt":{"rendered":"<p>Crema limpiadora en forma de champ\u00fa, para el cuero cabelludo, que causa un efecto vasodilatador en el suministro de sangre perif\u00e9rica, al tiempo que aumenta la nutrici\u00f3n del fol\u00edculo piloso y ralentiza la ca\u00edda del cabello. &nbsp; PRINCIPIOS ACTIVOS: Placenta vegetal reconstruida (\u00e1cidos de germen de trigo). Extracto de levadura con alta capacidad regenerativa para [&hellip;]<\/p>","protected":false},"featured_media":6209,"comment_status":"open","ping_status":"closed","template":"","meta":{"_acf_changed":false,"inline_featured_image":false},"product_cat":[105],"product_tag":[],"genre":[],"class_list":{"0":"post-6156","1":"product","2":"type-product","3":"status-publish","4":"has-post-thumbnail","6":"product_cat-salud","8":"first","9":"instock","10":"sale","11":"taxable","12":"shipping-taxable","13":"purchasable","14":"product-type-simple","15":"add-to-wishlist-after_add_to_cart"},"acf":[],"_links":{"self":[{"href":"https:\/\/compraencieza.es\/en\/wp-json\/wp\/v2\/product\/6156","targetHints":{"allow":["GET"]}}],"collection":[{"href":"https:\/\/compraencieza.es\/en\/wp-json\/wp\/v2\/product"}],"about":[{"href":"https:\/\/compraencieza.es\/en\/wp-json\/wp\/v2\/types\/product"}],"replies":[{"embeddable":true,"href":"https:\/\/compraencieza.es\/en\/wp-json\/wp\/v2\/comments?post=6156"}],"wp:featuredmedia":[{"embeddable":true,"href":"https:\/\/compraencieza.es\/en\/wp-json\/wp\/v2\/media\/6209"}],"wp:attachment":[{"href":"https:\/\/compraencieza.es\/en\/wp-json\/wp\/v2\/media?parent=6156"}],"wp:term":[{"taxonomy":"product_cat","embeddable":true,"href":"https:\/\/compraencieza.es\/en\/wp-json\/wp\/v2\/product_cat?post=6156"},{"taxonomy":"product_tag","embeddable":true,"href":"https:\/\/compraencieza.es\/en\/wp-json\/wp\/v2\/product_tag?post=6156"},{"taxonomy":"product_brand","embeddable":true,"href":"https:\/\/compraencieza.es\/en\/wp-json\/wp\/v2\/genre?post=6156"}],"curies":[{"name":"wp","href":"https:\/\/api.w.org\/{rel}","templated":true}]}}