{"id":6157,"date":"2025-01-10T10:53:38","date_gmt":"2025-01-10T09:53:38","guid":{"rendered":"https:\/\/compraencieza.es\/?post_type=product&#038;p=6157"},"modified":"2025-01-10T11:06:24","modified_gmt":"2025-01-10T10:06:24","slug":"serum-sweet-finish-50-ml","status":"publish","type":"product","link":"https:\/\/compraencieza.es\/en\/product\/serum-sweet-finish-50-ml\/","title":{"rendered":"Sweet Finish Serum 50 ml"},"content":{"rendered":"<p>S\u00e9rum Sweet Finish 50 ml:<\/p>\n<p>Tratamiento sin aclarado formulado con vitamina E y protector solar, que protege el cabello de los radicales libres y la agresi\u00f3n de la radiaci\u00f3n ultravioleta en la fibra capilar. Forma una fin\u00edsima pel\u00edcula sobre la cut\u00edcula del cabello, aisl\u00e1ndolo de las agresiones exteriores, alis\u00e1ndolo, aportando brillo y suavidad.<\/p>\n<p><strong>PRINCIPIOS ACTIVOS:<\/strong><\/p>\n<p>C\u00e9lulas Madre: aceleran el proceso de regeneraci\u00f3n y reparaci\u00f3n capilar de manera natural<\/p>\n<p>&nbsp;<\/p>\n<p><strong>CARACTER\u00cdSTICAS:<\/strong><\/p>\n<p>Toque de seda<\/p>\n<p>Reparaci\u00f3n de la fibra capilar<\/p>\n<p>Aumenta el brillo<\/p>\n<p>Mejor peinabilidad<\/p>\n<p>&nbsp;<\/p>\n<p><strong>MODO DE USO:<\/strong><\/p>\n<p>Usar sobre el cabello h\u00famedo o seco aplicando una peque\u00f1a cantidad sobre las yemas de los dedos, repartir uniformemente de medios a puntas<\/p>\n<p>&nbsp;<\/p>\n<p>Formato: 50ml<\/p>","protected":false},"excerpt":{"rendered":"<p>S\u00e9rum Sweet Finish 50 ml: Tratamiento sin aclarado formulado con vitamina E y protector solar, que protege el cabello de los radicales libres y la agresi\u00f3n de la radiaci\u00f3n ultravioleta en la fibra capilar. Forma una fin\u00edsima pel\u00edcula sobre la cut\u00edcula del cabello, aisl\u00e1ndolo de las agresiones exteriores, alis\u00e1ndolo, aportando brillo y suavidad. PRINCIPIOS ACTIVOS: [&hellip;]<\/p>","protected":false},"featured_media":6210,"comment_status":"open","ping_status":"closed","template":"","meta":{"_acf_changed":false,"inline_featured_image":false},"product_cat":[105],"product_tag":[],"genre":[],"class_list":{"0":"post-6157","1":"product","2":"type-product","3":"status-publish","4":"has-post-thumbnail","6":"product_cat-salud","8":"first","9":"instock","10":"sale","11":"taxable","12":"shipping-taxable","13":"purchasable","14":"product-type-simple","15":"add-to-wishlist-after_add_to_cart"},"acf":[],"_links":{"self":[{"href":"https:\/\/compraencieza.es\/en\/wp-json\/wp\/v2\/product\/6157","targetHints":{"allow":["GET"]}}],"collection":[{"href":"https:\/\/compraencieza.es\/en\/wp-json\/wp\/v2\/product"}],"about":[{"href":"https:\/\/compraencieza.es\/en\/wp-json\/wp\/v2\/types\/product"}],"replies":[{"embeddable":true,"href":"https:\/\/compraencieza.es\/en\/wp-json\/wp\/v2\/comments?post=6157"}],"wp:featuredmedia":[{"embeddable":true,"href":"https:\/\/compraencieza.es\/en\/wp-json\/wp\/v2\/media\/6210"}],"wp:attachment":[{"href":"https:\/\/compraencieza.es\/en\/wp-json\/wp\/v2\/media?parent=6157"}],"wp:term":[{"taxonomy":"product_cat","embeddable":true,"href":"https:\/\/compraencieza.es\/en\/wp-json\/wp\/v2\/product_cat?post=6157"},{"taxonomy":"product_tag","embeddable":true,"href":"https:\/\/compraencieza.es\/en\/wp-json\/wp\/v2\/product_tag?post=6157"},{"taxonomy":"product_brand","embeddable":true,"href":"https:\/\/compraencieza.es\/en\/wp-json\/wp\/v2\/genre?post=6157"}],"curies":[{"name":"wp","href":"https:\/\/api.w.org\/{rel}","templated":true}]}}