{"id":6158,"date":"2025-01-10T10:53:38","date_gmt":"2025-01-10T09:53:38","guid":{"rendered":"https:\/\/compraencieza.es\/?post_type=product&#038;p=6158"},"modified":"2025-01-10T11:06:24","modified_gmt":"2025-01-10T10:06:24","slug":"espuma-pelo-rizado-fijacion-flexible-200-ml","status":"publish","type":"product","link":"https:\/\/compraencieza.es\/en\/product\/espuma-pelo-rizado-fijacion-flexible-200-ml\/","title":{"rendered":"Espuma Pelo Rizado Fijaci\u00f3n Flexible 200 ml"},"content":{"rendered":"<p>Espuma flexible que aporta una fijaci\u00f3n extra al cabello sin apelmazar, ideal para acabados m\u00e1s naturales.<\/p>\n<p><b>INCIS:<\/b>\u00a0AQUA, ISOBUTANE, PVP, PROPANE, POLYQUATERNIUM-4, VINYL APROLACTAM\/VP\/DIMETHYLAMI-NOETHYL METHACRYLATE COPOLYMER, POLYQUATERNIUM-16, PEG-40 HYDROGENATED CASTOR OIL, OLETH-20, PARFUM, ETHYL MACADAMIATE, CETRIMONIUM CHLORIDE, GERANIOL, BUTANE, LINALOOL, CITRAL, LIMONENE, CITRONELLOL, LAURYL PYRROLIDONE, TOCOPHEROL, MALIC ACID<\/p>\n<p><b>CARACTER\u00cdSTICAS:<\/b><\/p>\n<p>Fijaci\u00f3n suave<\/p>\n<p>No apelmaza<\/p>\n<p>No deja residuos<\/p>\n<p><b>MODO DE USO:\u00a0<\/b>Agitar antes de usar con el envase hacia abajo. Depositar la cantidad deseada en la mano y aplicar sobre el cabello h\u00famedo por secciones.<\/p>\n<p><b>RECOMENDADO SU USO PARA:<\/b><\/p>\n<p>Definir los rizos con o sin cast.<\/p>\n<p>Acabado m\u00e1s natural<\/p>\n<p>Formato 200ml<\/p>","protected":false},"excerpt":{"rendered":"<p>Espuma flexible que aporta una fijaci\u00f3n extra al cabello sin apelmazar, ideal para acabados m\u00e1s naturales. INCIS:\u00a0AQUA, ISOBUTANE, PVP, PROPANE, POLYQUATERNIUM-4, VINYL APROLACTAM\/VP\/DIMETHYLAMI-NOETHYL METHACRYLATE COPOLYMER, POLYQUATERNIUM-16, PEG-40 HYDROGENATED CASTOR OIL, OLETH-20, PARFUM, ETHYL MACADAMIATE, CETRIMONIUM CHLORIDE, GERANIOL, BUTANE, LINALOOL, CITRAL, LIMONENE, CITRONELLOL, LAURYL PYRROLIDONE, TOCOPHEROL, MALIC ACID CARACTER\u00cdSTICAS: Fijaci\u00f3n suave No apelmaza No deja residuos [&hellip;]<\/p>","protected":false},"featured_media":6211,"comment_status":"open","ping_status":"closed","template":"","meta":{"_acf_changed":false,"inline_featured_image":false},"product_cat":[105],"product_tag":[],"genre":[],"class_list":{"0":"post-6158","1":"product","2":"type-product","3":"status-publish","4":"has-post-thumbnail","6":"product_cat-salud","8":"first","9":"instock","10":"taxable","11":"shipping-taxable","12":"purchasable","13":"product-type-simple","14":"add-to-wishlist-after_add_to_cart"},"acf":[],"_links":{"self":[{"href":"https:\/\/compraencieza.es\/en\/wp-json\/wp\/v2\/product\/6158","targetHints":{"allow":["GET"]}}],"collection":[{"href":"https:\/\/compraencieza.es\/en\/wp-json\/wp\/v2\/product"}],"about":[{"href":"https:\/\/compraencieza.es\/en\/wp-json\/wp\/v2\/types\/product"}],"replies":[{"embeddable":true,"href":"https:\/\/compraencieza.es\/en\/wp-json\/wp\/v2\/comments?post=6158"}],"wp:featuredmedia":[{"embeddable":true,"href":"https:\/\/compraencieza.es\/en\/wp-json\/wp\/v2\/media\/6211"}],"wp:attachment":[{"href":"https:\/\/compraencieza.es\/en\/wp-json\/wp\/v2\/media?parent=6158"}],"wp:term":[{"taxonomy":"product_cat","embeddable":true,"href":"https:\/\/compraencieza.es\/en\/wp-json\/wp\/v2\/product_cat?post=6158"},{"taxonomy":"product_tag","embeddable":true,"href":"https:\/\/compraencieza.es\/en\/wp-json\/wp\/v2\/product_tag?post=6158"},{"taxonomy":"product_brand","embeddable":true,"href":"https:\/\/compraencieza.es\/en\/wp-json\/wp\/v2\/genre?post=6158"}],"curies":[{"name":"wp","href":"https:\/\/api.w.org\/{rel}","templated":true}]}}