{"id":6166,"date":"2025-01-10T10:54:02","date_gmt":"2025-01-10T09:54:02","guid":{"rendered":"https:\/\/compraencieza.es\/?post_type=product&#038;p=6166"},"modified":"2025-01-10T11:06:24","modified_gmt":"2025-01-10T10:06:24","slug":"tea-tree-champu-hidratante-lavanda-paul-mitchell-300-ml","status":"publish","type":"product","link":"https:\/\/compraencieza.es\/en\/product\/tea-tree-champu-hidratante-lavanda-paul-mitchell-300-ml\/","title":{"rendered":"Tea Tree Paul Mitchell Lavender Moisturizing Shampoo 300 ml"},"content":{"rendered":"<div class=\"et_pb_module et_pb_wc_description et_pb_wc_description_1_tb_body et_pb_bg_layout_light et_pb_text_align_justified\">\n<div class=\"et_pb_module_inner\">\n<p>What it does: Daily shampoo that cleanses, softens and moisturizes dry and unruly hair with a pleasant lavender fragrance.<\/p>\n<p>How it works: Water- and amino acid-rich conditioners provide strength, shine and manageability to hair, while lavender, mint and tea tree calm the mind and spirit.<\/p>\n<\/div>\n<\/div>","protected":false},"excerpt":{"rendered":"<p>Qu\u00e9 hace: Champ\u00fa de diario que limpia, suaviza e hidrata el cabello seco y rebelde con una agradable fragancia a lavanda. C\u00f3mo funciona: Sus acondicionadores ricos en agua y amino\u00e1cidos aportan fuerza, brillo y manejabilidad al cabello; mientras que la lavanda, la menta y el \u00e1rbol de t\u00e9 calman la mente y el esp\u00edritu.<\/p>","protected":false},"featured_media":6218,"comment_status":"open","ping_status":"closed","template":"","meta":{"_acf_changed":false,"inline_featured_image":false},"product_cat":[105],"product_tag":[],"genre":[],"class_list":{"0":"post-6166","1":"product","2":"type-product","3":"status-publish","4":"has-post-thumbnail","6":"product_cat-salud","8":"first","9":"instock","10":"taxable","11":"shipping-taxable","12":"purchasable","13":"product-type-simple","14":"add-to-wishlist-after_add_to_cart"},"acf":[],"_links":{"self":[{"href":"https:\/\/compraencieza.es\/en\/wp-json\/wp\/v2\/product\/6166","targetHints":{"allow":["GET"]}}],"collection":[{"href":"https:\/\/compraencieza.es\/en\/wp-json\/wp\/v2\/product"}],"about":[{"href":"https:\/\/compraencieza.es\/en\/wp-json\/wp\/v2\/types\/product"}],"replies":[{"embeddable":true,"href":"https:\/\/compraencieza.es\/en\/wp-json\/wp\/v2\/comments?post=6166"}],"wp:featuredmedia":[{"embeddable":true,"href":"https:\/\/compraencieza.es\/en\/wp-json\/wp\/v2\/media\/6218"}],"wp:attachment":[{"href":"https:\/\/compraencieza.es\/en\/wp-json\/wp\/v2\/media?parent=6166"}],"wp:term":[{"taxonomy":"product_cat","embeddable":true,"href":"https:\/\/compraencieza.es\/en\/wp-json\/wp\/v2\/product_cat?post=6166"},{"taxonomy":"product_tag","embeddable":true,"href":"https:\/\/compraencieza.es\/en\/wp-json\/wp\/v2\/product_tag?post=6166"},{"taxonomy":"product_brand","embeddable":true,"href":"https:\/\/compraencieza.es\/en\/wp-json\/wp\/v2\/genre?post=6166"}],"curies":[{"name":"wp","href":"https:\/\/api.w.org\/{rel}","templated":true}]}}