{"id":6168,"date":"2025-01-10T10:54:02","date_gmt":"2025-01-10T09:54:02","guid":{"rendered":"https:\/\/compraencieza.es\/?post_type=product&#038;p=6168"},"modified":"2025-01-10T11:06:24","modified_gmt":"2025-01-10T10:06:24","slug":"laca-fijacion-ultra-fuerte-sweet-finish","status":"publish","type":"product","link":"https:\/\/compraencieza.es\/en\/product\/laca-fijacion-ultra-fuerte-sweet-finish\/","title":{"rendered":"Sweet Finish Ultra Strong Hold Hairspray"},"content":{"rendered":"<p>Laca Fijaci\u00f3n Ultra Fuerte Sweet Finish:<\/p>\n<p>Toque profesional para el peinado definiendo formas y vol\u00famenes con una fijaci\u00f3n ultra fuerte y prolongada incluso en ambiente de humedad.<\/p>\n<p><strong>PRINCIPIOS ACTIVOS:<\/strong><\/p>\n<p>Aceite de Jojoba: mantiene la humedad y la hidrataci\u00f3n sin engrasar el cabello.<\/p>\n<p><strong>CARACTER\u00cdSTICAS<\/strong><strong>:<\/strong><\/p>\n<p>Fijaci\u00f3n ultra fuerte sin apelmazar<\/p>\n<p>No deja residuos<\/p>\n<p>Se elimina con un suave cepillado<\/p>\n<p>Aporta brillo y movimiento sin mojar el cabello<\/p>\n<p><strong>MODO DE USO:<\/strong><\/p>\n<p>Pulverizar sobre el cabello a una distancia m\u00ednima de 15cm para fijar secciones y a 30cm para dar el toque final a todo el peinado.<\/p>\n<p>Formato: 500ml<\/p>","protected":false},"excerpt":{"rendered":"<p>Laca Fijaci\u00f3n Ultra Fuerte Sweet Finish: Toque profesional para el peinado definiendo formas y vol\u00famenes con una fijaci\u00f3n ultra fuerte y prolongada incluso en ambiente de humedad. PRINCIPIOS ACTIVOS: Aceite de Jojoba: mantiene la humedad y la hidrataci\u00f3n sin engrasar el cabello. CARACTER\u00cdSTICAS: Fijaci\u00f3n ultra fuerte sin apelmazar No deja residuos Se elimina con un [&hellip;]<\/p>","protected":false},"featured_media":6220,"comment_status":"open","ping_status":"closed","template":"","meta":{"_acf_changed":false,"inline_featured_image":false},"product_cat":[105],"product_tag":[],"genre":[],"class_list":{"0":"post-6168","1":"product","2":"type-product","3":"status-publish","4":"has-post-thumbnail","6":"product_cat-salud","8":"first","9":"instock","10":"sale","11":"taxable","12":"shipping-taxable","13":"purchasable","14":"product-type-simple","15":"add-to-wishlist-after_add_to_cart"},"acf":[],"_links":{"self":[{"href":"https:\/\/compraencieza.es\/en\/wp-json\/wp\/v2\/product\/6168","targetHints":{"allow":["GET"]}}],"collection":[{"href":"https:\/\/compraencieza.es\/en\/wp-json\/wp\/v2\/product"}],"about":[{"href":"https:\/\/compraencieza.es\/en\/wp-json\/wp\/v2\/types\/product"}],"replies":[{"embeddable":true,"href":"https:\/\/compraencieza.es\/en\/wp-json\/wp\/v2\/comments?post=6168"}],"wp:featuredmedia":[{"embeddable":true,"href":"https:\/\/compraencieza.es\/en\/wp-json\/wp\/v2\/media\/6220"}],"wp:attachment":[{"href":"https:\/\/compraencieza.es\/en\/wp-json\/wp\/v2\/media?parent=6168"}],"wp:term":[{"taxonomy":"product_cat","embeddable":true,"href":"https:\/\/compraencieza.es\/en\/wp-json\/wp\/v2\/product_cat?post=6168"},{"taxonomy":"product_tag","embeddable":true,"href":"https:\/\/compraencieza.es\/en\/wp-json\/wp\/v2\/product_tag?post=6168"},{"taxonomy":"product_brand","embeddable":true,"href":"https:\/\/compraencieza.es\/en\/wp-json\/wp\/v2\/genre?post=6168"}],"curies":[{"name":"wp","href":"https:\/\/api.w.org\/{rel}","templated":true}]}}