{"id":6170,"date":"2025-01-10T10:54:02","date_gmt":"2025-01-10T09:54:02","guid":{"rendered":"https:\/\/compraencieza.es\/?post_type=product&#038;p=6170"},"modified":"2025-01-10T11:06:24","modified_gmt":"2025-01-10T10:06:24","slug":"acondicionador-repair-1000-ml","status":"publish","type":"product","link":"https:\/\/compraencieza.es\/en\/product\/acondicionador-repair-1000-ml\/","title":{"rendered":"Acondicionador Repair 1000 ml"},"content":{"rendered":"<div class=\"experiencefragment\">\n<div id=\"experiencefragment-0276d10131\" class=\"cmp-experiencefragment cmp-experiencefragment--share-this-page\">\n<div class=\"xf-content-height\">\n<div class=\"aem-Grid aem-Grid--12 aem-Grid--default--12\">\n<div id=\"section-a7e1647a3b\" class=\"section__content content limited-container customizations__section\">\n<section class=\"columncontrol container responsivegrid container-max alignment-vertical-center order-default-mobile\">\n<div id=\"columncontrol-92c5beedd1\" class=\"heliux-grid__wrapper customizations__columncontrol\">\n<div class=\"columncontrol__wrapper\">\n<ul>\n<li id=\"title-edaa7b979e\" class=\"heliux-text__wrapper inpagenavigation__item limited-container skip-margins customizations__title\" data-type=\"span\"><\/li>\n<\/ul>\n<\/div>\n<\/div>\n<\/section>\n<\/div>\n<\/div>\n<\/div>\n<\/div>\n<\/div>\n<div id=\"text-458d828bde\" class=\"heliux-text__wrapper limited-container apply-margins customizations__text\" data-components=\"CopyToClipboard\" data-components-params-copytoclipboard=\"{ &quot;hoverMessage&quot;: &quot;&quot;, &quot;clickMessage&quot;: &quot;&quot; }\" data-components-params-limittext=\"{ &quot;useModal&quot;: false, &quot;XFContentPath&quot;: &quot;&quot; }\">\n<p>El Acondicionador Reparador de INDOLA, con queratina vegana alternativa, fortifica y nutre el cabello da\u00f1ado y poroso mientras protege el cabello frente a la rotura hasta en un 95%*. Repara y realza la cut\u00edcula del cabello mientras protege frente a los da\u00f1os mec\u00e1nicos. Para un cabello brillante, suave y de aspecto sano. F\u00f3rmula vegana**.<\/p>\n<ul>\n<li>Gran consistencia<\/li>\n<li>Formulado para cabello da\u00f1ado y poroso<\/li>\n<li>Desenreda y mejora la peinabilidad<\/li>\n<li>Repara y realza la cut\u00edcula del cabello mientras mejora el brillo<\/li>\n<li>Ayuda a proteger frente a las influencias mec\u00e1nicas<\/li>\n<li>Aumenta la resistencia del cabello a la rotura<\/li>\n<\/ul>\n<p>*Cuando se usa junto al Champ\u00fa Reparador de INDOLA.<\/p>\n<p>**Libre de ingredientes de origen animal.<\/p>\n<\/div>","protected":false},"excerpt":{"rendered":"<p>El Acondicionador Reparador de INDOLA, con queratina vegana alternativa, fortifica y nutre el cabello da\u00f1ado y poroso mientras protege el cabello frente a la rotura hasta en un 95%*. Repara y realza la cut\u00edcula del cabello mientras protege frente a los da\u00f1os mec\u00e1nicos. Para un cabello brillante, suave y de aspecto sano. F\u00f3rmula vegana**. Gran [&hellip;]<\/p>","protected":false},"featured_media":6222,"comment_status":"open","ping_status":"closed","template":"","meta":{"_acf_changed":false,"inline_featured_image":false},"product_cat":[105],"product_tag":[],"genre":[],"class_list":{"0":"post-6170","1":"product","2":"type-product","3":"status-publish","4":"has-post-thumbnail","6":"product_cat-salud","8":"first","9":"instock","10":"taxable","11":"shipping-taxable","12":"purchasable","13":"product-type-simple","14":"add-to-wishlist-after_add_to_cart"},"acf":[],"_links":{"self":[{"href":"https:\/\/compraencieza.es\/en\/wp-json\/wp\/v2\/product\/6170","targetHints":{"allow":["GET"]}}],"collection":[{"href":"https:\/\/compraencieza.es\/en\/wp-json\/wp\/v2\/product"}],"about":[{"href":"https:\/\/compraencieza.es\/en\/wp-json\/wp\/v2\/types\/product"}],"replies":[{"embeddable":true,"href":"https:\/\/compraencieza.es\/en\/wp-json\/wp\/v2\/comments?post=6170"}],"wp:featuredmedia":[{"embeddable":true,"href":"https:\/\/compraencieza.es\/en\/wp-json\/wp\/v2\/media\/6222"}],"wp:attachment":[{"href":"https:\/\/compraencieza.es\/en\/wp-json\/wp\/v2\/media?parent=6170"}],"wp:term":[{"taxonomy":"product_cat","embeddable":true,"href":"https:\/\/compraencieza.es\/en\/wp-json\/wp\/v2\/product_cat?post=6170"},{"taxonomy":"product_tag","embeddable":true,"href":"https:\/\/compraencieza.es\/en\/wp-json\/wp\/v2\/product_tag?post=6170"},{"taxonomy":"product_brand","embeddable":true,"href":"https:\/\/compraencieza.es\/en\/wp-json\/wp\/v2\/genre?post=6170"}],"curies":[{"name":"wp","href":"https:\/\/api.w.org\/{rel}","templated":true}]}}