{"id":6171,"date":"2025-01-10T10:54:02","date_gmt":"2025-01-10T09:54:02","guid":{"rendered":"https:\/\/compraencieza.es\/?post_type=product&#038;p=6171"},"modified":"2025-01-10T11:06:24","modified_gmt":"2025-01-10T10:06:24","slug":"acondicionador-color-1000-ml","status":"publish","type":"product","link":"https:\/\/compraencieza.es\/en\/product\/acondicionador-color-1000-ml\/","title":{"rendered":"Color Conditioner 1000 ml"},"content":{"rendered":"<p>El Acondicionador Protector del Color de INDOLA, con queratina vegana alternativa y un valor de pH 4.5 respetuoso con el color, desenreda y suaviza mientras ayuda a sellar el color en el cabello para prevenir la p\u00e9rdida de color y conseguir una retenci\u00f3n de hasta el 90% del color incluso despu\u00e9s de 30 lavados*. Para una intensidad del color mejorada y un gran brillo. F\u00f3rmula vegana**.<\/p>\n<ul>\n<li>Sella el color en el cabello coloreado y da\u00f1ado<\/li>\n<li>Consistencia no apelmazante<\/li>\n<li>Desenreda y suaviza para una superficie capilar de aspecto sano<\/li>\n<li>Ayuda a proteger el cabello de los da\u00f1os mec\u00e1nicos<\/li>\n<li>Para un cabello visiblemente sano y con un gran brillo<\/li>\n<li>F\u00e1cil de enjuagar<\/li>\n<\/ul>\n<p>* Cuando se usa como parte de un tratamiento de cuidado del cabello integral.<\/p>\n<p>**Libre de ingredientes de origen animal.<\/p>","protected":false},"excerpt":{"rendered":"<p>El Acondicionador Protector del Color de INDOLA, con queratina vegana alternativa y un valor de pH 4.5 respetuoso con el color, desenreda y suaviza mientras ayuda a sellar el color en el cabello para prevenir la p\u00e9rdida de color y conseguir una retenci\u00f3n de hasta el 90% del color incluso despu\u00e9s de 30 lavados*. Para [&hellip;]<\/p>","protected":false},"featured_media":6228,"comment_status":"open","ping_status":"closed","template":"","meta":{"_acf_changed":false,"inline_featured_image":false},"product_cat":[105],"product_tag":[],"genre":[],"class_list":{"0":"post-6171","1":"product","2":"type-product","3":"status-publish","4":"has-post-thumbnail","6":"product_cat-salud","8":"first","9":"instock","10":"taxable","11":"shipping-taxable","12":"purchasable","13":"product-type-simple","14":"add-to-wishlist-after_add_to_cart"},"acf":[],"_links":{"self":[{"href":"https:\/\/compraencieza.es\/en\/wp-json\/wp\/v2\/product\/6171","targetHints":{"allow":["GET"]}}],"collection":[{"href":"https:\/\/compraencieza.es\/en\/wp-json\/wp\/v2\/product"}],"about":[{"href":"https:\/\/compraencieza.es\/en\/wp-json\/wp\/v2\/types\/product"}],"replies":[{"embeddable":true,"href":"https:\/\/compraencieza.es\/en\/wp-json\/wp\/v2\/comments?post=6171"}],"wp:featuredmedia":[{"embeddable":true,"href":"https:\/\/compraencieza.es\/en\/wp-json\/wp\/v2\/media\/6228"}],"wp:attachment":[{"href":"https:\/\/compraencieza.es\/en\/wp-json\/wp\/v2\/media?parent=6171"}],"wp:term":[{"taxonomy":"product_cat","embeddable":true,"href":"https:\/\/compraencieza.es\/en\/wp-json\/wp\/v2\/product_cat?post=6171"},{"taxonomy":"product_tag","embeddable":true,"href":"https:\/\/compraencieza.es\/en\/wp-json\/wp\/v2\/product_tag?post=6171"},{"taxonomy":"product_brand","embeddable":true,"href":"https:\/\/compraencieza.es\/en\/wp-json\/wp\/v2\/genre?post=6171"}],"curies":[{"name":"wp","href":"https:\/\/api.w.org\/{rel}","templated":true}]}}