{"id":6181,"date":"2025-01-10T10:54:27","date_gmt":"2025-01-10T09:54:27","guid":{"rendered":"https:\/\/compraencieza.es\/?post_type=product&#038;p=6181"},"modified":"2025-01-10T11:06:24","modified_gmt":"2025-01-10T10:06:24","slug":"olaplex-n-5-acondicionador-mantenimiento-250-ml","status":"publish","type":"product","link":"https:\/\/compraencieza.es\/en\/product\/olaplex-n-5-acondicionador-mantenimiento-250-ml\/","title":{"rendered":"Olaplex N\u00b0 5 Acondicionador Mantenimiento 250 ml"},"content":{"rendered":"<p>Este acondicionador nutritivo muy concentrado repara, refuerza e hidrata el cabello propenso a los da\u00f1os y la sequedad. Desde el sal\u00f3n hasta la ducha, el superventas N\u00ba.5 deja el cabello liso y m\u00e1s d\u00f3cil en minutos. Comb\u00ednalo con N\u00ba.4 para conseguir un cabello m\u00e1s suave, m\u00e1s brillante y de aspecto m\u00e1s sano con cada lavado. Seguro para el color.<\/p>\n<ul>\n<li>Hidrata el cabello.<\/li>\n<li>Desenreda y mejora la docilidad.<\/li>\n<li>Repara y mantiene un cabello de aspecto saludable.<\/li>\n<li>Seguro para el cabello tratado con color y sin sulfatos.<strong>RESULTADOS DE LOS ESTUDIOS:<\/strong><br \/>\n91\u00a0% m\u00e1s liso, f\u00e1cil de desenredar y acondicionado<br \/>\n66\u00a0% de reducci\u00f3n de roturas<\/li>\n<li>Modo de uso:<\/li>\n<li>Apl\u00edcalo de medios a puntas sobre el cabello limpio despu\u00e9s de aplicar N\u00ba.4 Bond Maintenance\u00ae Shampoo.<\/li>\n<li>Deja actuar 1-3 minutos.<\/li>\n<li>Aclara bien.<strong>CU\u00c1NDO USARLO:<\/strong><br \/>\n\u00dasalo siempre que te laves el pelo. \u00dasalo despu\u00e9s de N\u00ba.4 Bond Maintenance\u00ae Shampoo.<\/li>\n<li><\/li>\n<\/ul>","protected":false},"excerpt":{"rendered":"<p>Este acondicionador nutritivo muy concentrado repara, refuerza e hidrata el cabello propenso a los da\u00f1os y la sequedad. Desde el sal\u00f3n hasta la ducha, el superventas N\u00ba.5 deja el cabello liso y m\u00e1s d\u00f3cil en minutos. Comb\u00ednalo con N\u00ba.4 para conseguir un cabello m\u00e1s suave, m\u00e1s brillante y de aspecto m\u00e1s sano con cada lavado. [&hellip;]<\/p>","protected":false},"featured_media":6232,"comment_status":"open","ping_status":"closed","template":"","meta":{"_acf_changed":false,"inline_featured_image":false},"product_cat":[105],"product_tag":[],"genre":[],"class_list":{"0":"post-6181","1":"product","2":"type-product","3":"status-publish","4":"has-post-thumbnail","6":"product_cat-salud","8":"first","9":"instock","10":"taxable","11":"shipping-taxable","12":"purchasable","13":"product-type-simple","14":"add-to-wishlist-after_add_to_cart"},"acf":[],"_links":{"self":[{"href":"https:\/\/compraencieza.es\/en\/wp-json\/wp\/v2\/product\/6181","targetHints":{"allow":["GET"]}}],"collection":[{"href":"https:\/\/compraencieza.es\/en\/wp-json\/wp\/v2\/product"}],"about":[{"href":"https:\/\/compraencieza.es\/en\/wp-json\/wp\/v2\/types\/product"}],"replies":[{"embeddable":true,"href":"https:\/\/compraencieza.es\/en\/wp-json\/wp\/v2\/comments?post=6181"}],"wp:featuredmedia":[{"embeddable":true,"href":"https:\/\/compraencieza.es\/en\/wp-json\/wp\/v2\/media\/6232"}],"wp:attachment":[{"href":"https:\/\/compraencieza.es\/en\/wp-json\/wp\/v2\/media?parent=6181"}],"wp:term":[{"taxonomy":"product_cat","embeddable":true,"href":"https:\/\/compraencieza.es\/en\/wp-json\/wp\/v2\/product_cat?post=6181"},{"taxonomy":"product_tag","embeddable":true,"href":"https:\/\/compraencieza.es\/en\/wp-json\/wp\/v2\/product_tag?post=6181"},{"taxonomy":"product_brand","embeddable":true,"href":"https:\/\/compraencieza.es\/en\/wp-json\/wp\/v2\/genre?post=6181"}],"curies":[{"name":"wp","href":"https:\/\/api.w.org\/{rel}","templated":true}]}}