{"id":6182,"date":"2025-01-10T10:54:27","date_gmt":"2025-01-10T09:54:27","guid":{"rendered":"https:\/\/compraencieza.es\/?post_type=product&#038;p=6182"},"modified":"2025-01-10T11:06:24","modified_gmt":"2025-01-10T10:06:24","slug":"olaplex-n3-hair-perfector-250-ml","status":"publish","type":"product","link":"https:\/\/compraencieza.es\/en\/product\/olaplex-n3-hair-perfector-250-ml\/","title":{"rendered":"Olaplex N\u00b03 Hair Perfector 250 ml"},"content":{"rendered":"<p>El N\u00ba.3 Hair Perfector\u2122, con tecnolog\u00eda patentada OLAPLEX Bond Building Technology\u00ae, es un tratamiento para antes del champ\u00fa que repara y fortalece el cabello desde el interior. Use el N\u00ba.3 Hair Perfector\u2122 solo o combinado con OLAPLEX N\u00ba.0 para una reparaci\u00f3n m\u00e1xima en casa.<\/p>\n<ul>\n<li>Reduce la rotura y fortalece visiblemente el cabello.<\/li>\n<li>Repara y protege las profundidades del mech\u00f3n de cabello.<\/li>\n<li>Restablece un aspecto y una textura saludables.<\/li>\n<li>Seguro para el cabello tratado con color y sin sulfatos.<\/li>\n<li>Modo de uso:<\/li>\n<li>Apl\u00edcalo sobre el cabello h\u00famedo de ra\u00edz a puntas.<\/li>\n<li>D\u00e9jalo actuar durante 10 minutos para maximizar la eficacia. Enjuaga bien.<\/li>\n<li>Para obtener los mejores resultados, lava el cabello con OLAPLEX N\u00ba.4 Bond Maintenance\u00ae Shampoo y OLAPLEX N\u00ba.5 Bond Maintenance\u00ae Conditioner.<\/li>\n<li><\/li>\n<\/ul>","protected":false},"excerpt":{"rendered":"<p>El N\u00ba.3 Hair Perfector\u2122, con tecnolog\u00eda patentada OLAPLEX Bond Building Technology\u00ae, es un tratamiento para antes del champ\u00fa que repara y fortalece el cabello desde el interior. Use el N\u00ba.3 Hair Perfector\u2122 solo o combinado con OLAPLEX N\u00ba.0 para una reparaci\u00f3n m\u00e1xima en casa. Reduce la rotura y fortalece visiblemente el cabello. Repara y protege [&hellip;]<\/p>","protected":false},"featured_media":6238,"comment_status":"open","ping_status":"closed","template":"","meta":{"_acf_changed":false,"inline_featured_image":false},"product_cat":[105],"product_tag":[],"genre":[],"class_list":{"0":"post-6182","1":"product","2":"type-product","3":"status-publish","4":"has-post-thumbnail","6":"product_cat-salud","8":"first","9":"instock","10":"sale","11":"taxable","12":"shipping-taxable","13":"purchasable","14":"product-type-simple","15":"add-to-wishlist-after_add_to_cart"},"acf":[],"_links":{"self":[{"href":"https:\/\/compraencieza.es\/en\/wp-json\/wp\/v2\/product\/6182","targetHints":{"allow":["GET"]}}],"collection":[{"href":"https:\/\/compraencieza.es\/en\/wp-json\/wp\/v2\/product"}],"about":[{"href":"https:\/\/compraencieza.es\/en\/wp-json\/wp\/v2\/types\/product"}],"replies":[{"embeddable":true,"href":"https:\/\/compraencieza.es\/en\/wp-json\/wp\/v2\/comments?post=6182"}],"wp:featuredmedia":[{"embeddable":true,"href":"https:\/\/compraencieza.es\/en\/wp-json\/wp\/v2\/media\/6238"}],"wp:attachment":[{"href":"https:\/\/compraencieza.es\/en\/wp-json\/wp\/v2\/media?parent=6182"}],"wp:term":[{"taxonomy":"product_cat","embeddable":true,"href":"https:\/\/compraencieza.es\/en\/wp-json\/wp\/v2\/product_cat?post=6182"},{"taxonomy":"product_tag","embeddable":true,"href":"https:\/\/compraencieza.es\/en\/wp-json\/wp\/v2\/product_tag?post=6182"},{"taxonomy":"product_brand","embeddable":true,"href":"https:\/\/compraencieza.es\/en\/wp-json\/wp\/v2\/genre?post=6182"}],"curies":[{"name":"wp","href":"https:\/\/api.w.org\/{rel}","templated":true}]}}