{"id":6190,"date":"2025-01-10T10:54:51","date_gmt":"2025-01-10T09:54:51","guid":{"rendered":"https:\/\/compraencieza.es\/?post_type=product&#038;p=6190"},"modified":"2025-01-10T11:06:23","modified_gmt":"2025-01-10T10:06:23","slug":"gel-de-rizos-hair-expert","status":"publish","type":"product","link":"https:\/\/compraencieza.es\/en\/product\/gel-de-rizos-hair-expert\/","title":{"rendered":"Gel de Rizos Hair Expert"},"content":{"rendered":"<div>Gel Curly Hair definidor de rizos que aporta hidrataci\u00f3n, fijaci\u00f3n y brillo al instante. Crea el cast y ayuda a controlar el frizz.<\/div>\n<div><strong>\u00a0<\/strong><\/div>\n<div><strong>INCIS:<\/strong><\/div>\n<div>AQUA, VP\/VA COPOLYMER, GLYCERIN, POLYQUATERNIUM-28, ARGANIA SPINOSA KERNEL OIL, ETHYLHEXYLGLYCERIN, CAPRYLYL GLYCOL, PARFUM, CARBOMER, TRIETHANOLAMINE, PHENOXYETHANOL, CI 16255, GERANIOL, LINALOOL, CITRAL, LIMONENE, CITRONELLOL.<\/div>\n<div><strong>\u00a0<\/strong><\/div>\n<div><strong>CARACTER\u00cdSTICAS:<\/strong><\/div>\n<div>Alta fijaci\u00f3n y definici\u00f3n.<\/div>\n<div>Aporta hidrataci\u00f3n.<\/div>\n<div><strong>\u00a0<\/strong><\/div>\n<div><strong>MODO DE USO:<\/strong><\/div>\n<div>Aplicar sobre cabello h\u00famedo uniformemente y proceder al secado al aire o con secador.<\/div>\n<div><strong>\u00a0<\/strong><\/div>\n<div><strong>RECOMENDADO SU USO PARA:<\/strong><\/div>\n<div>Rizos muy definidos.<\/div>\n<div>Para conseguir efecto cast.<\/div>","protected":false},"excerpt":{"rendered":"<p>Gel Curly Hair definidor de rizos que aporta hidrataci\u00f3n, fijaci\u00f3n y brillo al instante. Crea el cast y ayuda a controlar el frizz. \u00a0 INCIS: AQUA, VP\/VA COPOLYMER, GLYCERIN, POLYQUATERNIUM-28, ARGANIA SPINOSA KERNEL OIL, ETHYLHEXYLGLYCERIN, CAPRYLYL GLYCOL, PARFUM, CARBOMER, TRIETHANOLAMINE, PHENOXYETHANOL, CI 16255, GERANIOL, LINALOOL, CITRAL, LIMONENE, CITRONELLOL. \u00a0 CARACTER\u00cdSTICAS: Alta fijaci\u00f3n y definici\u00f3n. Aporta [&hellip;]<\/p>","protected":false},"featured_media":6240,"comment_status":"open","ping_status":"closed","template":"","meta":{"_acf_changed":false,"inline_featured_image":false},"product_cat":[105],"product_tag":[],"genre":[],"class_list":{"0":"post-6190","1":"product","2":"type-product","3":"status-publish","4":"has-post-thumbnail","6":"product_cat-salud","8":"first","9":"instock","10":"taxable","11":"shipping-taxable","12":"purchasable","13":"product-type-simple","14":"add-to-wishlist-after_add_to_cart"},"acf":[],"_links":{"self":[{"href":"https:\/\/compraencieza.es\/en\/wp-json\/wp\/v2\/product\/6190","targetHints":{"allow":["GET"]}}],"collection":[{"href":"https:\/\/compraencieza.es\/en\/wp-json\/wp\/v2\/product"}],"about":[{"href":"https:\/\/compraencieza.es\/en\/wp-json\/wp\/v2\/types\/product"}],"replies":[{"embeddable":true,"href":"https:\/\/compraencieza.es\/en\/wp-json\/wp\/v2\/comments?post=6190"}],"wp:featuredmedia":[{"embeddable":true,"href":"https:\/\/compraencieza.es\/en\/wp-json\/wp\/v2\/media\/6240"}],"wp:attachment":[{"href":"https:\/\/compraencieza.es\/en\/wp-json\/wp\/v2\/media?parent=6190"}],"wp:term":[{"taxonomy":"product_cat","embeddable":true,"href":"https:\/\/compraencieza.es\/en\/wp-json\/wp\/v2\/product_cat?post=6190"},{"taxonomy":"product_tag","embeddable":true,"href":"https:\/\/compraencieza.es\/en\/wp-json\/wp\/v2\/product_tag?post=6190"},{"taxonomy":"product_brand","embeddable":true,"href":"https:\/\/compraencieza.es\/en\/wp-json\/wp\/v2\/genre?post=6190"}],"curies":[{"name":"wp","href":"https:\/\/api.w.org\/{rel}","templated":true}]}}