{"id":6191,"date":"2025-01-10T10:54:51","date_gmt":"2025-01-10T09:54:51","guid":{"rendered":"https:\/\/compraencieza.es\/?post_type=product&#038;p=6191"},"modified":"2025-01-10T11:06:23","modified_gmt":"2025-01-10T10:06:23","slug":"crema-de-rizos-sweet-finish-150-ml","status":"publish","type":"product","link":"https:\/\/compraencieza.es\/en\/product\/crema-de-rizos-sweet-finish-150-ml\/","title":{"rendered":"Sweet Finish Curl Cream 150 ml"},"content":{"rendered":"<p>Crema de rizos que define y controla el cabello rizado y ondulado. Da estilo al cabello hidratando en profundidad.<\/p>\n<p><strong>PRINCIPIOS ACTIVOS:<\/strong><\/p>\n<p>Semilla de girasol: Gran contenido de vitamina E y vitaminas esenciales<\/p>\n<p>\u00c1cido C\u00edtrico: Elimina la humedad del cabello, aportando brillo<\/p>\n<p><strong>CARACTER\u00cdSTICAS<\/strong><strong>:<\/strong><\/p>\n<p>Hidrata en profundidad<\/p>\n<p>Fijaci\u00f3n fuerte<\/p>\n<p>Moldea el cabello sin aportar peso<\/p>\n<p>Controla la humedad<\/p>\n<p>No necesita aclarado<\/p>\n<p><strong>MODO DE USO:<\/strong><\/p>\n<p>Aplicar sobre el cabello h\u00famedo y secar como se desee. Se puede aplicar sobre cabello seco para hidratar el rizo y controlar el encrespamiento.<\/p>\n<p>Formato: 150ml<\/p>","protected":false},"excerpt":{"rendered":"<p>Crema de rizos que define y controla el cabello rizado y ondulado. Da estilo al cabello hidratando en profundidad. PRINCIPIOS ACTIVOS: Semilla de girasol: Gran contenido de vitamina E y vitaminas esenciales \u00c1cido C\u00edtrico: Elimina la humedad del cabello, aportando brillo CARACTER\u00cdSTICAS: Hidrata en profundidad Fijaci\u00f3n fuerte Moldea el cabello sin aportar peso Controla la [&hellip;]<\/p>","protected":false},"featured_media":6241,"comment_status":"open","ping_status":"closed","template":"","meta":{"_acf_changed":false,"inline_featured_image":false},"product_cat":[105],"product_tag":[],"genre":[],"class_list":{"0":"post-6191","1":"product","2":"type-product","3":"status-publish","4":"has-post-thumbnail","6":"product_cat-salud","8":"first","9":"instock","10":"taxable","11":"shipping-taxable","12":"purchasable","13":"product-type-simple","14":"add-to-wishlist-after_add_to_cart"},"acf":[],"_links":{"self":[{"href":"https:\/\/compraencieza.es\/en\/wp-json\/wp\/v2\/product\/6191","targetHints":{"allow":["GET"]}}],"collection":[{"href":"https:\/\/compraencieza.es\/en\/wp-json\/wp\/v2\/product"}],"about":[{"href":"https:\/\/compraencieza.es\/en\/wp-json\/wp\/v2\/types\/product"}],"replies":[{"embeddable":true,"href":"https:\/\/compraencieza.es\/en\/wp-json\/wp\/v2\/comments?post=6191"}],"wp:featuredmedia":[{"embeddable":true,"href":"https:\/\/compraencieza.es\/en\/wp-json\/wp\/v2\/media\/6241"}],"wp:attachment":[{"href":"https:\/\/compraencieza.es\/en\/wp-json\/wp\/v2\/media?parent=6191"}],"wp:term":[{"taxonomy":"product_cat","embeddable":true,"href":"https:\/\/compraencieza.es\/en\/wp-json\/wp\/v2\/product_cat?post=6191"},{"taxonomy":"product_tag","embeddable":true,"href":"https:\/\/compraencieza.es\/en\/wp-json\/wp\/v2\/product_tag?post=6191"},{"taxonomy":"product_brand","embeddable":true,"href":"https:\/\/compraencieza.es\/en\/wp-json\/wp\/v2\/genre?post=6191"}],"curies":[{"name":"wp","href":"https:\/\/api.w.org\/{rel}","templated":true}]}}