{"id":6193,"date":"2025-01-10T10:54:51","date_gmt":"2025-01-10T09:54:51","guid":{"rendered":"https:\/\/compraencieza.es\/?post_type=product&#038;p=6193"},"modified":"2025-01-10T11:06:23","modified_gmt":"2025-01-10T10:06:23","slug":"aceite-para-barba-skull-men","status":"publish","type":"product","link":"https:\/\/compraencieza.es\/en\/product\/aceite-para-barba-skull-men\/","title":{"rendered":"Skull Men Beard Oil"},"content":{"rendered":"<p>La barba es un reflejo de tu piel y la hidrataci\u00f3n es el camino para poder lucirla perfecta cada d\u00eda, reduce el frizz y facilita el peinado influyendo directamente en un crecimiento sano con el aceite Skull Men.<\/p>\n<p>Est\u00e1 compuesto por los mejores aceites esenciales: Aceite de Arg\u00e1n, Aceite de Almendras Dulces, Aceite de semilla de Uva, Aceite de C\u00e1rtamo y Aceite de Eucalipto.<\/p>\n<p><strong>PRINCIPIOS ACTIVOS:<\/strong><\/p>\n<p>Vitis Vinifera: Antinflamatorio, Antioxidante y Regenerante.<\/p>\n<p>Punus Amygdaus Dulcis Oil: Previene la sequedad y la creaci\u00f3n de eccemas.<\/p>\n<p><strong>CARACTER\u00cdSTICAS:<\/strong><\/p>\n<p>Efecto refrescante y anti-bacteriano.<\/p>\n<p>No graso.<\/p>\n<p>Altamente hidratante para el vello y la piel.<\/p>\n<p>Aroma Blue Ocean<\/p>\n<p><strong>MODO DE USO:<\/strong><\/p>\n<p>Aplicar unas gotas en la barba seca, distribuir uniformemente por todo el vello masajeando para llegar a la piel.<\/p>\n<p><strong>CONSEJO:\u00a0<\/strong>Aplica llegando hasta tu piel y masajea hasta la punta del cabello.<\/p>\n<p>Formato: 30ml<\/p>","protected":false},"excerpt":{"rendered":"<p>La barba es un reflejo de tu piel y la hidrataci\u00f3n es el camino para poder lucirla perfecta cada d\u00eda, reduce el frizz y facilita el peinado influyendo directamente en un crecimiento sano con el aceite Skull Men. Est\u00e1 compuesto por los mejores aceites esenciales: Aceite de Arg\u00e1n, Aceite de Almendras Dulces, Aceite de semilla [&hellip;]<\/p>","protected":false},"featured_media":6243,"comment_status":"open","ping_status":"closed","template":"","meta":{"_acf_changed":false,"inline_featured_image":false},"product_cat":[105],"product_tag":[],"genre":[],"class_list":{"0":"post-6193","1":"product","2":"type-product","3":"status-publish","4":"has-post-thumbnail","6":"product_cat-salud","8":"first","9":"instock","10":"taxable","11":"shipping-taxable","12":"purchasable","13":"product-type-simple","14":"add-to-wishlist-after_add_to_cart"},"acf":[],"_links":{"self":[{"href":"https:\/\/compraencieza.es\/en\/wp-json\/wp\/v2\/product\/6193","targetHints":{"allow":["GET"]}}],"collection":[{"href":"https:\/\/compraencieza.es\/en\/wp-json\/wp\/v2\/product"}],"about":[{"href":"https:\/\/compraencieza.es\/en\/wp-json\/wp\/v2\/types\/product"}],"replies":[{"embeddable":true,"href":"https:\/\/compraencieza.es\/en\/wp-json\/wp\/v2\/comments?post=6193"}],"wp:featuredmedia":[{"embeddable":true,"href":"https:\/\/compraencieza.es\/en\/wp-json\/wp\/v2\/media\/6243"}],"wp:attachment":[{"href":"https:\/\/compraencieza.es\/en\/wp-json\/wp\/v2\/media?parent=6193"}],"wp:term":[{"taxonomy":"product_cat","embeddable":true,"href":"https:\/\/compraencieza.es\/en\/wp-json\/wp\/v2\/product_cat?post=6193"},{"taxonomy":"product_tag","embeddable":true,"href":"https:\/\/compraencieza.es\/en\/wp-json\/wp\/v2\/product_tag?post=6193"},{"taxonomy":"product_brand","embeddable":true,"href":"https:\/\/compraencieza.es\/en\/wp-json\/wp\/v2\/genre?post=6193"}],"curies":[{"name":"wp","href":"https:\/\/api.w.org\/{rel}","templated":true}]}}