{"id":6194,"date":"2025-01-10T10:54:51","date_gmt":"2025-01-10T09:54:51","guid":{"rendered":"https:\/\/compraencieza.es\/?post_type=product&#038;p=6194"},"modified":"2025-01-10T11:06:23","modified_gmt":"2025-01-10T10:06:23","slug":"champu-cola-skull-men-500-ml","status":"publish","type":"product","link":"https:\/\/compraencieza.es\/en\/product\/champu-cola-skull-men-500-ml\/","title":{"rendered":"Cola Skull Men Shampoo 500 ml"},"content":{"rendered":"<p>\u00a1Atenci\u00f3n!! Si eres adicto a la cola, al\u00e9jate de este fresco, chispeante y maravilloso champ\u00fa de cola, que sin duda te enganchar\u00e1, y no podr\u00e1s parar de lavar tu cabello a todas horas. Ideal para cuero cabelludo sensible dej\u00e1ndolo suave y brillante.<\/p>\n<p style=\"font-weight: 400;\">Consejo: Deja actuar por dos minutos antes de aclarar. Repartir por todo el cabello masajeando de forma circular.<\/p>\n<p style=\"font-weight: 400;\">Indicado para todo tipo de cabellos.<\/p>\n<p style=\"font-weight: 400;\">Uso frecuente.<\/p>\n<p style=\"font-weight: 400;\">Limpia en profundidad.<\/p>\n<p style=\"font-weight: 400;\">Formato: 500 ml<\/p>","protected":false},"excerpt":{"rendered":"<p>\u00a1Atenci\u00f3n!! Si eres adicto a la cola, al\u00e9jate de este fresco, chispeante y maravilloso champ\u00fa de cola, que sin duda te enganchar\u00e1, y no podr\u00e1s parar de lavar tu cabello a todas horas. Ideal para cuero cabelludo sensible dej\u00e1ndolo suave y brillante. Consejo: Deja actuar por dos minutos antes de aclarar. Repartir por todo el [&hellip;]<\/p>","protected":false},"featured_media":6250,"comment_status":"open","ping_status":"closed","template":"","meta":{"_acf_changed":false,"inline_featured_image":false},"product_cat":[105],"product_tag":[],"genre":[],"class_list":{"0":"post-6194","1":"product","2":"type-product","3":"status-publish","4":"has-post-thumbnail","6":"product_cat-salud","8":"first","9":"instock","10":"taxable","11":"shipping-taxable","12":"purchasable","13":"product-type-simple","14":"add-to-wishlist-after_add_to_cart"},"acf":[],"_links":{"self":[{"href":"https:\/\/compraencieza.es\/en\/wp-json\/wp\/v2\/product\/6194","targetHints":{"allow":["GET"]}}],"collection":[{"href":"https:\/\/compraencieza.es\/en\/wp-json\/wp\/v2\/product"}],"about":[{"href":"https:\/\/compraencieza.es\/en\/wp-json\/wp\/v2\/types\/product"}],"replies":[{"embeddable":true,"href":"https:\/\/compraencieza.es\/en\/wp-json\/wp\/v2\/comments?post=6194"}],"wp:featuredmedia":[{"embeddable":true,"href":"https:\/\/compraencieza.es\/en\/wp-json\/wp\/v2\/media\/6250"}],"wp:attachment":[{"href":"https:\/\/compraencieza.es\/en\/wp-json\/wp\/v2\/media?parent=6194"}],"wp:term":[{"taxonomy":"product_cat","embeddable":true,"href":"https:\/\/compraencieza.es\/en\/wp-json\/wp\/v2\/product_cat?post=6194"},{"taxonomy":"product_tag","embeddable":true,"href":"https:\/\/compraencieza.es\/en\/wp-json\/wp\/v2\/product_tag?post=6194"},{"taxonomy":"product_brand","embeddable":true,"href":"https:\/\/compraencieza.es\/en\/wp-json\/wp\/v2\/genre?post=6194"}],"curies":[{"name":"wp","href":"https:\/\/api.w.org\/{rel}","templated":true}]}}