{"id":6195,"date":"2025-01-10T10:54:51","date_gmt":"2025-01-10T09:54:51","guid":{"rendered":"https:\/\/compraencieza.es\/?post_type=product&#038;p=6195"},"modified":"2025-01-10T11:06:23","modified_gmt":"2025-01-10T10:06:23","slug":"champu-anticaida-skull-men-200-ml","status":"publish","type":"product","link":"https:\/\/compraencieza.es\/en\/product\/champu-anticaida-skull-men-200-ml\/","title":{"rendered":"Champ\u00fa Antica\u00edda Skull Men 200 ml"},"content":{"rendered":"<p>Si sientes que tu cabello est\u00e1 perdiendo la fuerza y se cae con m\u00e1s frecuencia, puedes utilizar nuestro champ\u00fa Antica\u00edda para estimular el crecimiento al mismo tiempo que controla la ca\u00edda.<strong>\u00a0<\/strong><\/p>\n<p><strong>PRINCIPIOS ACTIVOS:<\/strong><\/p>\n<p>Menta Verdelis: Anti bacteriano, vasodilatador y descongestivo.<\/p>\n<p>Kopexil: Regenera los fol\u00edculos y reduce la ca\u00edda del cabello.<\/p>\n<p><strong>CARACTER\u00cdSTICAS:<\/strong><\/p>\n<p>Activa el riesgo sangu\u00edneo favoreciendo el crecimiento.<\/p>\n<p>Reduce la tensi\u00f3n y descongestiona el cuero cabelludo.<\/p>\n<p>Limpia en profundidad.<\/p>\n<p><strong>MODO DE USO:<\/strong><\/p>\n<p>Aplicar una peque\u00f1a cantidad sobre el cabello mojado,\u00a0masajear suavemente y aclarar abundantemente. Repetir el proceso con un tiempo de exposici\u00f3n de 2&#8242;.<\/p>\n<p><strong>CONSEJO:\u00a0<\/strong>Dejar actuar por dos minutos antes de aclarar. Repartir por todo el cabello masajeando en forma circular.<\/p>\n<p>Formato: 200ml<\/p>","protected":false},"excerpt":{"rendered":"<p>Si sientes que tu cabello est\u00e1 perdiendo la fuerza y se cae con m\u00e1s frecuencia, puedes utilizar nuestro champ\u00fa Antica\u00edda para estimular el crecimiento al mismo tiempo que controla la ca\u00edda.\u00a0 PRINCIPIOS ACTIVOS: Menta Verdelis: Anti bacteriano, vasodilatador y descongestivo. Kopexil: Regenera los fol\u00edculos y reduce la ca\u00edda del cabello. CARACTER\u00cdSTICAS: Activa el riesgo sangu\u00edneo [&hellip;]<\/p>","protected":false},"featured_media":6251,"comment_status":"open","ping_status":"closed","template":"","meta":{"_acf_changed":false,"inline_featured_image":false},"product_cat":[105],"product_tag":[],"genre":[],"class_list":{"0":"post-6195","1":"product","2":"type-product","3":"status-publish","4":"has-post-thumbnail","6":"product_cat-salud","8":"first","9":"instock","10":"taxable","11":"shipping-taxable","12":"purchasable","13":"product-type-simple","14":"add-to-wishlist-after_add_to_cart"},"acf":[],"_links":{"self":[{"href":"https:\/\/compraencieza.es\/en\/wp-json\/wp\/v2\/product\/6195","targetHints":{"allow":["GET"]}}],"collection":[{"href":"https:\/\/compraencieza.es\/en\/wp-json\/wp\/v2\/product"}],"about":[{"href":"https:\/\/compraencieza.es\/en\/wp-json\/wp\/v2\/types\/product"}],"replies":[{"embeddable":true,"href":"https:\/\/compraencieza.es\/en\/wp-json\/wp\/v2\/comments?post=6195"}],"wp:featuredmedia":[{"embeddable":true,"href":"https:\/\/compraencieza.es\/en\/wp-json\/wp\/v2\/media\/6251"}],"wp:attachment":[{"href":"https:\/\/compraencieza.es\/en\/wp-json\/wp\/v2\/media?parent=6195"}],"wp:term":[{"taxonomy":"product_cat","embeddable":true,"href":"https:\/\/compraencieza.es\/en\/wp-json\/wp\/v2\/product_cat?post=6195"},{"taxonomy":"product_tag","embeddable":true,"href":"https:\/\/compraencieza.es\/en\/wp-json\/wp\/v2\/product_tag?post=6195"},{"taxonomy":"product_brand","embeddable":true,"href":"https:\/\/compraencieza.es\/en\/wp-json\/wp\/v2\/genre?post=6195"}],"curies":[{"name":"wp","href":"https:\/\/api.w.org\/{rel}","templated":true}]}}